{"id":2182,"date":"2021-12-03T19:24:08","date_gmt":"2021-12-03T18:24:08","guid":{"rendered":"https:\/\/www.apartmany-termal.sk\/samorin\/"},"modified":"2021-12-03T19:24:08","modified_gmt":"2021-12-03T18:24:08","slug":"samorin","status":"publish","type":"page","link":"https:\/\/www.apartmany-termal.sk\/cs\/samorin\/","title":{"rendered":"\u0160amor\u00edn"},"content":{"rendered":"<!--themify_builder_content-->\n<div id=\"themify_builder_content-2182\" data-postid=\"2182\" class=\"themify_builder_content themify_builder_content-2182 themify_builder tf_clear\">\n    \t<!-- module_row -->\n\t<div  data-lazy=\"1\" class=\"module_row themify_builder_row repeat tb_rxe9396 tb_first tf_clearfix\" >\n\t    \t\t<div class=\"row_inner col_align_middle tf_box tf_w tf_rel\">\n\t\t\t<div  data-lazy=\"1\" class=\"module_column tb-column col4-1 first tb_inwx397 tf_box\">\n\t\t\t    \t<\/div>\n\t\t<div  data-lazy=\"1\" class=\"module_column tb-column col4-2 middle tb_rj8i292 tf_box\">\n\t\t\t    \t        <div class=\"tb-column-inner tf_box tf_w\">\n\t\t    <!-- module text -->\n<div  class=\"module module-text tb_0kdl808   \" data-lazy=\"1\">\n        <div  class=\"tb_text_wrap\">\n    <div class=\"reserve_banner_text\">REZERVUJTE TERAZ A GARANTUJEME V\u00c1M TIE NAJLEP\u0160IE CENY !<\/div>    <\/div>\n<\/div>\n<!-- \/module text -->\t        <\/div>\n\t    \t<\/div>\n\t\t<div  data-lazy=\"1\" class=\"module_column tb-column col4-1 last tb_ukxd406 tf_box\">\n\t\t\t    \t        <div class=\"tb-column-inner tf_box tf_w\">\n\t\t    <!-- module buttons -->\n<div  class=\"module module-buttons tb_w239326 buttons-horizontal solid  rounded\" data-lazy=\"1\">\n    \t<div class=\"module-buttons-item tf_inline_b\">\n\t\t\t\t\t\t\t<a href=\"https:\/\/themify.me\/\" class=\"ui builder_button transparent\" target=\"_blank\" rel=\"noopener\">\n\t\t\t\t\t\t\t\t\t\t\t<span class=\"tf_inline_b tf_vmiddle\">Rezervova\u0165<\/span>\n\t\t\t\t\t\t\t\t\t\t\t<\/a>\n\t\t\t    \t<\/div>\n\t<\/div>\n<!-- \/module buttons -->\n\t        <\/div>\n\t    \t<\/div>\n\t\t    <\/div>\n\t    <!-- \/row_inner -->\n\t<\/div>\n\t<!-- \/module_row -->\n\t\t<!-- module_row -->\n\t<div  data-lazy=\"1\" class=\"module_row themify_builder_row tb_8yrt137 tf_clearfix\" >\n\t    \t\t<div class=\"row_inner col_align_middle tf_box tf_w tf_rel\">\n\t\t\t<div  data-lazy=\"1\" class=\"module_column tb-column col-full first tb_jauq137 tf_box\">\n\t\t\t    \t        <div class=\"tb-column-inner tf_box tf_w\">\n\t\t    <!-- module video -->\n<div  class=\"module module-video tb_cr7u503 video-top  \" data-lazy=\"1\" data-url=\"https:\/\/youtu.be\/WJ_DfS1XMTY\">\n    \t\t\t\t<div class=\"video-wrap-outer\">\n\t\t\t<div class=\"video-wrap tf_rel tf_overflow\">\n\t\t\t\t\t\t\t<\/div>\n\t\t\t<!-- \/video-wrap -->\n\t\t<\/div>\n\t\t<!-- \/video-wrap-outer -->\n\t\t\t<\/div>\n<!-- module text -->\n<div  class=\"module module-text tb_cpyp138   \" data-lazy=\"1\">\n        <div  class=\"tb_text_wrap\">\n    <h1><strong>\u0160amor\u00edn<\/strong><\/h1>\n<p>\u0160amor\u00edn (po ma\u010farsky\u00a0 <strong>Somorja<\/strong>, po nemecky Sommerein je malebn\u00e9 meste\u010dko na ju\u017enom Slovensku le\u017eiace v ne\u010falekom bl\u00edzkosti term\u00e1lnych k\u00fape\u013eov <a href=\"https:\/\/www.apartmany-termal.sk\/thermalpark-dunajska-streda\/\">Thermal Park Dunajsk\u00e1 Streda<\/a> a 4 hviezdi\u010dkov\u00e9ho ubytovanie Apartm\u00e1ny Term\u00e1l, ktor\u00e9 pon\u00faka v\u00fdhodn\u00e9 <a href=\"https:\/\/www.apartmany-termal.sk\/ponuky\/\">wellness pobyty<\/a>.\u00a0<\/p>\n<h2><strong>Dejiny<\/strong><\/h2>\n<p>\u0160amor\u00edn vznikol na brehu ramena Dunaja. Prv\u00e1 zmienka je z roku 1238. V 14. storo\u010d\u00ed sa \u0160amor\u00edn stal centrom obchodu <a href=\"https:\/\/sk.wikipedia.org\/wiki\/%C5%BDitn%C3%BD_ostrov\" target=\"_blank\" rel=\"noopener\">\u017ditn\u00e9ho ostrova<\/a> a v roku 1405 od \u017digmunda Luxembursk\u00e9ho toto mesto z\u00edskalo v\u00fdsady kr\u00e1\u013eovsk\u00e9ho mesta. V 17. storo\u010d\u00ed bol \u0160amor\u00edn ob\u00fdvan\u00fd preva\u017ene Nemcami\u00a0 protestantsk\u00e9ho vierovyznania. Na konci 19. storo\u010dia nastal v meste rozmach vzdelania a kult\u00fary.\u00a0<\/p>\n<h3>\u00a0<\/h3>\n<h3><strong>\u0160amor\u00edn dnes<\/strong><\/h3>\n<p>Po vybudovan\u00ed <a href=\"https:\/\/www.apartmany-termal.sk\/vodne-dielo-gabcikovo\/\">vodn\u00e9ho diela Gab\u010d\u00edkovo<\/a> sa vybudoval pr\u00edvodn\u00fd kan\u00e1l, ktor\u00fd pon\u00faka mno\u017estvo vodn\u00fdch \u0161portov v okol\u00ed mesta. Po hr\u00e1dzi Dunaja vedie aj medzin\u00e1rodn\u00e1 Dunajsk\u00e1 cyklistick\u00e1 cesta.<\/p>\n<h2>\u00a0<\/h2>\n<h2><strong>Symboly mesta<\/strong><\/h2>\n<p>Symbolmi mesta \u0160amor\u00edn s\u00fa erb mesta, vlajka mesta a pe\u010da\u0165 mesta.<\/p>\n<p>Erb mesta tvor\u00ed strieborn\u00fd ranogotick\u00fd \u0161t\u00edt s Pannou M\u00e1riou so zlatou korunou na hlave, oble\u010denou do dlh\u00e9ho bohato nazberan\u00e9ho modr\u00e9ho pl\u00e1\u0161\u0165a, na dolnom okraji pl\u00e1\u0161\u0165a a okolo hlavy vidie\u0165 zlat\u00fa pod\u0161\u00edvku a do bohato nazberan\u00fdch \u0161iat sed\u00ed na zlatej lavici a je oto\u010den\u00e1 trochu do\u013eava. Pravou rukou dr\u017e\u00ed zlat\u00e9 \u017eezlo. Na \u013eavej strane v jej n\u00e1ru\u010d\u00ed sed\u00ed die\u0165a Je\u017ei\u0161, m\u00e1 strieborn\u00e9 telo so zlatou sv\u00e4to\u017eiarou okolo hlavy, v \u013eavej ruke dr\u017eiac zlat\u00e9 jablko s kr\u00ed\u017eikom. Prav\u00e1 ruka Je\u017ei\u0161ka je polo\u017een\u00e1 na prav\u00fa ruku Panny M\u00e1rie. Horn\u00e9 ukon\u010denia \u017eezla a koruny je pozna\u010den\u00e9 ranogotick\u00fdm \u0161t\u00fdlom.<\/p>    <\/div>\n<\/div>\n<!-- \/module text --><!-- module image -->\n<div  class=\"module module-image tb_jh55609   image-center tf_mw\" data-lazy=\"1\">\n        <div class=\"image-wrap tf_rel tf_mw\">\n\t\t    <img decoding=\"async\" src=\"https:\/\/www.apartmany-termal.sk\/wp-content\/uploads\/2021\/12\/samorin-erb-883x1024-200x232.png\" width=\"200\" height=\"232\" class=\"wp-post-image wp-image-1621\" title=\"samorin erb\" alt=\"\u0161amor\u00edn bl\u00edzko k\u00fape\u013eov\" srcset=\"https:\/\/www.apartmany-termal.sk\/wp-content\/uploads\/2021\/12\/samorin-erb-883x1024-200x232.png 200w, https:\/\/www.apartmany-termal.sk\/wp-content\/uploads\/2021\/12\/samorin-erb-259x300.png 259w, https:\/\/www.apartmany-termal.sk\/wp-content\/uploads\/2021\/12\/samorin-erb-883x1024.png 883w, https:\/\/www.apartmany-termal.sk\/wp-content\/uploads\/2021\/12\/samorin-erb-768x891.png 768w, https:\/\/www.apartmany-termal.sk\/wp-content\/uploads\/2021\/12\/samorin-erb.png 1200w\" sizes=\"(max-width: 200px) 100vw, 200px\" \/>\t\n\t\t<\/div>\n\t<!-- \/image-wrap -->\n    \n    \t<\/div>\n<!-- \/module image --><!-- module text -->\n<div  class=\"module module-text tb_i2yj196   \" data-lazy=\"1\">\n        <div  class=\"tb_text_wrap\">\n    <h1>x-bionic sphere<\/h1>\n<p><a href=\"https:\/\/www.x-bionicsphere.com\/\" target=\"_blank\" rel=\"noopener\">x-bionic\u00ae sphere<\/a> je multifunk\u010dn\u00fd rezort pre \u0161port a relax. Na svoje si tu pr\u00eddu profesion\u00e1lni aj amat\u00e9rski \u0161portovci a t\u00edmy, akt\u00edvni \u013eudia i rodiny s de\u0165mi. Sp\u00e1ja sa tu z\u00e1\u013euba v zdravom \u017eivotnom \u0161t\u00fdle, olympijsk\u00e9 vybavenie na svetovej \u00farovni a \u0161irok\u00e9 mo\u017enosti relaxu s rodinou, priate\u013emi \u010di kolegami.<\/p>\n<h2>\u00a0<\/h2>\n<h2>\u010co v \u0160amor\u00edne nav\u0161t\u00edvi\u0165<\/h2>\n<h3>Pamiatky<\/h3>\n<p><strong>Reformovan\u00fd kostol &#8211; c<\/strong>hr\u00e1m predstavuje jednu z najv\u00fdznamnej\u0161\u00edch sakr\u00e1lnych stavieb na \u017ditnom ostrove. V stredovekom interi\u00e9ri sa nach\u00e1dza komplikovan\u00e1 neskorogotick\u00e1 klenba. Dochovali sa tu stredovek\u00e9 architektonick\u00e9 prvky ako kamenn\u00e1 kazate\u013enica v presbyt\u00e9riu, rom\u00e1nske sed\u00edlie so stredn\u00fdm st\u013apikom, pastof\u00f3rium s polpostavou Krista.<\/p>\n<p><strong>R\u00edmskokatol\u00edcky kostol sv. Margity Antiochijskej v \u010dasti \u0160\u00e1mot &#8211; <\/strong>rom\u00e1nska stavba z doby okolo roku 1260. Od roku 1950 sl\u00fa\u017eil kostol nevhodne ako sklad obilia. Pamiatkovou obnovou pre\u0161iel v rokoch 1983-1984. V posledn\u00fdch rokoch prebieha jeho op\u00e4tovn\u00e1 obnova.<\/p>\n<p>Nach\u00e1dza sa tu pastof\u00f3rium, p\u00f4vodn\u00e1 krstite\u013enica a na sten\u00e1ch s\u00fa vidite\u013en\u00e9 konsekra\u010dn\u00e9 kr\u00ed\u017ee.\u00a0<\/p>\n<p>\u00a0<\/p>\n<p><strong>R\u00edmskokatol\u00edcky kostol Nanebovzatia Panny M\u00e1rie s kl\u00e1\u0161torom paul\u00e1nov &#8211; <\/strong>neskorobarokov\u00e1 stavba z rokov 1721-1736. Nach\u00e1dza sa tu barokov\u00fd hlavn\u00fd olt\u00e1r, kazate\u013enica a ma\u013eba od F. Sogrista z roku 1778, ktor\u00e1 zachyt\u00e1va v\u00fdjavy zo \u017eivota sv. Franti\u0161ka z Pauly. Organ je hodnotn\u00e9 dielo Ludviga Moosera.<\/p>\n<p><strong>\u017didovsk\u00e1 synag\u00f3ga &#8211; <\/strong>dvojpodla\u017en\u00e1 stavba v eklektickom \u0161t\u00fdle s orient\u00e1lnymi prvkami z roku 1912.\u00a0<\/p>\n<p><br><strong>Kaplnka sv. Anny <\/strong>&#8211; neogotick\u00e1 stavba z roku 1873.\u00a0<\/p>\n<p>\u00a0<\/p>\n<h2>Ubytovanie v okol\u00ed \u0160amor\u00ednu<\/h2>\n<p><a href=\"https:\/\/www.google.com\/maps\/dir\/Apartm%C3%A1ny+-+Term%C3%A1l,+Gab%C4%8D%C3%ADkovsk%C3%A1+cesta,+Dunajsk%C3%A1+Streda,+Slovensko\/%C5%A0amor%C3%ADn,+Slovakia\/@47.9878541,17.3915887,12z\/data=!3m1!4b1!4m14!4m13!1m5!1m1!1s0x476b9d6a775c9be1:0x78cefa3f26324b75!2m2!1d17.6068849!2d47.9849376!1m5!1m1!1s0x476c7e4ad58ab863:0x400f7d1c696e1a0!2m2!1d17.3138117!2d48.0280123!3e0\" target=\"_blank\" rel=\"noopener\">20 min\u00fat autom od \u0160amor\u00ednu<\/a> sa nach\u00e1dza luxusn\u00e9 ubytovanie v 4. hviezdi\u010dkovom hotely Apartm\u00e1ny Term\u00e1l v tesnej bl\u00edzkosti Thermal Parku Dunajsk\u00e1 Streda.\u00a0<\/p>    <\/div>\n<\/div>\n<!-- \/module text --><!-- module video -->\n<div  class=\"module module-video tb_rigg183 video-top  \" data-lazy=\"1\" data-url=\"https:\/\/youtu.be\/BtfqGHvi_KM\">\n    \t\t\t\t<div class=\"video-wrap-outer\">\n\t\t\t<div class=\"video-wrap tf_rel tf_overflow\">\n\t\t\t\t\t\t\t<\/div>\n\t\t\t<!-- \/video-wrap -->\n\t\t<\/div>\n\t\t<!-- \/video-wrap-outer -->\n\t\t\t<\/div>\n\t        <\/div>\n\t    \t<\/div>\n\t\t    <\/div>\n\t    <!-- \/row_inner -->\n\t<\/div>\n\t<!-- \/module_row -->\n\t<\/div>\n<!--\/themify_builder_content-->","protected":false},"excerpt":{"rendered":"<p>REZERVUJTE TERAZ A GARANTUJEME V\u00c1M TIE NAJLEP\u0160IE CENY ! Rezervova\u0165 \u0160amor\u00edn \u0160amor\u00edn (po ma\u010farsky\u00a0 Somorja, po nemecky Sommerein je malebn\u00e9 meste\u010dko na ju\u017enom Slovensku le\u017eiace v ne\u010falekom bl\u00edzkosti term\u00e1lnych k\u00fape\u013eov Thermal Park Dunajsk\u00e1 Streda a 4 hviezdi\u010dkov\u00e9ho ubytovanie Apartm\u00e1ny Term\u00e1l, ktor\u00e9 pon\u00faka v\u00fdhodn\u00e9 wellness pobyty.\u00a0 Dejiny \u0160amor\u00edn vznikol na brehu ramena Dunaja. Prv\u00e1 zmienka je [&hellip;]<\/p>\n","protected":false},"author":1,"featured_media":0,"parent":0,"menu_order":0,"comment_status":"closed","ping_status":"closed","template":"","meta":{"footnotes":""},"class_list":["post-2182","page","type-page","status-publish","hentry","has-post-title","has-post-date","has-post-category","has-post-tag","has-post-comment","has-post-author",""],"builder_content":"REZERVUJTE TERAZ A GARANTUJEME V\u00c1M TIE NAJLEP\u0160IE CENY !\n<a href=\"https:\/\/themify.me\/\" > Rezervova\u0165 <\/a>\n\n<h1><strong>\u0160amor\u00edn<\/strong><\/h1> <p>\u0160amor\u00edn (po ma\u010farsky\u00a0 <strong>Somorja<\/strong>, po nemecky Sommerein je malebn\u00e9 meste\u010dko na ju\u017enom Slovensku le\u017eiace v ne\u010falekom bl\u00edzkosti term\u00e1lnych k\u00fape\u013eov <a href=\"https:\/\/www.apartmany-termal.sk\/thermalpark-dunajska-streda\/\">Thermal Park Dunajsk\u00e1 Streda<\/a> a 4 hviezdi\u010dkov\u00e9ho ubytovanie Apartm\u00e1ny Term\u00e1l, ktor\u00e9 pon\u00faka v\u00fdhodn\u00e9 <a href=\"https:\/\/www.apartmany-termal.sk\/ponuky\/\">wellness pobyty<\/a>.\u00a0<\/p> <h2><strong>Dejiny<\/strong><\/h2> <p>\u0160amor\u00edn vznikol na brehu ramena Dunaja. Prv\u00e1 zmienka je z roku 1238. V 14. storo\u010d\u00ed sa \u0160amor\u00edn stal centrom obchodu <a href=\"https:\/\/sk.wikipedia.org\/wiki\/%C5%BDitn%C3%BD_ostrov\">\u017ditn\u00e9ho ostrova<\/a> a v roku 1405 od \u017digmunda Luxembursk\u00e9ho toto mesto z\u00edskalo v\u00fdsady kr\u00e1\u013eovsk\u00e9ho mesta. V 17. storo\u010d\u00ed bol \u0160amor\u00edn ob\u00fdvan\u00fd preva\u017ene Nemcami\u00a0 protestantsk\u00e9ho vierovyznania. Na konci 19. storo\u010dia nastal v meste rozmach vzdelania a kult\u00fary.\u00a0<\/p> <h3>\u00a0<\/h3> <h3><strong>\u0160amor\u00edn dnes<\/strong><\/h3> <p>Po vybudovan\u00ed <a href=\"https:\/\/www.apartmany-termal.sk\/vodne-dielo-gabcikovo\/\">vodn\u00e9ho diela Gab\u010d\u00edkovo<\/a> sa vybudoval pr\u00edvodn\u00fd kan\u00e1l, ktor\u00fd pon\u00faka mno\u017estvo vodn\u00fdch \u0161portov v okol\u00ed mesta. Po hr\u00e1dzi Dunaja vedie aj medzin\u00e1rodn\u00e1 Dunajsk\u00e1 cyklistick\u00e1 cesta.<\/p> <h2>\u00a0<\/h2> <h2><strong>Symboly mesta<\/strong><\/h2> <p>Symbolmi mesta \u0160amor\u00edn s\u00fa erb mesta, vlajka mesta a pe\u010da\u0165 mesta.<\/p> <p>Erb mesta tvor\u00ed strieborn\u00fd ranogotick\u00fd \u0161t\u00edt s Pannou M\u00e1riou so zlatou korunou na hlave, oble\u010denou do dlh\u00e9ho bohato nazberan\u00e9ho modr\u00e9ho pl\u00e1\u0161\u0165a, na dolnom okraji pl\u00e1\u0161\u0165a a okolo hlavy vidie\u0165 zlat\u00fa pod\u0161\u00edvku a do bohato nazberan\u00fdch \u0161iat sed\u00ed na zlatej lavici a je oto\u010den\u00e1 trochu do\u013eava. Pravou rukou dr\u017e\u00ed zlat\u00e9 \u017eezlo. Na \u013eavej strane v jej n\u00e1ru\u010d\u00ed sed\u00ed die\u0165a Je\u017ei\u0161, m\u00e1 strieborn\u00e9 telo so zlatou sv\u00e4to\u017eiarou okolo hlavy, v \u013eavej ruke dr\u017eiac zlat\u00e9 jablko s kr\u00ed\u017eikom. Prav\u00e1 ruka Je\u017ei\u0161ka je polo\u017een\u00e1 na prav\u00fa ruku Panny M\u00e1rie. Horn\u00e9 ukon\u010denia \u017eezla a koruny je pozna\u010den\u00e9 ranogotick\u00fdm \u0161t\u00fdlom.<\/p>\n<img decoding=\"async\" src=\"https:\/\/www.apartmany-termal.sk\/wp-content\/uploads\/2021\/12\/samorin-erb-883x1024-200x232.png\" width=\"200\" height=\"232\" title=\"samorin erb\" alt=\"\u0161amor\u00edn bl\u00edzko k\u00fape\u013eov\" srcset=\"https:\/\/www.apartmany-termal.sk\/wp-content\/uploads\/2021\/12\/samorin-erb-883x1024-200x232.png 200w, https:\/\/www.apartmany-termal.sk\/wp-content\/uploads\/2021\/12\/samorin-erb-259x300.png 259w, https:\/\/www.apartmany-termal.sk\/wp-content\/uploads\/2021\/12\/samorin-erb-883x1024.png 883w, https:\/\/www.apartmany-termal.sk\/wp-content\/uploads\/2021\/12\/samorin-erb-768x891.png 768w, https:\/\/www.apartmany-termal.sk\/wp-content\/uploads\/2021\/12\/samorin-erb.png 1200w\" sizes=\"(max-width: 200px) 100vw, 200px\" \/>\n<h1>x-bionic sphere<\/h1> <p><a href=\"https:\/\/www.x-bionicsphere.com\/\">x-bionic\u00ae sphere<\/a> je multifunk\u010dn\u00fd rezort pre \u0161port a relax. Na svoje si tu pr\u00eddu profesion\u00e1lni aj amat\u00e9rski \u0161portovci a t\u00edmy, akt\u00edvni \u013eudia i rodiny s de\u0165mi. Sp\u00e1ja sa tu z\u00e1\u013euba v zdravom \u017eivotnom \u0161t\u00fdle, olympijsk\u00e9 vybavenie na svetovej \u00farovni a \u0161irok\u00e9 mo\u017enosti relaxu s rodinou, priate\u013emi \u010di kolegami.<\/p> <h2>\u00a0<\/h2> <h2>\u010co v \u0160amor\u00edne nav\u0161t\u00edvi\u0165<\/h2> <h3>Pamiatky<\/h3> <p><strong>Reformovan\u00fd kostol - c<\/strong>hr\u00e1m predstavuje jednu z najv\u00fdznamnej\u0161\u00edch sakr\u00e1lnych stavieb na \u017ditnom ostrove. V stredovekom interi\u00e9ri sa nach\u00e1dza komplikovan\u00e1 neskorogotick\u00e1 klenba. Dochovali sa tu stredovek\u00e9 architektonick\u00e9 prvky ako kamenn\u00e1 kazate\u013enica v presbyt\u00e9riu, rom\u00e1nske sed\u00edlie so stredn\u00fdm st\u013apikom, pastof\u00f3rium s polpostavou Krista.<\/p> <p><strong>R\u00edmskokatol\u00edcky kostol sv. Margity Antiochijskej v \u010dasti \u0160\u00e1mot - <\/strong>rom\u00e1nska stavba z doby okolo roku 1260. Od roku 1950 sl\u00fa\u017eil kostol nevhodne ako sklad obilia. Pamiatkovou obnovou pre\u0161iel v rokoch 1983-1984. V posledn\u00fdch rokoch prebieha jeho op\u00e4tovn\u00e1 obnova.<\/p> <p>Nach\u00e1dza sa tu pastof\u00f3rium, p\u00f4vodn\u00e1 krstite\u013enica a na sten\u00e1ch s\u00fa vidite\u013en\u00e9 konsekra\u010dn\u00e9 kr\u00ed\u017ee.\u00a0<\/p> <p>\u00a0<\/p> <p><strong>R\u00edmskokatol\u00edcky kostol Nanebovzatia Panny M\u00e1rie s kl\u00e1\u0161torom paul\u00e1nov - <\/strong>neskorobarokov\u00e1 stavba z rokov 1721-1736. Nach\u00e1dza sa tu barokov\u00fd hlavn\u00fd olt\u00e1r, kazate\u013enica a ma\u013eba od F. Sogrista z roku 1778, ktor\u00e1 zachyt\u00e1va v\u00fdjavy zo \u017eivota sv. Franti\u0161ka z Pauly. Organ je hodnotn\u00e9 dielo Ludviga Moosera.<\/p> <p><strong>\u017didovsk\u00e1 synag\u00f3ga - <\/strong>dvojpodla\u017en\u00e1 stavba v eklektickom \u0161t\u00fdle s orient\u00e1lnymi prvkami z roku 1912.\u00a0<\/p> <p><br><strong>Kaplnka sv. Anny <\/strong>- neogotick\u00e1 stavba z roku 1873.\u00a0<\/p> <p>\u00a0<\/p> <h2>Ubytovanie v okol\u00ed \u0160amor\u00ednu<\/h2> <p><a href=\"https:\/\/www.google.com\/maps\/dir\/Apartm%C3%A1ny+-+Term%C3%A1l,+Gab%C4%8D%C3%ADkovsk%C3%A1+cesta,+Dunajsk%C3%A1+Streda,+Slovensko\/%C5%A0amor%C3%ADn,+Slovakia\/@47.9878541,17.3915887,12z\/data=!3m1!4b1!4m14!4m13!1m5!1m1!1s0x476b9d6a775c9be1:0x78cefa3f26324b75!2m2!1d17.6068849!2d47.9849376!1m5!1m1!1s0x476c7e4ad58ab863:0x400f7d1c696e1a0!2m2!1d17.3138117!2d48.0280123!3e0\">20 min\u00fat autom od \u0160amor\u00ednu<\/a> sa nach\u00e1dza luxusn\u00e9 ubytovanie v 4. hviezdi\u010dkovom hotely Apartm\u00e1ny Term\u00e1l v tesnej bl\u00edzkosti Thermal Parku Dunajsk\u00e1 Streda.\u00a0<\/p>\n","_links":{"self":[{"href":"https:\/\/www.apartmany-termal.sk\/cs\/wp-json\/wp\/v2\/pages\/2182","targetHints":{"allow":["GET"]}}],"collection":[{"href":"https:\/\/www.apartmany-termal.sk\/cs\/wp-json\/wp\/v2\/pages"}],"about":[{"href":"https:\/\/www.apartmany-termal.sk\/cs\/wp-json\/wp\/v2\/types\/page"}],"author":[{"embeddable":true,"href":"https:\/\/www.apartmany-termal.sk\/cs\/wp-json\/wp\/v2\/users\/1"}],"replies":[{"embeddable":true,"href":"https:\/\/www.apartmany-termal.sk\/cs\/wp-json\/wp\/v2\/comments?post=2182"}],"version-history":[{"count":0,"href":"https:\/\/www.apartmany-termal.sk\/cs\/wp-json\/wp\/v2\/pages\/2182\/revisions"}],"wp:attachment":[{"href":"https:\/\/www.apartmany-termal.sk\/cs\/wp-json\/wp\/v2\/media?parent=2182"}],"curies":[{"name":"wp","href":"https:\/\/api.w.org\/{rel}","templated":true}]}}