{"id":306,"date":"2021-08-07T22:25:01","date_gmt":"2021-08-07T20:25:01","guid":{"rendered":"https:\/\/www.apartmany-termal.sk\/vodne-dielo-gabcikovo\/"},"modified":"2022-03-02T16:06:18","modified_gmt":"2022-03-02T15:06:18","slug":"vodne-dielo-gabcikovo","status":"publish","type":"page","link":"https:\/\/www.apartmany-termal.sk\/cs\/vodne-dielo-gabcikovo\/","title":{"rendered":"VODN\u00c9 DIELO GAB\u010c\u00cdKOVO"},"content":{"rendered":"<h1 class=\"wp-block-heading\">                                                           VODN\u00c9 DIELO GAB\u010c\u00cdKOVO<\/h1>\n\n<!--themify_builder_content-->\n<div id=\"themify_builder_content-306\" data-postid=\"306\" class=\"themify_builder_content themify_builder_content-306 themify_builder tf_clear\">\n    \t<!-- module_row -->\n\t<div  data-lazy=\"1\" class=\"module_row themify_builder_row repeat tb_rxe9396 tb_first tf_clearfix\" >\n\t    \t\t<div class=\"row_inner col_align_middle tf_box tf_w tf_rel\">\n\t\t\t<div  data-lazy=\"1\" class=\"module_column tb-column col4-1 first tb_inwx397 tf_box\">\n\t\t\t    \t<\/div>\n\t\t<div  data-lazy=\"1\" class=\"module_column tb-column col4-2 middle tb_rj8i292 tf_box\">\n\t\t\t    \t        <div class=\"tb-column-inner tf_box tf_w\">\n\t\t    <!-- module text -->\n<div  class=\"module module-text tb_0kdl808   \" data-lazy=\"1\">\n        <div  class=\"tb_text_wrap\">\n    <div class=\"reserve_banner_text\">REZERVUJTE TERAZ A GARANTUJEME V\u00c1M TIE NAJLEP\u0160IE CENY !<\/div>    <\/div>\n<\/div>\n<!-- \/module text -->\t        <\/div>\n\t    \t<\/div>\n\t\t<div  data-lazy=\"1\" class=\"module_column tb-column col4-1 last tb_ukxd406 tf_box\">\n\t\t\t    \t        <div class=\"tb-column-inner tf_box tf_w\">\n\t\t    <!-- module buttons -->\n<div  class=\"module module-buttons tb_w239326 buttons-horizontal solid  rounded\" data-lazy=\"1\">\n    \t<div class=\"module-buttons-item tf_inline_b\">\n\t\t\t\t\t\t\t<a href=\"https:\/\/themify.me\/\" class=\"ui builder_button transparent\" target=\"_blank\" rel=\"noopener\">\n\t\t\t\t\t\t\t\t\t\t\t<span class=\"tf_inline_b tf_vmiddle\">Rezervova\u0165<\/span>\n\t\t\t\t\t\t\t\t\t\t\t<\/a>\n\t\t\t    \t<\/div>\n\t<\/div>\n<!-- \/module buttons -->\n\t        <\/div>\n\t    \t<\/div>\n\t\t    <\/div>\n\t    <!-- \/row_inner -->\n\t<\/div>\n\t<!-- \/module_row -->\n\t\t<!-- module_row -->\n\t<div  data-lazy=\"1\" class=\"module_row themify_builder_row tb_8yrt137 tf_clearfix\" >\n\t    \t\t<div class=\"row_inner col_align_middle tf_box tf_w tf_rel\">\n\t\t\t<div  data-lazy=\"1\" class=\"module_column tb-column col-full first tb_jauq137 tf_box\">\n\t\t\t    \t        <div class=\"tb-column-inner tf_box tf_w\">\n\t\t    <!-- module video -->\n<div  class=\"module module-video tb_cr7u503 video-top  \" data-lazy=\"1\" data-url=\"https:\/\/youtu.be\/VoKxMGLqKbM\">\n    \t\t\t\t<div class=\"video-wrap-outer\">\n\t\t\t<div class=\"video-wrap tf_rel tf_overflow\">\n\t\t\t\t\t\t\t<\/div>\n\t\t\t<!-- \/video-wrap -->\n\t\t<\/div>\n\t\t<!-- \/video-wrap-outer -->\n\t\t\t<\/div>\n<!-- module text -->\n<div  class=\"module module-text tb_cpyp138   \" data-lazy=\"1\">\n        <div  class=\"tb_text_wrap\">\n    <p><a href=\"https:\/\/sk.wikipedia.org\/wiki\/Gab%C4%8D%C3%ADkovo_(vodn%C3%A9_dielo)\" target=\"_blank\" rel=\"noopener\"><span style=\"font-weight: 400;\">Vodn\u00e9 dielo Gab\u010d\u00edkovo<\/span><\/a><span style=\"font-weight: 400;\"> patr\u00ed nepochybne k najzn\u00e1mej\u0161\u00edm stavb\u00e1m tohto typu na Slovensku. Vo v<\/span><span style=\"font-weight: 400;\">\u00fdrobe elektriny je <\/span><span style=\"font-weight: 400;\">Gab\u010d\u00edkovo<\/span><span style=\"font-weight: 400;\"> najv\u00e4\u010d\u0161ou elektr\u00e1r\u0148ou na na\u0161om \u00fazem\u00ed. <\/span><span style=\"font-weight: 400;\">Nach\u00e1dzaj\u00fa sa tu dve plavebn\u00e9 komory a vodn\u00e1 elektr\u00e1re\u0148. Stavba bola vybudovan\u00e1 pre viacer\u00e9 \u00fa\u010dely, ako je ochrana pred povod\u0148ami a v\u00fdroba elektrickej energie. <\/span><span style=\"font-weight: 400;\">Okrem praktick\u00fdch d\u00f4vodov v\u00fdstavby je v\u0161ak Vodn\u00e9 dielo Gab\u010d\u00edkovo a jeho okolie aj zauj\u00edmav\u00fdm miestom pre n\u00e1v\u0161tevu turistami a je vhodn\u00e9 <\/span><span style=\"font-weight: 400;\">na v\u00fdlet pre cel\u00fa rodinu.<\/span><\/p>\n<h2>\u00a0<\/h2>\n<h2><strong>Na \u010do sl\u00fa\u017ei vodn\u00e9 dielo?<\/strong><\/h2>\n<p><span style=\"font-weight: 400;\">Vodn\u00e9 dielo Gab\u010d\u00edkovo bolo vybudovan\u00e9 na druhej najdlh\u0161ej rieke Eur\u00f3py, na rieke Dunaj. <\/span><span style=\"font-weight: 400;\">Ide o viac\u00fa\u010delov\u00fa stavbu, ktor\u00e1 bolo vybudovan\u00e1 z <\/span><span style=\"font-weight: 400;\">viacer\u00fdch d\u00f4vodov:<\/span><\/p>\n<ul>\n<li style=\"font-weight: 400;\" aria-level=\"1\"><span style=\"font-weight: 400;\">ochrana \u00fazemia pred z\u00e1plavami, ktor\u00e9 sp\u00f4sobovali ve\u013ek\u00e9 \u0161kody<\/span><\/li>\n<li style=\"font-weight: 400;\" aria-level=\"1\"><span style=\"font-weight: 400;\">regul\u00e1cia v\u00fd\u0161ky hladiny Dunaja &#8211; dlhodob\u00e1 regul\u00e1cia zabezpe\u010duj\u00faca splavnos\u0165 rieky a do\u010dasn\u00e1 \u00faprava v\u00fd\u0161ky hladiny po\u010das kr\u00edzov\u00fdch situ\u00e1ci\u00ed<\/span><\/li>\n<li style=\"font-weight: 400;\" aria-level=\"1\"><span style=\"font-weight: 400;\">zlep\u0161enie environment\u00e1lnych parametrov &#8211; <\/span><span style=\"font-weight: 400;\">zabezpe\u010denie kvality pitnej vody <\/span><span style=\"font-weight: 400;\">a zastavenie poklesu podzemnej vody<\/span><\/li>\n<li style=\"font-weight: 400;\" aria-level=\"1\"><span style=\"font-weight: 400;\">v\u00fdroba elektrickej energie (asi 8% c<\/span><span style=\"font-weight: 400;\">elkovej spotreby energie na Slovensku a asi 12-15% v Ma\u010farsku)<\/span><\/li>\n<li style=\"font-weight: 400;\" aria-level=\"1\"><span style=\"font-weight: 400;\">rekrea\u010dn\u00fd a turistick\u00fd v\u00fdznam<\/span><\/li>\n<\/ul>\n<h2>\u00a0<\/h2>\n<h2><strong>Hist\u00f3ria elektr\u00e1rne\u00a0<\/strong><\/h2>\n<p><span style=\"font-weight: 400;\">U\u017e v polovici <\/span><a href=\"https:\/\/sk.wikipedia.org\/wiki\/19._storo%C4%8Die\" target=\"_blank\" rel=\"noopener\"><span style=\"font-weight: 400;\">19. storo\u010dia<\/span><\/a><span style=\"font-weight: 400;\"> sa vedelo, \u017ee je potrebn\u00e9 na rieke Dunaj vybudova\u0165 spo\u013eahliv\u00fa plavebn\u00fa dr\u00e1hu na dlh\u00fd \u010das. Najlep\u0161\u00edm variantom bolo plavbu vyrie\u0161i\u0165 odklonen\u00edm sa od p\u00f4vodn\u00e9ho koryta Dunaja a tento pl\u00e1n sa aj zrealizoval. Dunaj sa tak odkl\u00e1\u0148a zo zdr\u017ee Hru\u0161ov cez pr\u00edvodn\u00fd kan\u00e1l, hydrocentr\u00e1lu Gab\u010d\u00edkovo a odpadov\u00fd kan\u00e1l. Rozhodnutie podporila aj Dunajsk\u00e1 komisia, aby do\u0161lo k zlep\u0161eniu parametrick\u00fdch podmienok pre vodn\u00fa cestu medzi Bratislavou a Budape\u0161\u0165ou. Cel\u00fd proces ur\u00fdchlila ropn\u00e1 kr\u00edza v roku <\/span><a href=\"https:\/\/sk.wikipedia.org\/wiki\/1973\" target=\"_blank\" rel=\"noopener\"><span style=\"font-weight: 400;\">1973<\/span><\/a><span style=\"font-weight: 400;\">.<\/span><\/p>\n<p><span style=\"font-weight: 400;\">Vodn\u00e9 dielo sa budovalo od roku <\/span><a href=\"https:\/\/sk.wikipedia.org\/wiki\/1977\" target=\"_blank\" rel=\"noopener\"><span style=\"font-weight: 400;\">1977<\/span><\/a><span style=\"font-weight: 400;\">, p\u00f4vodne ako vodn\u00e9 dielo <\/span><strong>Gab\u010d\u00edkovo-Nagymaros<\/strong><span style=\"font-weight: 400;\"> na z\u00e1klade medzin\u00e1rodnej zmluvy. Hlavn\u00fdm d\u00f4vodom v\u00fdstavby bolo\u00a0 zabr\u00e1ni\u0165 pravideln\u00fdm z\u00e1plav\u00e1m v tejto oblasti. <\/span><\/p>\n<p><span style=\"font-weight: 400;\">Ma\u010farsko v\u0161ak v roku <\/span><a href=\"https:\/\/sk.wikipedia.org\/wiki\/1989\" target=\"_blank\" rel=\"noopener\"><span style=\"font-weight: 400;\">1989<\/span><\/a><span style=\"font-weight: 400;\"> bez ozn\u00e1menia ukon\u010dilo pr\u00e1ce na stavbe svojej \u010dasti. Vodn\u00e9 dielo bolo vtedy dokon\u010den\u00e9 u\u017e na 90 %. D<\/span><span style=\"font-weight: 400;\">\u00f4vodom boli protesty ob\u010danov, preto\u017ee stavbu vn\u00edmali ako symbol socializmu a tie\u017e argument, \u017ee dielo by v\u00fdrazne po\u0161kodilo \u017eivotn\u00e9 prostredie. <\/span><span style=\"font-weight: 400;\">Nere\u0161pektovanie zmluvn\u00e9ho projektu bolo n\u00e1sledne dlh\u00e9 roky predmetom medzin\u00e1rodn\u00e9ho pr\u00e1vneho sporu medzi Slovenskom a Ma\u010farskom.\u00a0<\/span><\/p>\n<p><span style=\"font-weight: 400;\">Medzin\u00e1rodn\u00fd s\u00fadny dvor v roku 1997 napokon rozhodol, \u017ee p\u00f4vodn\u00e1 zmluva st\u00e1le plat\u00ed a Ma\u010farsko nebolo opr\u00e1vnen\u00e9 pozastavi\u0165 pr\u00e1ce na vodnom diele. \u010cesko-Slovensko bolo preto prin\u00faten\u00e9 zmeni\u0165 p\u00f4vodn\u00e9 pl\u00e1ny a od novembra <\/span><a href=\"https:\/\/sk.wikipedia.org\/wiki\/1991\" target=\"_blank\" rel=\"noopener\"><span style=\"font-weight: 400;\">1991<\/span><\/a><span style=\"font-weight: 400;\"> realizova\u0165 len \u010das\u0165 diela pri Bratislave v pozmenenej podobe. Vodn\u00e9 dielo bolo uveden\u00e9 do prev\u00e1dzky v okt\u00f3bri <\/span><a href=\"https:\/\/sk.wikipedia.org\/wiki\/1992\" target=\"_blank\" rel=\"noopener\"><span style=\"font-weight: 400;\">1992<\/span><\/a><span style=\"font-weight: 400;\">, sekund\u00e1rne \u010dasti stavby\u00a0 ako <\/span><a href=\"https:\/\/sk.wikipedia.org\/wiki\/Vodn%C3%A1_elektr%C3%A1re%C5%88\" target=\"_blank\" rel=\"noopener\"><span style=\"font-weight: 400;\">elektr\u00e1re\u0148<\/span><\/a><span style=\"font-weight: 400;\"> v roku <\/span><a href=\"https:\/\/sk.wikipedia.org\/wiki\/1996\" target=\"_blank\" rel=\"noopener\"><span style=\"font-weight: 400;\">1996<\/span><\/a><span style=\"font-weight: 400;\">. <\/span><span style=\"font-weight: 400;\">Zdr\u017eanie vybudovania stup\u0148a Nagymaros v\u0161ak neumo\u017e\u0148uje vodnej elektr\u00e1rni pracova\u0165 v \u0161pi\u010dkovej prev\u00e1dzke.<\/span><\/p>\n<h2>\u00a0<\/h2>\n<h2><strong>Zauj\u00edmavosti<\/strong><\/h2>\n<p><span style=\"font-weight: 400;\">Pri n\u00e1v\u0161teve vodn\u00e9ho diela si priamo z mosta m\u00f4\u017eete pozrie\u0165 plavebn\u00e9 komory a ich nap\u013a\u0148anie. <\/span><span style=\"font-weight: 400;\">Z pr\u00edstavu v Gab\u010d\u00edkove alebo z Bratislavy je mo\u017en\u00e9 absolvova\u0165 vyhliadkov\u00fa plavbu osobnou lo\u010fou, po\u010das ktorej spozn\u00e1te pr\u00edrodn\u00e9 kr\u00e1sy Dunaja a pri\u013eahl\u00fdch miest. Dominantn\u00fdm a neprehliadnute\u013en\u00fdm prvkom vodn\u00e9ho diela je dozorn\u00e1 ve\u017ea. Z vyhliadkovej plo\u0161iny v jej dolnej \u010dasti sa v\u00e1m naskytne kr\u00e1sny v\u00fdh\u013ead. Ak m\u00e1te \u0161\u0165astie na dobr\u00e9 po\u010dasie, m\u00f4\u017eete z nej \u010falekoh\u013eadom dovidie\u0165 a\u017e na Kamz\u00edk.\u00a0<\/span><\/p>\n<p><span style=\"font-weight: 400;\">V\u00fdlet si m\u00f4\u017eete spestri\u0165 n\u00e1v\u0161tevou zn\u00e1meho m\u00fazea modern\u00e9ho umenia <a href=\"https:\/\/danubiana.sk\/\" target=\"_blank\" rel=\"noopener\">Danubiana<\/a>. M\u00fazeum sa nach\u00e1dza na polostrove v \u010cunove. Jeho okolie tvor\u00ed soch\u00e1rsky park, v ktorom sa v\u00e1m okrem umenia naskytne aj poh\u013ead na o\u010daruj\u00face okolie.\u00a0<\/span><\/p>\n<p><span style=\"font-weight: 400;\">Lokalita je skvelou vo\u013ebou aj pre ryb\u00e1rov. <\/span><span style=\"font-weight: 400;\">Lov je tu povolen\u00fd takmer v\u0161ade. V priehrade bolo napo\u010d\u00edtan\u00fdch viac ako <\/span><span style=\"font-weight: 400;\">60 druhov r\u00fdb<\/span><span style=\"font-weight: 400;\"> a najlep\u0161ie podmienky s\u00fa na dunajskom p\u00f4vodnom koryte.<\/span><\/p>\n<h2>\u00a0<\/h2>\n<h2><strong>Cyklotrasa\u00a0<\/strong><\/h2>\n<p><span style=\"font-weight: 400;\">Okolie Gab\u010d\u00edkova pon\u00faka pr\u00edle\u017eitos\u0165 aj pre cyklistov. Okolo Vodn\u00e9ho diela Gab\u010d\u00edkovo vedie cyklo okruh dlh\u00fd cca 100 km po asfaltovej ceste. Pr\u00edjemn\u00fd cyklov\u00fdlet sa za\u010d\u00edna a aj kon\u010d\u00ed v hlavnom meste a jeho najkraj\u0161\u00ed \u00fasek vedie popri vodnom diele. Nach\u00e1dzaj\u00fa sa ti aj pe\u0161ie trasy, v\u010faka ktor\u00fdm m\u00f4\u017eete lep\u0161ie spozna\u0165 okolie.\u00a0<\/span><\/p>\n<h2>\u00a0<\/h2>\n<h2><strong>Plavba kompou<\/strong><\/h2>\n<p><span style=\"font-weight: 400;\">V bl\u00edzkosti vodn\u00e9ho diela stoj\u00ed za n\u00e1v\u0161tevu aj ostrov medzi star\u00fdm korytom Dunaja a pr\u00edvodn\u00fdm a odtokov\u00fdm kan\u00e1lom. Le\u017eia tu tri obce, pri\u010dom jednou z nich je obec Vojka, do ktorej v lete prem\u00e1va kompa. Na ostrove n\u00e1jdete kr\u00e1sne rastliny a brehy ostrova s\u00fa ob\u013e\u00fabenou z\u00e1stavkou vod\u00e1kov.\u00a0<\/span><\/p>\n<h2>\u00a0<\/h2>\n<h2><strong>Vodn\u00e9 \u0161porty a k\u00fapanie<\/strong><\/h2>\n<p><span style=\"font-weight: 400;\">Ak ob\u013eubujete vodn\u00e9 \u0161porty, ur\u010dite zav\u00edtajte do are\u00e1lu <a href=\"https:\/\/www.divokavoda.sk\/en\/\" target=\"_blank\" rel=\"noopener\">Divok\u00e1 voda<\/a> v \u010cunove. Vysk\u00fa\u0161a\u0165 si tu m\u00f4\u017eete plavbu kajakom, rafting, jazdu na vodnom sk\u00fatri, ly\u017eiach, aj surfing. Ak by ste sa chceli ok\u00fapa\u0165, m\u00f4\u017eete tak urobi\u0165 na nieko\u013ek\u00fdch pl\u00e1\u017each, napr\u00edklad v \u010dasti <a href=\"https:\/\/goo.gl\/maps\/9qQeCPChUhVpuUK6A\" target=\"_blank\" rel=\"noopener\">\u010cilistov<\/a>. Nach\u00e1dzaj\u00fa sa tu aj jazer\u00e1\u00a0 medzi Bod\u00edkmi a Vojkou nad Dunajom, ktor\u00e9 vznikli pri \u0165a\u017ebe \u0161trku. Vyk\u00fapa\u0165 sa m\u00f4\u017eete aj v starom dunajskom koryte. Okrem pr\u00edrodn\u00e9ho k\u00fapania m\u00f4\u017eete v okol\u00ed zav\u00edta\u0165 aj do viacer\u00fdch k\u00fapal\u00edsk. Nach\u00e1dza sa tu term\u00e1lne k\u00fapalisko v \u0160amor\u00edne, k\u00fapalisko v gab\u010d\u00edkovskom lesoparku aj ob\u013e\u00faben\u00fd <a href=\"https:\/\/thermalpark.sk\/en\/home-english\/\" target=\"_blank\" rel=\"noopener\">Thermalpark Dunajsk\u00e1 Streda<\/a>.\u00a0<\/span><\/p>\n<h2>\u00a0<\/h2>\n<h2><strong>Parkovanie<\/strong><\/h2>\n<p><span style=\"font-weight: 400;\">Vodn\u00e9 dielo Gab\u010d\u00edkovo pon\u00faka bezstarostn\u00e9 parkovanie. Objekt je monitorovan\u00fd bezpe\u010dnostn\u00fdm kamerov\u00fdm syst\u00e9mom. Prev\u00e1dzkov\u00e1 doba je od pondelka do nedele po\u010das cel\u00e9ho d\u0148a. Parkovanie je zadarmo a \u010dasov\u00e9 obmedzenie parkovania pre verejnos\u0165 s\u00fa 2 hodiny.\u00a0<\/span><\/p>\n<h2><span style=\"font-weight: 400;\">\u00a0<\/span><\/h2>\n<h2><strong>Ubytovanie v okol\u00ed<\/strong><\/h2>\n<p><span style=\"font-weight: 400;\">Mo\u017enost\u00ed sa ubytova\u0165 je vzh\u013eadom na polohu Gab\u010d\u00edkova hne\u010f nieko\u013eko. Ide\u00e1lnou vo\u013ebou s\u00fa <\/span><a href=\"https:\/\/www.apartmany-termal.sk\"><span style=\"font-weight: 400;\">Apartm\u00e1ny Term\u00e1l v Dunajskej strede<\/span><\/a><span style=\"font-weight: 400;\">, vzdialen\u00e9 iba 17 km od Gab\u010d\u00edkova. <\/span><span style=\"font-weight: 400;\">Ve\u013ekou v\u00fdhodou je, \u017ee <\/span><span style=\"font-weight: 400;\">apartm\u00e1nov\u00e9 domy Term\u00e1l sa nach\u00e1dzaj\u00fa priamo ved\u013ea Thermalparku Dunajsk\u00e1 Streda. Hostia sa tu m\u00f4\u017eu ubytova\u0165 v moderne zariaden\u00fdch dvojl\u00f4\u017ekov\u00fdch a \u0161tvorl\u00f4\u017ekov\u00fdch apartm\u00e1noch so soci\u00e1lnym zariaden\u00edm, vlastnou kuchynkou a balk\u00f3nom. Apartm\u00e1ny s Thermalparkom sp\u00e1ja prepojovacia chodba, ktor\u00e1 zabezpe\u010duje pohodln\u00fd pr\u00edstup do jeho priestorov v akomko\u013evek po\u010das\u00ed.\u00a0<\/span><\/p>    <\/div>\n<\/div>\n<!-- \/module text --><!-- module video -->\n<div  class=\"module module-video tb_rigg183 video-top  \" data-lazy=\"1\" data-url=\"https:\/\/youtu.be\/jW-x1dNmaxI\">\n    \t\t\t\t<div class=\"video-wrap-outer\">\n\t\t\t<div class=\"video-wrap tf_rel tf_overflow\">\n\t\t\t\t\t\t\t<\/div>\n\t\t\t<!-- \/video-wrap -->\n\t\t<\/div>\n\t\t<!-- \/video-wrap-outer -->\n\t\t\t<\/div>\n\t        <\/div>\n\t    \t<\/div>\n\t\t    <\/div>\n\t    <!-- \/row_inner -->\n\t<\/div>\n\t<!-- \/module_row -->\n\t<\/div>\n<!--\/themify_builder_content-->","protected":false},"excerpt":{"rendered":"<p>VODN\u00c9 DIELO GAB\u010c\u00cdKOVO<\/p>\n","protected":false},"author":1,"featured_media":0,"parent":0,"menu_order":0,"comment_status":"closed","ping_status":"closed","template":"","meta":{"footnotes":""},"class_list":["post-306","page","type-page","status-publish","hentry","has-post-title","has-post-date","has-post-category","has-post-tag","has-post-comment","has-post-author",""],"builder_content":"REZERVUJTE TERAZ A GARANTUJEME V\u00c1M TIE NAJLEP\u0160IE CENY !\n<a href=\"https:\/\/themify.me\/\" > Rezervova\u0165 <\/a>\n\n<p><a href=\"https:\/\/sk.wikipedia.org\/wiki\/Gab%C4%8D%C3%ADkovo_(vodn%C3%A9_dielo)\">Vodn\u00e9 dielo Gab\u010d\u00edkovo<\/a> patr\u00ed nepochybne k najzn\u00e1mej\u0161\u00edm stavb\u00e1m tohto typu na Slovensku. Vo v\u00fdrobe elektriny je Gab\u010d\u00edkovo najv\u00e4\u010d\u0161ou elektr\u00e1r\u0148ou na na\u0161om \u00fazem\u00ed. Nach\u00e1dzaj\u00fa sa tu dve plavebn\u00e9 komory a vodn\u00e1 elektr\u00e1re\u0148. Stavba bola vybudovan\u00e1 pre viacer\u00e9 \u00fa\u010dely, ako je ochrana pred povod\u0148ami a v\u00fdroba elektrickej energie. Okrem praktick\u00fdch d\u00f4vodov v\u00fdstavby je v\u0161ak Vodn\u00e9 dielo Gab\u010d\u00edkovo a jeho okolie aj zauj\u00edmav\u00fdm miestom pre n\u00e1v\u0161tevu turistami a je vhodn\u00e9 na v\u00fdlet pre cel\u00fa rodinu.<\/p> <h2>\u00a0<\/h2> <h2><strong>Na \u010do sl\u00fa\u017ei vodn\u00e9 dielo?<\/strong><\/h2> <p>Vodn\u00e9 dielo Gab\u010d\u00edkovo bolo vybudovan\u00e9 na druhej najdlh\u0161ej rieke Eur\u00f3py, na rieke Dunaj. Ide o viac\u00fa\u010delov\u00fa stavbu, ktor\u00e1 bolo vybudovan\u00e1 z viacer\u00fdch d\u00f4vodov:<\/p> <ul> <li style=\"font-weight: 400;\" aria-level=\"1\">ochrana \u00fazemia pred z\u00e1plavami, ktor\u00e9 sp\u00f4sobovali ve\u013ek\u00e9 \u0161kody<\/li> <li style=\"font-weight: 400;\" aria-level=\"1\">regul\u00e1cia v\u00fd\u0161ky hladiny Dunaja - dlhodob\u00e1 regul\u00e1cia zabezpe\u010duj\u00faca splavnos\u0165 rieky a do\u010dasn\u00e1 \u00faprava v\u00fd\u0161ky hladiny po\u010das kr\u00edzov\u00fdch situ\u00e1ci\u00ed<\/li> <li style=\"font-weight: 400;\" aria-level=\"1\">zlep\u0161enie environment\u00e1lnych parametrov - zabezpe\u010denie kvality pitnej vody a zastavenie poklesu podzemnej vody<\/li> <li style=\"font-weight: 400;\" aria-level=\"1\">v\u00fdroba elektrickej energie (asi 8% celkovej spotreby energie na Slovensku a asi 12-15% v Ma\u010farsku)<\/li> <li style=\"font-weight: 400;\" aria-level=\"1\">rekrea\u010dn\u00fd a turistick\u00fd v\u00fdznam<\/li> <\/ul> <h2>\u00a0<\/h2> <h2><strong>Hist\u00f3ria elektr\u00e1rne\u00a0<\/strong><\/h2> <p>U\u017e v polovici <a href=\"https:\/\/sk.wikipedia.org\/wiki\/19._storo%C4%8Die\">19. storo\u010dia<\/a> sa vedelo, \u017ee je potrebn\u00e9 na rieke Dunaj vybudova\u0165 spo\u013eahliv\u00fa plavebn\u00fa dr\u00e1hu na dlh\u00fd \u010das. Najlep\u0161\u00edm variantom bolo plavbu vyrie\u0161i\u0165 odklonen\u00edm sa od p\u00f4vodn\u00e9ho koryta Dunaja a tento pl\u00e1n sa aj zrealizoval. Dunaj sa tak odkl\u00e1\u0148a zo zdr\u017ee Hru\u0161ov cez pr\u00edvodn\u00fd kan\u00e1l, hydrocentr\u00e1lu Gab\u010d\u00edkovo a odpadov\u00fd kan\u00e1l. Rozhodnutie podporila aj Dunajsk\u00e1 komisia, aby do\u0161lo k zlep\u0161eniu parametrick\u00fdch podmienok pre vodn\u00fa cestu medzi Bratislavou a Budape\u0161\u0165ou. Cel\u00fd proces ur\u00fdchlila ropn\u00e1 kr\u00edza v roku <a href=\"https:\/\/sk.wikipedia.org\/wiki\/1973\">1973<\/a>.<\/p> <p>Vodn\u00e9 dielo sa budovalo od roku <a href=\"https:\/\/sk.wikipedia.org\/wiki\/1977\">1977<\/a>, p\u00f4vodne ako vodn\u00e9 dielo <strong>Gab\u010d\u00edkovo-Nagymaros<\/strong> na z\u00e1klade medzin\u00e1rodnej zmluvy. Hlavn\u00fdm d\u00f4vodom v\u00fdstavby bolo\u00a0 zabr\u00e1ni\u0165 pravideln\u00fdm z\u00e1plav\u00e1m v tejto oblasti. <\/p> <p>Ma\u010farsko v\u0161ak v roku <a href=\"https:\/\/sk.wikipedia.org\/wiki\/1989\">1989<\/a> bez ozn\u00e1menia ukon\u010dilo pr\u00e1ce na stavbe svojej \u010dasti. Vodn\u00e9 dielo bolo vtedy dokon\u010den\u00e9 u\u017e na 90 %. D\u00f4vodom boli protesty ob\u010danov, preto\u017ee stavbu vn\u00edmali ako symbol socializmu a tie\u017e argument, \u017ee dielo by v\u00fdrazne po\u0161kodilo \u017eivotn\u00e9 prostredie. Nere\u0161pektovanie zmluvn\u00e9ho projektu bolo n\u00e1sledne dlh\u00e9 roky predmetom medzin\u00e1rodn\u00e9ho pr\u00e1vneho sporu medzi Slovenskom a Ma\u010farskom.\u00a0<\/p> <p>Medzin\u00e1rodn\u00fd s\u00fadny dvor v roku 1997 napokon rozhodol, \u017ee p\u00f4vodn\u00e1 zmluva st\u00e1le plat\u00ed a Ma\u010farsko nebolo opr\u00e1vnen\u00e9 pozastavi\u0165 pr\u00e1ce na vodnom diele. \u010cesko-Slovensko bolo preto prin\u00faten\u00e9 zmeni\u0165 p\u00f4vodn\u00e9 pl\u00e1ny a od novembra <a href=\"https:\/\/sk.wikipedia.org\/wiki\/1991\">1991<\/a> realizova\u0165 len \u010das\u0165 diela pri Bratislave v pozmenenej podobe. Vodn\u00e9 dielo bolo uveden\u00e9 do prev\u00e1dzky v okt\u00f3bri <a href=\"https:\/\/sk.wikipedia.org\/wiki\/1992\">1992<\/a>, sekund\u00e1rne \u010dasti stavby\u00a0 ako <a href=\"https:\/\/sk.wikipedia.org\/wiki\/Vodn%C3%A1_elektr%C3%A1re%C5%88\">elektr\u00e1re\u0148<\/a> v roku <a href=\"https:\/\/sk.wikipedia.org\/wiki\/1996\">1996<\/a>. Zdr\u017eanie vybudovania stup\u0148a Nagymaros v\u0161ak neumo\u017e\u0148uje vodnej elektr\u00e1rni pracova\u0165 v \u0161pi\u010dkovej prev\u00e1dzke.<\/p> <h2>\u00a0<\/h2> <h2><strong>Zauj\u00edmavosti<\/strong><\/h2> <p>Pri n\u00e1v\u0161teve vodn\u00e9ho diela si priamo z mosta m\u00f4\u017eete pozrie\u0165 plavebn\u00e9 komory a ich nap\u013a\u0148anie. Z pr\u00edstavu v Gab\u010d\u00edkove alebo z Bratislavy je mo\u017en\u00e9 absolvova\u0165 vyhliadkov\u00fa plavbu osobnou lo\u010fou, po\u010das ktorej spozn\u00e1te pr\u00edrodn\u00e9 kr\u00e1sy Dunaja a pri\u013eahl\u00fdch miest. Dominantn\u00fdm a neprehliadnute\u013en\u00fdm prvkom vodn\u00e9ho diela je dozorn\u00e1 ve\u017ea. Z vyhliadkovej plo\u0161iny v jej dolnej \u010dasti sa v\u00e1m naskytne kr\u00e1sny v\u00fdh\u013ead. Ak m\u00e1te \u0161\u0165astie na dobr\u00e9 po\u010dasie, m\u00f4\u017eete z nej \u010falekoh\u013eadom dovidie\u0165 a\u017e na Kamz\u00edk.\u00a0<\/p> <p>V\u00fdlet si m\u00f4\u017eete spestri\u0165 n\u00e1v\u0161tevou zn\u00e1meho m\u00fazea modern\u00e9ho umenia <a href=\"https:\/\/danubiana.sk\/\">Danubiana<\/a>. M\u00fazeum sa nach\u00e1dza na polostrove v \u010cunove. Jeho okolie tvor\u00ed soch\u00e1rsky park, v ktorom sa v\u00e1m okrem umenia naskytne aj poh\u013ead na o\u010daruj\u00face okolie.\u00a0<\/p> <p>Lokalita je skvelou vo\u013ebou aj pre ryb\u00e1rov. Lov je tu povolen\u00fd takmer v\u0161ade. V priehrade bolo napo\u010d\u00edtan\u00fdch viac ako 60 druhov r\u00fdb a najlep\u0161ie podmienky s\u00fa na dunajskom p\u00f4vodnom koryte.<\/p> <h2>\u00a0<\/h2> <h2><strong>Cyklotrasa\u00a0<\/strong><\/h2> <p>Okolie Gab\u010d\u00edkova pon\u00faka pr\u00edle\u017eitos\u0165 aj pre cyklistov. Okolo Vodn\u00e9ho diela Gab\u010d\u00edkovo vedie cyklo okruh dlh\u00fd cca 100 km po asfaltovej ceste. Pr\u00edjemn\u00fd cyklov\u00fdlet sa za\u010d\u00edna a aj kon\u010d\u00ed v hlavnom meste a jeho najkraj\u0161\u00ed \u00fasek vedie popri vodnom diele. Nach\u00e1dzaj\u00fa sa ti aj pe\u0161ie trasy, v\u010faka ktor\u00fdm m\u00f4\u017eete lep\u0161ie spozna\u0165 okolie.\u00a0<\/p> <h2>\u00a0<\/h2> <h2><strong>Plavba kompou<\/strong><\/h2> <p>V bl\u00edzkosti vodn\u00e9ho diela stoj\u00ed za n\u00e1v\u0161tevu aj ostrov medzi star\u00fdm korytom Dunaja a pr\u00edvodn\u00fdm a odtokov\u00fdm kan\u00e1lom. Le\u017eia tu tri obce, pri\u010dom jednou z nich je obec Vojka, do ktorej v lete prem\u00e1va kompa. Na ostrove n\u00e1jdete kr\u00e1sne rastliny a brehy ostrova s\u00fa ob\u013e\u00fabenou z\u00e1stavkou vod\u00e1kov.\u00a0<\/p> <h2>\u00a0<\/h2> <h2><strong>Vodn\u00e9 \u0161porty a k\u00fapanie<\/strong><\/h2> <p>Ak ob\u013eubujete vodn\u00e9 \u0161porty, ur\u010dite zav\u00edtajte do are\u00e1lu <a href=\"https:\/\/www.divokavoda.sk\/en\/\">Divok\u00e1 voda<\/a> v \u010cunove. Vysk\u00fa\u0161a\u0165 si tu m\u00f4\u017eete plavbu kajakom, rafting, jazdu na vodnom sk\u00fatri, ly\u017eiach, aj surfing. Ak by ste sa chceli ok\u00fapa\u0165, m\u00f4\u017eete tak urobi\u0165 na nieko\u013ek\u00fdch pl\u00e1\u017each, napr\u00edklad v \u010dasti <a href=\"https:\/\/goo.gl\/maps\/9qQeCPChUhVpuUK6A\">\u010cilistov<\/a>. Nach\u00e1dzaj\u00fa sa tu aj jazer\u00e1\u00a0 medzi Bod\u00edkmi a Vojkou nad Dunajom, ktor\u00e9 vznikli pri \u0165a\u017ebe \u0161trku. Vyk\u00fapa\u0165 sa m\u00f4\u017eete aj v starom dunajskom koryte. Okrem pr\u00edrodn\u00e9ho k\u00fapania m\u00f4\u017eete v okol\u00ed zav\u00edta\u0165 aj do viacer\u00fdch k\u00fapal\u00edsk. Nach\u00e1dza sa tu term\u00e1lne k\u00fapalisko v \u0160amor\u00edne, k\u00fapalisko v gab\u010d\u00edkovskom lesoparku aj ob\u013e\u00faben\u00fd <a href=\"https:\/\/thermalpark.sk\/en\/home-english\/\">Thermalpark Dunajsk\u00e1 Streda<\/a>.\u00a0<\/p> <h2>\u00a0<\/h2> <h2><strong>Parkovanie<\/strong><\/h2> <p>Vodn\u00e9 dielo Gab\u010d\u00edkovo pon\u00faka bezstarostn\u00e9 parkovanie. Objekt je monitorovan\u00fd bezpe\u010dnostn\u00fdm kamerov\u00fdm syst\u00e9mom. Prev\u00e1dzkov\u00e1 doba je od pondelka do nedele po\u010das cel\u00e9ho d\u0148a. Parkovanie je zadarmo a \u010dasov\u00e9 obmedzenie parkovania pre verejnos\u0165 s\u00fa 2 hodiny.\u00a0<\/p> <h2>\u00a0<\/h2> <h2><strong>Ubytovanie v okol\u00ed<\/strong><\/h2> <p>Mo\u017enost\u00ed sa ubytova\u0165 je vzh\u013eadom na polohu Gab\u010d\u00edkova hne\u010f nieko\u013eko. Ide\u00e1lnou vo\u013ebou s\u00fa <a href=\"https:\/\/www.apartmany-termal.sk\">Apartm\u00e1ny Term\u00e1l v Dunajskej strede<\/a>, vzdialen\u00e9 iba 17 km od Gab\u010d\u00edkova. Ve\u013ekou v\u00fdhodou je, \u017ee apartm\u00e1nov\u00e9 domy Term\u00e1l sa nach\u00e1dzaj\u00fa priamo ved\u013ea Thermalparku Dunajsk\u00e1 Streda. Hostia sa tu m\u00f4\u017eu ubytova\u0165 v moderne zariaden\u00fdch dvojl\u00f4\u017ekov\u00fdch a \u0161tvorl\u00f4\u017ekov\u00fdch apartm\u00e1noch so soci\u00e1lnym zariaden\u00edm, vlastnou kuchynkou a balk\u00f3nom. Apartm\u00e1ny s Thermalparkom sp\u00e1ja prepojovacia chodba, ktor\u00e1 zabezpe\u010duje pohodln\u00fd pr\u00edstup do jeho priestorov v akomko\u013evek po\u010das\u00ed.\u00a0<\/p>\n","_links":{"self":[{"href":"https:\/\/www.apartmany-termal.sk\/cs\/wp-json\/wp\/v2\/pages\/306","targetHints":{"allow":["GET"]}}],"collection":[{"href":"https:\/\/www.apartmany-termal.sk\/cs\/wp-json\/wp\/v2\/pages"}],"about":[{"href":"https:\/\/www.apartmany-termal.sk\/cs\/wp-json\/wp\/v2\/types\/page"}],"author":[{"embeddable":true,"href":"https:\/\/www.apartmany-termal.sk\/cs\/wp-json\/wp\/v2\/users\/1"}],"replies":[{"embeddable":true,"href":"https:\/\/www.apartmany-termal.sk\/cs\/wp-json\/wp\/v2\/comments?post=306"}],"version-history":[{"count":4,"href":"https:\/\/www.apartmany-termal.sk\/cs\/wp-json\/wp\/v2\/pages\/306\/revisions"}],"predecessor-version":[{"id":2709,"href":"https:\/\/www.apartmany-termal.sk\/cs\/wp-json\/wp\/v2\/pages\/306\/revisions\/2709"}],"wp:attachment":[{"href":"https:\/\/www.apartmany-termal.sk\/cs\/wp-json\/wp\/v2\/media?parent=306"}],"curies":[{"name":"wp","href":"https:\/\/api.w.org\/{rel}","templated":true}]}}