{"id":335,"date":"2021-08-07T22:14:14","date_gmt":"2021-08-07T20:14:14","guid":{"rendered":"https:\/\/www.apartmany-termal.sk\/predbezna-rezervacia\/"},"modified":"2023-03-13T15:55:26","modified_gmt":"2023-03-13T14:55:26","slug":"predbezna-rezervace","status":"publish","type":"page","link":"https:\/\/www.apartmany-termal.sk\/cs\/predbezna-rezervace\/","title":{"rendered":"P\u0158EDB\u011a\u017dN\u00c1 REZERVACE"},"content":{"rendered":"<p><\/p>\n<!--themify_builder_content-->\n<div id=\"themify_builder_content-335\" data-postid=\"335\" class=\"themify_builder_content themify_builder_content-335 themify_builder tf_clear\">\n    \t<!-- module_row -->\n\t<div  data-lazy=\"1\" class=\"module_row themify_builder_row repeat tb_vtba59 tb_first tf_clearfix\" >\n\t    \t\t<div class=\"row_inner col_align_middle tf_box tf_w tf_rel\">\n\t\t\t<div  data-lazy=\"1\" class=\"module_column tb-column col4-1 first tb_howr59 tf_box\">\n\t\t\t    \t<\/div>\n\t\t<div  data-lazy=\"1\" class=\"module_column tb-column col4-2 middle tb_w6q159 tf_box\">\n\t\t\t    \t        <div class=\"tb-column-inner tf_box tf_w\">\n\t\t    <!-- module text -->\n<div  class=\"module module-text tb_88zj59   \" data-lazy=\"1\">\n        <div  class=\"tb_text_wrap\">\n    <div class=\"reserve_banner_text\">REZERVUJTE NYN\u00cd A GARANTUJEME V\u00c1M TY NEJLEP\u0160\u00cd CENY !<\/div>    <\/div>\n<\/div>\n<!-- \/module text -->\t        <\/div>\n\t    \t<\/div>\n\t\t<div  data-lazy=\"1\" class=\"module_column tb-column col4-1 last tb_787a59 tf_box\">\n\t\t\t    \t        <div class=\"tb-column-inner tf_box tf_w\">\n\t\t    <!-- module buttons -->\n<div  class=\"module module-buttons tb_jl1460 buttons-horizontal solid  rounded tf_textc\" data-lazy=\"1\">\n    \t<div class=\"module-buttons-item tf_inline_b\">\n\t\t\t\t\t\t\t<a href=\"https:\/\/www.secure-hotel-booking.com\/smart\/Apartmany-Termal\/2C8X\/cs\/\" class=\"ui builder_button transparent\" target=\"_blank\" rel=\"noopener\">\n\t\t\t\t\t\t\t\t\t\t\t<span class=\"tf_inline_b tf_vmiddle\">Rezervace<\/span>\n\t\t\t\t\t\t\t\t\t\t\t<\/a>\n\t\t\t    \t<\/div>\n\t<\/div>\n<!-- \/module buttons -->\n\t        <\/div>\n\t    \t<\/div>\n\t\t    <\/div>\n\t    <!-- \/row_inner -->\n\t<\/div>\n\t<!-- \/module_row -->\n\t\t<!-- module_row -->\n\t<div  data-lazy=\"1\" class=\"module_row themify_builder_row tb_y961384 tf_clearfix\" >\n\t    \t\t<div class=\"row_inner col_align_middle tf_box tf_w tf_rel\">\n\t\t\t<div  data-lazy=\"1\" class=\"module_column tb-column col-full first tb_nj3o385 tf_box\">\n\t\t\t    \t        <div class=\"tb-column-inner tf_box tf_w\">\n\t\t    <!-- module text -->\n<div  class=\"module module-text tb_2chj385   \" data-lazy=\"1\">\n        <div  class=\"tb_text_wrap\">\n    <h1 id=\"page-title\" class=\"page__title title\" style=\"text-align: center;\">P\u0158EDB\u011a\u017dN\u00c1 REZERVACE<\/h1>\r\n<article class=\"node-130 node node-webform view-mode-full clearfix\"><header><\/header><\/article>\r\n<p style=\"text-align: center;\"><strong>D\u016eLE\u017dIT\u00c9 UPOZORN\u011aN\u00cd: VYTVO\u0158EN\u00c1 REZERVACE JE PL\u00c1TNA A Z\u00c1VAZN\u00c1 A\u017d PO A\u017d PO P\u00cdSEMN\u00c9M POTVRZEN\u00cd RECEPC\u00cd APARTM\u00c1N\u016e TERMAL<\/strong><\/p>    <\/div>\n<\/div>\n<!-- \/module text -->\t        <\/div>\n\t    \t<\/div>\n\t\t    <\/div>\n\t    <!-- \/row_inner -->\n\t<\/div>\n\t<!-- \/module_row -->\n\t\t<!-- module_row -->\n\t<div  data-lazy=\"1\" class=\"module_row themify_builder_row tb_2ob6529 tf_clearfix\" >\n\t    \t\t<div class=\"row_inner col_align_top tf_box tf_w tf_rel\">\n\t\t\t<div  data-lazy=\"1\" class=\"module_column tb-column col3-1 first tb_a8k8529 tf_box\">\n\t\t\t    \t        <div class=\"tb-column-inner tf_box tf_w\">\n\t\t    <!-- module text -->\n<div  class=\"module module-text tb_v6i7647   \" data-lazy=\"1\">\n        <div  class=\"tb_text_wrap\">\n    <h3>Adresa pro zas\u00edl\u00e1n\u00ed z\u00e1lohy:<\/h3>\r\n<p>Apartmany Termal s.r.o.,<br>\u013dan\u00e1rska 5,<br>929 01 Dunajsk\u00e1 Streda,<br>I\u010cO: 51 801 914<br>I\u010c DPH: SK 2120795589<br>Banka: Slovensk\u00e1 sporite\u013e\u0148a , a.s.<br>Pobo\u010dka Dunajsk\u00e1 Streda<\/p>    <\/div>\n<\/div>\n<!-- \/module text -->\t        <\/div>\n\t    \t<\/div>\n\t\t<div  data-lazy=\"1\" class=\"module_column tb-column col3-1 middle tb_whu5530 tf_box\">\n\t\t\t    \t        <div class=\"tb-column-inner tf_box tf_w\">\n\t\t    <!-- module text -->\n<div  class=\"module module-text tb_wsdj108   \" data-lazy=\"1\">\n        <div  class=\"tb_text_wrap\">\n    <h3><strong>\u010c\u00edslo \u00fa\u010dtu v EUR:<\/strong><\/h3>\r\n<p>IBAN: SK18 0900 0000 0051 4753 8158<br>BIC: GIBASKBX<\/p>    <\/div>\n<\/div>\n<!-- \/module text -->\t        <\/div>\n\t    \t<\/div>\n\t\t<div  data-lazy=\"1\" class=\"module_column tb-column col3-1 last tb_drlo560 tf_box\">\n\t\t\t    \t        <div class=\"tb-column-inner tf_box tf_w\">\n\t\t    <!-- module text -->\n<div  class=\"module module-text tb_vhka530   \" data-lazy=\"1\">\n        <div  class=\"tb_text_wrap\">\n    <h3><strong>\u010c\u00edslo \u00fa\u010dtu v CZK:<\/strong><\/h3>\r\n<p>IBAN: SK45 0900 0000 0051 4753 8836<br>BIC: GIBASKBX<\/p>    <\/div>\n<\/div>\n<!-- \/module text -->\t        <\/div>\n\t    \t<\/div>\n\t\t    <\/div>\n\t    <!-- \/row_inner -->\n\t<\/div>\n\t<!-- \/module_row -->\n\t\t<!-- module_row -->\n\t<div  data-lazy=\"1\" class=\"module_row themify_builder_row tb_bt2e639 tf_clearfix\" >\n\t    \t\t<div class=\"row_inner col_align_middle tf_box tf_w tf_rel\">\n\t\t\t<div  data-lazy=\"1\" class=\"module_column tb-column col-full first tb_08xj639 tf_box\">\n\t\t\t    \t        <div class=\"tb-column-inner tf_box tf_w\">\n\t\t    <!-- module text -->\n<div  class=\"module module-text tb_v5cd639   \" data-lazy=\"1\">\n        <div  class=\"tb_text_wrap\">\n    <h3 style=\"text-align: left;\"><strong>Formul\u00e1r<\/strong><\/h3>\r\n<p style=\"text-align: center;\">\n<div class=\"wpcf7 no-js\" id=\"wpcf7-f3700-o1\" lang=\"sk-SK\" dir=\"ltr\" data-wpcf7-id=\"3700\">\n<div class=\"screen-reader-response\"><p role=\"status\" aria-live=\"polite\" aria-atomic=\"true\"><\/p> <ul><\/ul><\/div>\n<form action=\"\/cs\/wp-json\/wp\/v2\/pages\/335#wpcf7-f3700-o1\" method=\"post\" class=\"wpcf7-form init\" aria-label=\"Kontaktn\u00fd formul\u00e1r\" novalidate=\"novalidate\" data-status=\"init\">\n<fieldset class=\"hidden-fields-container\"><input type=\"hidden\" name=\"_wpcf7\" value=\"3700\" \/><input type=\"hidden\" name=\"_wpcf7_version\" value=\"6.1.5\" \/><input type=\"hidden\" name=\"_wpcf7_locale\" value=\"sk_SK\" \/><input type=\"hidden\" name=\"_wpcf7_unit_tag\" value=\"wpcf7-f3700-o1\" \/><input type=\"hidden\" name=\"_wpcf7_container_post\" value=\"0\" \/><input type=\"hidden\" name=\"_wpcf7_posted_data_hash\" value=\"\" \/><input type=\"hidden\" name=\"_wpcf7_recaptcha_response\" value=\"\" \/>\n<\/fieldset>\n<div class=\"row_inner\">\n\t<div class=\"module_column tb-column col2-1 first\">\n\t\t<p><label> Jm\u00e9no a p\u0159\u00edjmen\u00ed<br \/>\n<span class=\"wpcf7-form-control-wrap\" data-name=\"your-name\"><input size=\"40\" maxlength=\"400\" class=\"wpcf7-form-control wpcf7-text wpcf7-validates-as-required\" aria-required=\"true\" aria-invalid=\"false\" value=\"\" type=\"text\" name=\"your-name\" \/><\/span> <\/label>\n\t\t<\/p>\n\t<\/div>\n\t<div class=\"module_column tb-column col2-1 last\">\n\t\t<p><label> V\u00e1\u0161 email<br \/>\n<span class=\"wpcf7-form-control-wrap\" data-name=\"your-email\"><input size=\"40\" maxlength=\"400\" class=\"wpcf7-form-control wpcf7-email wpcf7-validates-as-required wpcf7-text wpcf7-validates-as-email\" aria-required=\"true\" aria-invalid=\"false\" value=\"\" type=\"email\" name=\"your-email\" \/><\/span> <\/label>\n\t\t<\/p>\n\t<\/div>\n<\/div>\n<div class=\"row_inner\">\n\t<div class=\"module_column tb-column col2-1 first\">\n\t\t<p><label> V\u00e1\u0161 telefon<br \/>\n<span class=\"wpcf7-form-control-wrap\" data-name=\"tel-cislo\"><input size=\"40\" maxlength=\"400\" class=\"wpcf7-form-control wpcf7-tel wpcf7-validates-as-required wpcf7-text wpcf7-validates-as-tel\" aria-required=\"true\" aria-invalid=\"false\" value=\"\" type=\"tel\" name=\"tel-cislo\" \/><\/span> <\/label>\n\t\t<\/p>\n\t<\/div>\n\t<div class=\"module_column tb-column col2-1 last\">\n\t\t<p><label> Wellness ponuky<br \/>\n<span class=\"wpcf7-form-control-wrap\" data-name=\"wellness-ponuky\"><select class=\"wpcf7-form-control wpcf7-select\" aria-invalid=\"false\" name=\"wellness-ponuky\"><option value=\"KOMFORT POBYT S POLOPENZ\u00cd\">KOMFORT POBYT S POLOPENZ\u00cd<\/option><option value=\"JARN\u00cd WELLNESS POBYT\">JARN\u00cd WELLNESS POBYT<\/option><option value=\"VELIKONO\u010cN\u00cd WELLNESS POBYT\">VELIKONO\u010cN\u00cd WELLNESS POBYT<\/option><option value=\"WELLNESS POBYT- HORK\u00c9 L\u00c9TO\">WELLNESS POBYT- HORK\u00c9 L\u00c9TO<\/option><option value=\"RODINN\u00dd LETN\u00cd POBYT\">RODINN\u00dd LETN\u00cd POBYT<\/option><option value=\"POZIMN\u00cd A ZIMN\u00cd WELLNESS POBYT\">POZIMN\u00cd A ZIMN\u00cd WELLNESS POBYT<\/option><option value=\"MIKUL\u00c1\u0160SKY WELLNESS POBYT\">MIKUL\u00c1\u0160SKY WELLNESS POBYT<\/option><option value=\"V\u00c1NO\u010cN\u00cd WELLNESS POBYT\">V\u00c1NO\u010cN\u00cd WELLNESS POBYT<\/option><option value=\"MIKUL\u00c1\u0160SK\u00dd WELLNESS POBYT\">MIKUL\u00c1\u0160SK\u00dd WELLNESS POBYT<\/option><option value=\"V\u00c1NO\u010cN\u00cd WELLNESS POBYT\">V\u00c1NO\u010cN\u00cd WELLNESS POBYT<\/option><\/select><\/span><\/label>\n\t\t<\/p>\n\t<\/div>\n<\/div>\n<div class=\"row_inner\">\n\t<div class=\"module_column tb-column col2-1 first\">\n\t\t<p><label> P\u0159\u00edjezd<br \/>\n<span class=\"wpcf7-form-control-wrap\" data-name=\"prijazd\"><input class=\"wpcf7-form-control wpcf7-date wpcf7-validates-as-required wpcf7-validates-as-date\" aria-required=\"true\" aria-invalid=\"false\" value=\"2026-04-27\" type=\"date\" name=\"prijazd\" \/><\/span> <\/label>\n\t\t<\/p>\n\t<\/div>\n\t<div class=\"module_column tb-column col2-1 last\">\n\t\t<p><label> Odjezd<br \/>\n<span class=\"wpcf7-form-control-wrap\" data-name=\"odjazd\"><input class=\"wpcf7-form-control wpcf7-date wpcf7-validates-as-required wpcf7-validates-as-date\" aria-required=\"true\" aria-invalid=\"false\" value=\"2026-04-28\" type=\"date\" name=\"odjazd\" \/><\/span> <\/label>\n\t\t<\/p>\n\t<\/div>\n<\/div>\n<div class=\"row_inner\">\n\t<div class=\"module_column tb-column col2-1 first\">\n\t\t<p><label> Dosp\u011bl\u00ed<br \/>\n<span class=\"wpcf7-form-control-wrap\" data-name=\"dospeli\"><input class=\"wpcf7-form-control wpcf7-number wpcf7-validates-as-required wpcf7-validates-as-number\" min=\"1\" max=\"8\" aria-required=\"true\" aria-invalid=\"false\" value=\"2\" type=\"number\" name=\"dospeli\" \/><\/span> <\/label>\n\t\t<\/p>\n\t<\/div>\n\t<div class=\"module_column tb-column col2-1 last\">\n\t\t<p><label> Deti<br \/>\n<span class=\"wpcf7-form-control-wrap\" data-name=\"deti\"><input class=\"wpcf7-form-control wpcf7-number wpcf7-validates-as-number\" min=\"0\" max=\"8\" aria-invalid=\"false\" value=\"0\" type=\"number\" name=\"deti\" \/><\/span> <\/label>\n\t\t<\/p>\n\t<\/div>\n<\/div>\n<p><label> Va\u0161a spr\u00e1va (volite\u013en\u00e9)<br \/>\n<span class=\"wpcf7-form-control-wrap\" data-name=\"your-message\"><textarea cols=\"40\" rows=\"10\" maxlength=\"2000\" class=\"wpcf7-form-control wpcf7-textarea\" aria-invalid=\"false\" name=\"your-message\"><\/textarea><\/span> <\/label>\n<\/p>\n<p><span class=\"wpcf7-form-control-wrap\" data-name=\"acceptance-223\"><span class=\"wpcf7-form-control wpcf7-acceptance\"><span class=\"wpcf7-list-item\"><label><input type=\"checkbox\" name=\"acceptance-223\" value=\"1\" aria-invalid=\"false\" \/><span class=\"wpcf7-list-item-label\">OBEZN\u00c1MIL JSEM SE S OCHRANOU OSOBN\u00cdCH \u00daDAJ\u016e. POROZUM\u011aL JSEM JEHO OBSAHU A V CEL\u00c9M ROZSAHU S N\u00cdM SOUHLAS\u00cdM.<\/span><\/label><\/span><\/span><\/span>\n<\/p>\n<p><input class=\"wpcf7-form-control wpcf7-submit has-spinner\" type=\"submit\" value=\"Odeslat rezervaci\" \/>\n<\/p><div class=\"wpcf7-response-output\" aria-hidden=\"true\"><\/div>\n<\/form>\n<\/div>\n<\/p>    <\/div>\n<\/div>\n<!-- \/module text -->\t        <\/div>\n\t    \t<\/div>\n\t\t    <\/div>\n\t    <!-- \/row_inner -->\n\t<\/div>\n\t<!-- \/module_row -->\n\t\t<!-- module_row -->\n\t<div  data-lazy=\"1\" class=\"module_row themify_builder_row tb_vlm7892 tf_clearfix\" >\n\t    \t\t<div class=\"row_inner col_align_middle tf_box tf_w tf_rel\">\n\t\t\t<div  data-lazy=\"1\" class=\"module_column tb-column col-full first tb_28xs892 tf_box\">\n\t\t\t    \t        <div class=\"tb-column-inner tf_box tf_w\">\n\t\t    <!-- module text -->\n<div  class=\"module module-text tb_7nnm893   \" data-lazy=\"1\">\n        <div  class=\"tb_text_wrap\">\n    <p style=\"text-align: center;\"><div class=\"tb_layout_part_wrap tf_w\"><!--themify_builder_content-->\n    <div  class=\"themify_builder_content themify_builder_content-518 themify_builder not_editable_builder in_the_loop\" data-postid=\"518\">\n        \t<!-- module_row -->\n\t<div  data-lazy=\"1\" class=\"module_row themify_builder_row tb_qmoj352 tf_clearfix\" >\n\t    \t\t<div class=\"row_inner col_align_top tf_box tf_w tf_rel\">\n\t\t\t<div  data-lazy=\"1\" class=\"module_column tb-column col-full first tb_nq1m352 tf_box\">\n\t\t\t    \t        <div class=\"tb-column-inner tf_box tf_w\">\n\t\t    <!-- module text -->\n<div  class=\"module module-text tb_ilov346   \" data-lazy=\"1\">\n        <div  class=\"tb_text_wrap\">\n    <h2 style=\"text-align: center;\">CESTA DO APARTM\u00c1NOV TERMAL***<\/h2>    <\/div>\n<\/div>\n<!-- \/module text --><!-- module image -->\n<div  class=\"module module-image tb_hwfa280   image-center tf_mw\" data-lazy=\"1\">\n        <div class=\"image-wrap tf_rel tf_mw\">\n\t\t    <img fetchpriority=\"high\" decoding=\"async\" fetchpriority=\"high\" fetchpriority=\"high\" width=\"1844\" height=\"994\" src=\"https:\/\/www.apartmany-termal.sk\/wp-content\/uploads\/2021\/08\/apartmany-termal-dunajska-streda-trasa.jpg\" class=\"wp-post-image wp-image-128\" title=\"apartmany-termal-dunajska-streda-trasa\" alt=\"apartmany-termal-dunajska-streda-trasa\" srcset=\"https:\/\/www.apartmany-termal.sk\/wp-content\/uploads\/2021\/08\/apartmany-termal-dunajska-streda-trasa.jpg 1844w, https:\/\/www.apartmany-termal.sk\/wp-content\/uploads\/2021\/08\/apartmany-termal-dunajska-streda-trasa-300x162.jpg 300w, https:\/\/www.apartmany-termal.sk\/wp-content\/uploads\/2021\/08\/apartmany-termal-dunajska-streda-trasa-1024x552.jpg 1024w, https:\/\/www.apartmany-termal.sk\/wp-content\/uploads\/2021\/08\/apartmany-termal-dunajska-streda-trasa-768x414.jpg 768w, https:\/\/www.apartmany-termal.sk\/wp-content\/uploads\/2021\/08\/apartmany-termal-dunajska-streda-trasa-1536x828.jpg 1536w\" sizes=\"(max-width: 1844px) 100vw, 1844px\" \/>\t\n\t\t<\/div>\n\t<!-- \/image-wrap -->\n    \n    \t<\/div>\n<!-- \/module image -->\t        <\/div>\n\t    \t<\/div>\n\t\t    <\/div>\n\t    <!-- \/row_inner -->\n\t<\/div>\n\t<!-- \/module_row -->\n\t\t<!-- module_row -->\n\t<div  data-lazy=\"1\" class=\"module_row themify_builder_row tb_7tqy868 tf_clearfix\">\n\t    \t\t<div class=\"row_inner col_align_top tf_box tf_w tf_rel\">\n\t\t\t<div  data-lazy=\"1\" class=\"module_column tb-column col2-1 first tb_2kju869 tf_box\">\n\t\t\t    \t        <div class=\"tb-column-inner tf_box tf_w\">\n\t\t    <!-- module text -->\n<div  class=\"module module-text tb_r2h0146   \" data-lazy=\"1\">\n        <div  class=\"tb_text_wrap\">\n    <p><strong>1.<\/strong> Odbo\u010dte doprava cez rampu vpravo<br><strong>2.<\/strong> Cho\u010fte 150 metrov rovno<br><strong>3.<\/strong> Odbo\u010dte do\u013eava<br><strong>4.<\/strong> Po 40 metroch odbo\u010dte doprava a pr\u00eddete do Apartm\u00e1nov Termal***<br><strong>5.<\/strong> Po pr\u00edchode sa hl\u00e1ste na recepcii<\/p>    <\/div>\n<\/div>\n<!-- \/module text -->\t        <\/div>\n\t    \t<\/div>\n\t\t<div  data-lazy=\"1\" class=\"module_column tb-column col2-1 last tb_uvv5869 tf_box\">\n\t\t\t    \t        <div class=\"tb-column-inner tf_box tf_w\">\n\t\t    <!-- module box -->\n<div  class=\"module module-box tb_b8ba566 \" data-lazy=\"1\">\n        <div class=\"module-box-content ui rounded tb_default_color \">\n\t\t\t\t<div class=\"tb_text_wrap\"><div style=\"text-align: center;\"><span style=\"background-color: initial; color: var( --e-global-color-text ); font-family: var( --e-global-typography-text-font-family ), Sans-serif; font-size: 1em; font-weight: var( --e-global-typography-text-font-weight ); text-align: var(--text-align);\"><strong>GPS s\u00faradnice cie\u013ea<\/strong> (Apartm\u00e1ny Term\u00e1l):<\/span><\/div>\n<div style=\"text-align: center;\"><span style=\"background-color: initial; color: var( --e-global-color-text ); font-family: var( --e-global-typography-text-font-family ), Sans-serif; font-size: 1em; font-weight: var( --e-global-typography-text-font-weight ); text-align: var(--text-align);\">\u0161\u00edrka: 47\u00b059\u201907.20\u2033 dl\u017eka: 17\u00b036\u201929.62\u2033<\/span><\/div><\/div>\n    <\/div>\n<\/div>\n<!-- \/module box -->\n\t        <\/div>\n\t    \t<\/div>\n\t\t    <\/div>\n\t    <!-- \/row_inner -->\n\t<\/div>\n\t<!-- \/module_row -->\n\t    <\/div>\n<!--\/themify_builder_content--><\/div>\n<\/p>    <\/div>\n<\/div>\n<!-- \/module text -->\t        <\/div>\n\t    \t<\/div>\n\t\t    <\/div>\n\t    <!-- \/row_inner -->\n\t<\/div>\n\t<!-- \/module_row -->\n\t<\/div>\n<!--\/themify_builder_content-->","protected":false},"excerpt":{"rendered":"","protected":false},"author":1,"featured_media":0,"parent":0,"menu_order":0,"comment_status":"closed","ping_status":"closed","template":"","meta":{"footnotes":""},"class_list":["post-335","page","type-page","status-publish","hentry","has-post-title","has-post-date","has-post-category","has-post-tag","has-post-comment","has-post-author",""],"builder_content":"REZERVUJTE NYN\u00cd A GARANTUJEME V\u00c1M TY NEJLEP\u0160\u00cd CENY !\n<a href=\"https:\/\/www.secure-hotel-booking.com\/smart\/Apartmany-Termal\/2C8X\/cs\/\" > Rezervace <\/a>\n<h1 id=\"page-title\" style=\"text-align: center;\">P\u0158EDB\u011a\u017dN\u00c1 REZERVACE<\/h1>\n<article><header><\/header><\/article>\n<p style=\"text-align: center;\"><strong>D\u016eLE\u017dIT\u00c9 UPOZORN\u011aN\u00cd: VYTVO\u0158EN\u00c1 REZERVACE JE PL\u00c1TNA A Z\u00c1VAZN\u00c1 A\u017d PO A\u017d PO P\u00cdSEMN\u00c9M POTVRZEN\u00cd RECEPC\u00cd APARTM\u00c1N\u016e TERMAL<\/strong><\/p>\n<h3>Adresa pro zas\u00edl\u00e1n\u00ed z\u00e1lohy:<\/h3>\n<p>Apartmany Termal s.r.o.,<br>\u013dan\u00e1rska 5,<br>929 01 Dunajsk\u00e1 Streda,<br>I\u010cO: 51 801 914<br>I\u010c DPH: SK 2120795589<br>Banka: Slovensk\u00e1 sporite\u013e\u0148a , a.s.<br>Pobo\u010dka Dunajsk\u00e1 Streda<\/p>\n<h3><strong>\u010c\u00edslo \u00fa\u010dtu v EUR:<\/strong><\/h3>\n<p>IBAN: SK18 0900 0000 0051 4753 8158<br>BIC: GIBASKBX<\/p>\n<h3><strong>\u010c\u00edslo \u00fa\u010dtu v CZK:<\/strong><\/h3>\n<p>IBAN: SK45 0900 0000 0051 4753 8836<br>BIC: GIBASKBX<\/p>\n<h3 style=\"text-align: left;\"><strong>Formul\u00e1r<\/strong><\/h3>\n<p style=\"text-align: center;\">[contact-form-7 id=\"3700\" title=\"P\u0159edb\u011b\u017en\u00e1 rezervace CZ\"]<\/p>\n<p style=\"text-align: center;\">[themify_layout_part id=\"518\"]<\/p>","_links":{"self":[{"href":"https:\/\/www.apartmany-termal.sk\/cs\/wp-json\/wp\/v2\/pages\/335","targetHints":{"allow":["GET"]}}],"collection":[{"href":"https:\/\/www.apartmany-termal.sk\/cs\/wp-json\/wp\/v2\/pages"}],"about":[{"href":"https:\/\/www.apartmany-termal.sk\/cs\/wp-json\/wp\/v2\/types\/page"}],"author":[{"embeddable":true,"href":"https:\/\/www.apartmany-termal.sk\/cs\/wp-json\/wp\/v2\/users\/1"}],"replies":[{"embeddable":true,"href":"https:\/\/www.apartmany-termal.sk\/cs\/wp-json\/wp\/v2\/comments?post=335"}],"version-history":[{"count":9,"href":"https:\/\/www.apartmany-termal.sk\/cs\/wp-json\/wp\/v2\/pages\/335\/revisions"}],"predecessor-version":[{"id":3713,"href":"https:\/\/www.apartmany-termal.sk\/cs\/wp-json\/wp\/v2\/pages\/335\/revisions\/3713"}],"wp:attachment":[{"href":"https:\/\/www.apartmany-termal.sk\/cs\/wp-json\/wp\/v2\/media?parent=335"}],"curies":[{"name":"wp","href":"https:\/\/api.w.org\/{rel}","templated":true}]}}