{"id":434,"date":"2021-08-07T22:08:53","date_gmt":"2021-08-07T20:08:53","guid":{"rendered":"https:\/\/www.apartmany-termal.sk\/apartman-studio\/"},"modified":"2021-10-02T19:58:25","modified_gmt":"2021-10-02T17:58:25","slug":"apartman","status":"publish","type":"page","link":"https:\/\/www.apartmany-termal.sk\/cs\/apartman\/","title":{"rendered":"Apartm\u00e1n A (\u0160t\u00fadio)"},"content":{"rendered":"<!--themify_builder_content-->\n<div id=\"themify_builder_content-434\" data-postid=\"434\" class=\"themify_builder_content themify_builder_content-434 themify_builder tf_clear\">\n    \t<!-- module_row -->\n\t<div  data-lazy=\"1\" class=\"module_row themify_builder_row repeat tb_rxe9396 tb_first tf_clearfix\" >\n\t    \t\t<div class=\"row_inner col_align_middle tf_box tf_w tf_rel\">\n\t\t\t<div  data-lazy=\"1\" class=\"module_column tb-column col4-1 first tb_inwx397 tf_box\">\n\t\t\t    \t<\/div>\n\t\t<div  data-lazy=\"1\" class=\"module_column tb-column col4-2 middle tb_rj8i292 tf_box\">\n\t\t\t    \t        <div class=\"tb-column-inner tf_box tf_w\">\n\t\t    <!-- module text -->\n<div  class=\"module module-text tb_0kdl808   \" data-lazy=\"1\">\n        <div  class=\"tb_text_wrap\">\n    <div class=\"reserve_banner_text\">REZERVUJTE TERAZ A GARANTUJEME V\u00c1M TIE NAJLEP\u0160IE CENY !<\/div>    <\/div>\n<\/div>\n<!-- \/module text -->\t        <\/div>\n\t    \t<\/div>\n\t\t<div  data-lazy=\"1\" class=\"module_column tb-column col4-1 last tb_ukxd406 tf_box\">\n\t\t\t    \t        <div class=\"tb-column-inner tf_box tf_w\">\n\t\t    <!-- module buttons -->\n<div  class=\"module module-buttons tb_w239326 buttons-horizontal solid  rounded\" data-lazy=\"1\">\n    \t<div class=\"module-buttons-item tf_inline_b\">\n\t\t\t\t\t\t\t<a href=\"https:\/\/themify.me\/\" class=\"ui builder_button transparent\" target=\"_blank\" rel=\"noopener\">\n\t\t\t\t\t\t\t\t\t\t\t<span class=\"tf_inline_b tf_vmiddle\">Rezervova\u0165<\/span>\n\t\t\t\t\t\t\t\t\t\t\t<\/a>\n\t\t\t    \t<\/div>\n\t<\/div>\n<!-- \/module buttons -->\n\t        <\/div>\n\t    \t<\/div>\n\t\t    <\/div>\n\t    <!-- \/row_inner -->\n\t<\/div>\n\t<!-- \/module_row -->\n\t\t<!-- module_row -->\n\t<div  data-lazy=\"1\" class=\"module_row themify_builder_row tb_6qm233 tf_clearfix\" >\n\t    \t\t<div class=\"row_inner col_align_top tf_box tf_w tf_rel\">\n\t\t\t<div  data-lazy=\"1\" class=\"module_column tb-column col-full first tb_ziyd33 tf_box\">\n\t\t\t    \t        <div class=\"tb-column-inner tf_box tf_w\">\n\t\t    <!-- module text -->\n<div  class=\"module module-text tb_fwnh494   \" data-lazy=\"1\">\n        <div  class=\"tb_text_wrap\">\n    <h1 id=\"page-title\" class=\"page__title title\" style=\"text-align: center;\">APARTAMENT A<\/h1>    <\/div>\n<\/div>\n<!-- \/module text --><!-- module image -->\n<div  class=\"module module-image tb_wde7921   image-center tf_mw\" data-lazy=\"1\">\n        <div class=\"image-wrap tf_rel tf_mw\">\n\t\t    <img fetchpriority=\"high\" fetchpriority=\"high\" decoding=\"async\" width=\"637\" height=\"1080\" src=\"https:\/\/www.apartmany-termal.sk\/wp-content\/uploads\/2021\/10\/izba.png\" class=\"wp-post-image wp-image-1148\" title=\"izba\" alt=\"izba\" srcset=\"https:\/\/www.apartmany-termal.sk\/wp-content\/uploads\/2021\/10\/izba.png 637w, https:\/\/www.apartmany-termal.sk\/wp-content\/uploads\/2021\/10\/izba-177x300.png 177w, https:\/\/www.apartmany-termal.sk\/wp-content\/uploads\/2021\/10\/izba-604x1024.png 604w\" sizes=\"(max-width: 637px) 100vw, 637px\" \/>\t\n\t\t<\/div>\n\t<!-- \/image-wrap -->\n    \n    \t<\/div>\n<!-- \/module image --><!-- module image -->\n<div  class=\"module module-image tb_c2q3648   image-center tf_mw\" data-lazy=\"1\">\n        <div class=\"image-wrap tf_rel tf_mw\">\n\t\t    <img decoding=\"async\" width=\"637\" height=\"1080\" src=\"https:\/\/www.apartmany-termal.sk\/wp-content\/uploads\/2021\/10\/izba_fake.png\" class=\"wp-post-image wp-image-1143\" title=\"izba_fake\" alt=\"izba_fake\" srcset=\"https:\/\/www.apartmany-termal.sk\/wp-content\/uploads\/2021\/10\/izba_fake.png 637w, https:\/\/www.apartmany-termal.sk\/wp-content\/uploads\/2021\/10\/izba_fake-177x300.png 177w, https:\/\/www.apartmany-termal.sk\/wp-content\/uploads\/2021\/10\/izba_fake-604x1024.png 604w\" sizes=\"(max-width: 637px) 100vw, 637px\" \/>\t\n\t\t<\/div>\n\t<!-- \/image-wrap -->\n    \n    \t<\/div>\n<!-- \/module image --><!-- module image -->\n<div  class=\"module module-image tb_d2zf981   image-center tf_mw\" data-lazy=\"1\">\n        <div class=\"image-wrap tf_rel tf_mw\">\n\t\t    <img decoding=\"async\" width=\"1615\" height=\"1080\" src=\"https:\/\/www.apartmany-termal.sk\/wp-content\/uploads\/2021\/10\/1_2.jpg\" class=\"wp-post-image wp-image-1138\" title=\"1_2\" alt=\"1_2\" srcset=\"https:\/\/www.apartmany-termal.sk\/wp-content\/uploads\/2021\/10\/1_2.jpg 1615w, https:\/\/www.apartmany-termal.sk\/wp-content\/uploads\/2021\/10\/1_2-300x201.jpg 300w, https:\/\/www.apartmany-termal.sk\/wp-content\/uploads\/2021\/10\/1_2-1024x685.jpg 1024w, https:\/\/www.apartmany-termal.sk\/wp-content\/uploads\/2021\/10\/1_2-768x514.jpg 768w, https:\/\/www.apartmany-termal.sk\/wp-content\/uploads\/2021\/10\/1_2-1536x1027.jpg 1536w\" sizes=\"(max-width: 1615px) 100vw, 1615px\" \/>\t\n\t\t<\/div>\n\t<!-- \/image-wrap -->\n    \n    \t<\/div>\n<!-- \/module image --><!-- module image -->\n<div  class=\"module module-image tb_mn0n539   image-center tf_mw\" data-lazy=\"1\">\n        <div class=\"image-wrap tf_rel tf_mw\">\n\t\t    <img loading=\"lazy\" loading=\"lazy\" decoding=\"async\" width=\"1617\" height=\"1080\" src=\"https:\/\/www.apartmany-termal.sk\/wp-content\/uploads\/2021\/10\/2_2.jpg\" class=\"wp-post-image wp-image-1133\" title=\"2_2\" alt=\"2_2\" srcset=\"https:\/\/www.apartmany-termal.sk\/wp-content\/uploads\/2021\/10\/2_2.jpg 1617w, https:\/\/www.apartmany-termal.sk\/wp-content\/uploads\/2021\/10\/2_2-300x200.jpg 300w, https:\/\/www.apartmany-termal.sk\/wp-content\/uploads\/2021\/10\/2_2-1024x684.jpg 1024w, https:\/\/www.apartmany-termal.sk\/wp-content\/uploads\/2021\/10\/2_2-768x513.jpg 768w, https:\/\/www.apartmany-termal.sk\/wp-content\/uploads\/2021\/10\/2_2-1536x1026.jpg 1536w\" sizes=\"auto, (max-width: 1617px) 100vw, 1617px\" \/>\t\n\t\t<\/div>\n\t<!-- \/image-wrap -->\n    \n    \t<\/div>\n<!-- \/module image --><!-- module image -->\n<div  class=\"module module-image tb_1896473   image-center tf_mw\" data-lazy=\"1\">\n        <div class=\"image-wrap tf_rel tf_mw\">\n\t\t    <img loading=\"lazy\" loading=\"lazy\" decoding=\"async\" width=\"1617\" height=\"1080\" src=\"https:\/\/www.apartmany-termal.sk\/wp-content\/uploads\/2021\/10\/3_2.jpg\" class=\"wp-post-image wp-image-1128\" title=\"3_2\" alt=\"3_2\" srcset=\"https:\/\/www.apartmany-termal.sk\/wp-content\/uploads\/2021\/10\/3_2.jpg 1617w, https:\/\/www.apartmany-termal.sk\/wp-content\/uploads\/2021\/10\/3_2-300x200.jpg 300w, https:\/\/www.apartmany-termal.sk\/wp-content\/uploads\/2021\/10\/3_2-1024x684.jpg 1024w, https:\/\/www.apartmany-termal.sk\/wp-content\/uploads\/2021\/10\/3_2-768x513.jpg 768w, https:\/\/www.apartmany-termal.sk\/wp-content\/uploads\/2021\/10\/3_2-1536x1026.jpg 1536w\" sizes=\"auto, (max-width: 1617px) 100vw, 1617px\" \/>\t\n\t\t<\/div>\n\t<!-- \/image-wrap -->\n    \n    \t<\/div>\n<!-- \/module image --><!-- module image -->\n<div  class=\"module module-image tb_m0ey308   image-center tf_mw\" data-lazy=\"1\">\n        <div class=\"image-wrap tf_rel tf_mw\">\n\t\t    <img loading=\"lazy\" loading=\"lazy\" decoding=\"async\" width=\"1617\" height=\"1080\" src=\"https:\/\/www.apartmany-termal.sk\/wp-content\/uploads\/2021\/10\/4_2.jpg\" class=\"wp-post-image wp-image-1123\" title=\"4_2\" alt=\"4_2\" srcset=\"https:\/\/www.apartmany-termal.sk\/wp-content\/uploads\/2021\/10\/4_2.jpg 1617w, https:\/\/www.apartmany-termal.sk\/wp-content\/uploads\/2021\/10\/4_2-300x200.jpg 300w, https:\/\/www.apartmany-termal.sk\/wp-content\/uploads\/2021\/10\/4_2-1024x684.jpg 1024w, https:\/\/www.apartmany-termal.sk\/wp-content\/uploads\/2021\/10\/4_2-768x513.jpg 768w, https:\/\/www.apartmany-termal.sk\/wp-content\/uploads\/2021\/10\/4_2-1536x1026.jpg 1536w\" sizes=\"auto, (max-width: 1617px) 100vw, 1617px\" \/>\t\n\t\t<\/div>\n\t<!-- \/image-wrap -->\n    \n    \t<\/div>\n<!-- \/module image --><!-- module image -->\n<div  class=\"module module-image tb_eaef457   image-center tf_mw\" data-lazy=\"1\">\n        <div class=\"image-wrap tf_rel tf_mw\">\n\t\t    <img loading=\"lazy\" loading=\"lazy\" decoding=\"async\" width=\"1618\" height=\"1080\" src=\"https:\/\/www.apartmany-termal.sk\/wp-content\/uploads\/2021\/10\/5_2.jpg\" class=\"wp-post-image wp-image-1118\" title=\"5_2\" alt=\"5_2\" srcset=\"https:\/\/www.apartmany-termal.sk\/wp-content\/uploads\/2021\/10\/5_2.jpg 1618w, https:\/\/www.apartmany-termal.sk\/wp-content\/uploads\/2021\/10\/5_2-300x200.jpg 300w, https:\/\/www.apartmany-termal.sk\/wp-content\/uploads\/2021\/10\/5_2-1024x684.jpg 1024w, https:\/\/www.apartmany-termal.sk\/wp-content\/uploads\/2021\/10\/5_2-768x513.jpg 768w, https:\/\/www.apartmany-termal.sk\/wp-content\/uploads\/2021\/10\/5_2-1536x1025.jpg 1536w\" sizes=\"auto, (max-width: 1618px) 100vw, 1618px\" \/>\t\n\t\t<\/div>\n\t<!-- \/image-wrap -->\n    \n    \t<\/div>\n<!-- \/module image --><!-- module image -->\n<div  class=\"module module-image tb_x9oc971   image-center tf_mw\" data-lazy=\"1\">\n        <div class=\"image-wrap tf_rel tf_mw\">\n\t\t    <img loading=\"lazy\" loading=\"lazy\" decoding=\"async\" width=\"1618\" height=\"1080\" src=\"https:\/\/www.apartmany-termal.sk\/wp-content\/uploads\/2021\/10\/62_2.jpg\" class=\"wp-post-image wp-image-1113\" title=\"62_2\" alt=\"62_2\" srcset=\"https:\/\/www.apartmany-termal.sk\/wp-content\/uploads\/2021\/10\/62_2.jpg 1618w, https:\/\/www.apartmany-termal.sk\/wp-content\/uploads\/2021\/10\/62_2-300x200.jpg 300w, https:\/\/www.apartmany-termal.sk\/wp-content\/uploads\/2021\/10\/62_2-1024x684.jpg 1024w, https:\/\/www.apartmany-termal.sk\/wp-content\/uploads\/2021\/10\/62_2-768x513.jpg 768w, https:\/\/www.apartmany-termal.sk\/wp-content\/uploads\/2021\/10\/62_2-1536x1025.jpg 1536w\" sizes=\"auto, (max-width: 1618px) 100vw, 1618px\" \/>\t\n\t\t<\/div>\n\t<!-- \/image-wrap -->\n    \n    \t<\/div>\n<!-- \/module image --><!-- module text -->\n<div  class=\"module module-text tb_hbz9375   \" data-lazy=\"1\">\n        <div  class=\"tb_text_wrap\">\n    <div class=\"field field-name-body field-type-text-with-summary field-label-hidden\">\n<div class=\"field-items\">\n<div class=\"field-item even\">\n<div class=\"field field-name-body field-type-text-with-summary field-label-hidden\">\n<div class=\"field-items\">\n<div class=\"field-item even\">\n<div class=\"field field-name-body field-type-text-with-summary field-label-hidden\">\n<div class=\"field-items\">\n<div class=\"field-item even\">\n<p>Dvoul\u016f\u017ekov\u00fd apartm\u00e1n se skl\u00e1d\u00e1 z jedn\u00e9 obytn\u00e9 m\u00edstnosti s vlastn\u00edm soci\u00e1ln\u00edm za\u0159\u00edzen\u00edm \/je mo\u017en\u00e9 dolo\u017eit p\u0159ist\u00fdlku (roztahovac\u00ed postel)\/<\/p>\n<\/div>\n<\/div>\n<\/div>\n<div class=\"field field-name-field-vybava field-type-text-with-summary field-label-hidden\">\n<div class=\"field-items\">\n<div class=\"field-item even\">\n<h2><strong>Obytn\u00e1 m\u00edstnost:<\/strong><\/h2>\n<ul>\n<li>man\u017eelsk\u00e1 postel\u00a0<\/li>\n<li>LCD TV,<\/li>\n<li>telefon,<\/li>\n<li>trezor,<\/li>\n<li>bezplatn\u00e9 Wi-Fi,<\/li>\n<li>st\u016fl + \u017eidle,<\/li>\n<li>balkon<br>\u00a0<\/li>\n<\/ul>\n<\/div>\n<\/div>\n<\/div>\n<div class=\"field field-name-field-vybava-vpravo field-type-text-with-summary field-label-hidden\">\n<div class=\"field-items\">\n<div class=\"field-item even\">\n<h2><strong>Kuchy\u0148sk\u00fd koutek se za\u0159\u00edzenou kuchy\u0148skou linkou:<\/strong><\/h2>\n<ul>\n<li>elektrick\u00e1 dvojplot\u00fdnka,<\/li>\n<li>ledni\u010dka,<\/li>\n<li>mikrovlnn\u00e1 trouba,<\/li>\n<li>rychlovarn\u00e1 konvice,<\/li>\n<li>n\u00e1dob\u00ed<\/li>\n<\/ul>\n<h2><strong>Soci\u00e1ln\u00ed za\u0159\u00edzen\u00ed:<\/strong><\/h2>\n<ul>\n<li>WC se sprchov\u00fdm koutem<\/li>\n<\/ul>\n<\/div>\n<\/div>\n<\/div>\n<\/div>\n<\/div>\n<\/div>\n<\/div>\n<\/div>\n<\/div>    <\/div>\n<\/div>\n<!-- \/module text -->\t        <\/div>\n\t    \t<\/div>\n\t\t    <\/div>\n\t    <!-- \/row_inner -->\n\t<\/div>\n\t<!-- \/module_row -->\n\t\t<!-- module_row -->\n\t<div  data-lazy=\"1\" class=\"module_row themify_builder_row tb_5lv8671 tf_clearfix\" >\n\t    \t\t<div class=\"row_inner col_align_middle tf_box tf_w tf_rel\">\n\t\t\t<div  data-lazy=\"1\" class=\"module_column tb-column col-full first tb_6j3l671 tf_box\">\n\t\t\t    \t        <div class=\"tb-column-inner tf_box tf_w\">\n\t\t    <!-- module text -->\n<div  class=\"module module-text tb_k2ot672   \" data-lazy=\"1\">\n        <div  class=\"tb_text_wrap\">\n    <div class=\"tb_layout_part_wrap tf_w\"><!--themify_builder_content-->\n    <div  class=\"themify_builder_content themify_builder_content-518 themify_builder not_editable_builder in_the_loop\" data-postid=\"518\">\n        \t<!-- module_row -->\n\t<div  data-lazy=\"1\" class=\"module_row themify_builder_row tb_qmoj352 tf_clearfix\" >\n\t    \t\t<div class=\"row_inner col_align_top tf_box tf_w tf_rel\">\n\t\t\t<div  data-lazy=\"1\" class=\"module_column tb-column col-full first tb_nq1m352 tf_box\">\n\t\t\t    \t        <div class=\"tb-column-inner tf_box tf_w\">\n\t\t    <!-- module text -->\n<div  class=\"module module-text tb_ilov346   \" data-lazy=\"1\">\n        <div  class=\"tb_text_wrap\">\n    <h2 style=\"text-align: center;\">CESTA DO APARTM\u00c1NOV TERMAL***<\/h2>    <\/div>\n<\/div>\n<!-- \/module text --><!-- module image -->\n<div  class=\"module module-image tb_hwfa280   image-center tf_mw\" data-lazy=\"1\">\n        <div class=\"image-wrap tf_rel tf_mw\">\n\t\t    <img loading=\"lazy\" decoding=\"async\" loading=\"lazy\" loading=\"lazy\" width=\"1844\" height=\"994\" src=\"https:\/\/www.apartmany-termal.sk\/wp-content\/uploads\/2021\/08\/apartmany-termal-dunajska-streda-trasa.jpg\" class=\"wp-post-image wp-image-128\" title=\"apartmany-termal-dunajska-streda-trasa\" alt=\"apartmany-termal-dunajska-streda-trasa\" srcset=\"https:\/\/www.apartmany-termal.sk\/wp-content\/uploads\/2021\/08\/apartmany-termal-dunajska-streda-trasa.jpg 1844w, https:\/\/www.apartmany-termal.sk\/wp-content\/uploads\/2021\/08\/apartmany-termal-dunajska-streda-trasa-300x162.jpg 300w, https:\/\/www.apartmany-termal.sk\/wp-content\/uploads\/2021\/08\/apartmany-termal-dunajska-streda-trasa-1024x552.jpg 1024w, https:\/\/www.apartmany-termal.sk\/wp-content\/uploads\/2021\/08\/apartmany-termal-dunajska-streda-trasa-768x414.jpg 768w, https:\/\/www.apartmany-termal.sk\/wp-content\/uploads\/2021\/08\/apartmany-termal-dunajska-streda-trasa-1536x828.jpg 1536w\" sizes=\"auto, (max-width: 1844px) 100vw, 1844px\" \/>\t\n\t\t<\/div>\n\t<!-- \/image-wrap -->\n    \n    \t<\/div>\n<!-- \/module image -->\t        <\/div>\n\t    \t<\/div>\n\t\t    <\/div>\n\t    <!-- \/row_inner -->\n\t<\/div>\n\t<!-- \/module_row -->\n\t\t<!-- module_row -->\n\t<div  data-lazy=\"1\" class=\"module_row themify_builder_row tb_7tqy868 tf_clearfix\">\n\t    \t\t<div class=\"row_inner col_align_top tf_box tf_w tf_rel\">\n\t\t\t<div  data-lazy=\"1\" class=\"module_column tb-column col2-1 first tb_2kju869 tf_box\">\n\t\t\t    \t        <div class=\"tb-column-inner tf_box tf_w\">\n\t\t    <!-- module text -->\n<div  class=\"module module-text tb_r2h0146   \" data-lazy=\"1\">\n        <div  class=\"tb_text_wrap\">\n    <p><strong>1.<\/strong> Odbo\u010dte doprava cez rampu vpravo<br><strong>2.<\/strong> Cho\u010fte 150 metrov rovno<br><strong>3.<\/strong> Odbo\u010dte do\u013eava<br><strong>4.<\/strong> Po 40 metroch odbo\u010dte doprava a pr\u00eddete do Apartm\u00e1nov Termal***<br><strong>5.<\/strong> Po pr\u00edchode sa hl\u00e1ste na recepcii<\/p>    <\/div>\n<\/div>\n<!-- \/module text -->\t        <\/div>\n\t    \t<\/div>\n\t\t<div  data-lazy=\"1\" class=\"module_column tb-column col2-1 last tb_uvv5869 tf_box\">\n\t\t\t    \t        <div class=\"tb-column-inner tf_box tf_w\">\n\t\t    <!-- module box -->\n<div  class=\"module module-box tb_b8ba566 \" data-lazy=\"1\">\n        <div class=\"module-box-content ui rounded tb_default_color \">\n\t\t\t\t<div class=\"tb_text_wrap\"><div style=\"text-align: center;\"><span style=\"background-color: initial; color: var( --e-global-color-text ); font-family: var( --e-global-typography-text-font-family ), Sans-serif; font-size: 1em; font-weight: var( --e-global-typography-text-font-weight ); text-align: var(--text-align);\"><strong>GPS s\u00faradnice cie\u013ea<\/strong> (Apartm\u00e1ny Term\u00e1l):<\/span><\/div>\n<div style=\"text-align: center;\"><span style=\"background-color: initial; color: var( --e-global-color-text ); font-family: var( --e-global-typography-text-font-family ), Sans-serif; font-size: 1em; font-weight: var( --e-global-typography-text-font-weight ); text-align: var(--text-align);\">\u0161\u00edrka: 47\u00b059\u201907.20\u2033 dl\u017eka: 17\u00b036\u201929.62\u2033<\/span><\/div><\/div>\n    <\/div>\n<\/div>\n<!-- \/module box -->\n\t        <\/div>\n\t    \t<\/div>\n\t\t    <\/div>\n\t    <!-- \/row_inner -->\n\t<\/div>\n\t<!-- \/module_row -->\n\t    <\/div>\n<!--\/themify_builder_content--><\/div>\n    <\/div>\n<\/div>\n<!-- \/module text -->\t        <\/div>\n\t    \t<\/div>\n\t\t    <\/div>\n\t    <!-- \/row_inner -->\n\t<\/div>\n\t<!-- \/module_row -->\n\t<\/div>\n<!--\/themify_builder_content-->","protected":false},"excerpt":{"rendered":"<p>REZERVUJTE TERAZ A GARANTUJEME V\u00c1M TIE NAJLEP\u0160IE CENY ! Rezervova\u0165 APARTAMENT A Dvoul\u016f\u017ekov\u00fd apartm\u00e1n se skl\u00e1d\u00e1 z jedn\u00e9 obytn\u00e9 m\u00edstnosti s vlastn\u00edm soci\u00e1ln\u00edm za\u0159\u00edzen\u00edm \/je mo\u017en\u00e9 dolo\u017eit p\u0159ist\u00fdlku (roztahovac\u00ed postel)\/ Obytn\u00e1 m\u00edstnost: man\u017eelsk\u00e1 postel\u00a0 LCD TV, telefon, trezor, bezplatn\u00e9 Wi-Fi, st\u016fl + \u017eidle, balkon\u00a0 Kuchy\u0148sk\u00fd koutek se za\u0159\u00edzenou kuchy\u0148skou linkou: elektrick\u00e1 dvojplot\u00fdnka, ledni\u010dka, mikrovlnn\u00e1 trouba, [&hellip;]<\/p>\n","protected":false},"author":1,"featured_media":0,"parent":0,"menu_order":0,"comment_status":"closed","ping_status":"closed","template":"","meta":{"footnotes":""},"class_list":["post-434","page","type-page","status-publish","hentry","has-post-title","has-post-date","has-post-category","has-post-tag","has-post-comment","has-post-author",""],"builder_content":"REZERVUJTE TERAZ A GARANTUJEME V\u00c1M TIE NAJLEP\u0160IE CENY !\n<a href=\"https:\/\/themify.me\/\" > Rezervova\u0165 <\/a>\n<h1 id=\"page-title\" style=\"text-align: center;\">APARTAMENT A<\/h1>\n<img fetchpriority=\"high\" decoding=\"async\" width=\"637\" height=\"1080\" src=\"https:\/\/www.apartmany-termal.sk\/wp-content\/uploads\/2021\/10\/izba.png\" title=\"izba\" alt=\"izba\" srcset=\"https:\/\/www.apartmany-termal.sk\/wp-content\/uploads\/2021\/10\/izba.png 637w, https:\/\/www.apartmany-termal.sk\/wp-content\/uploads\/2021\/10\/izba-177x300.png 177w, https:\/\/www.apartmany-termal.sk\/wp-content\/uploads\/2021\/10\/izba-604x1024.png 604w\" sizes=\"(max-width: 637px) 100vw, 637px\" \/>\n<img decoding=\"async\" width=\"637\" height=\"1080\" src=\"https:\/\/www.apartmany-termal.sk\/wp-content\/uploads\/2021\/10\/izba_fake.png\" title=\"izba_fake\" alt=\"izba_fake\" srcset=\"https:\/\/www.apartmany-termal.sk\/wp-content\/uploads\/2021\/10\/izba_fake.png 637w, https:\/\/www.apartmany-termal.sk\/wp-content\/uploads\/2021\/10\/izba_fake-177x300.png 177w, https:\/\/www.apartmany-termal.sk\/wp-content\/uploads\/2021\/10\/izba_fake-604x1024.png 604w\" sizes=\"(max-width: 637px) 100vw, 637px\" \/>\n<img decoding=\"async\" width=\"1615\" height=\"1080\" src=\"https:\/\/www.apartmany-termal.sk\/wp-content\/uploads\/2021\/10\/1_2.jpg\" title=\"1_2\" alt=\"1_2\" srcset=\"https:\/\/www.apartmany-termal.sk\/wp-content\/uploads\/2021\/10\/1_2.jpg 1615w, https:\/\/www.apartmany-termal.sk\/wp-content\/uploads\/2021\/10\/1_2-300x201.jpg 300w, https:\/\/www.apartmany-termal.sk\/wp-content\/uploads\/2021\/10\/1_2-1024x685.jpg 1024w, https:\/\/www.apartmany-termal.sk\/wp-content\/uploads\/2021\/10\/1_2-768x514.jpg 768w, https:\/\/www.apartmany-termal.sk\/wp-content\/uploads\/2021\/10\/1_2-1536x1027.jpg 1536w\" sizes=\"(max-width: 1615px) 100vw, 1615px\" \/>\n<img loading=\"lazy\" decoding=\"async\" width=\"1617\" height=\"1080\" src=\"https:\/\/www.apartmany-termal.sk\/wp-content\/uploads\/2021\/10\/2_2.jpg\" title=\"2_2\" alt=\"2_2\" srcset=\"https:\/\/www.apartmany-termal.sk\/wp-content\/uploads\/2021\/10\/2_2.jpg 1617w, https:\/\/www.apartmany-termal.sk\/wp-content\/uploads\/2021\/10\/2_2-300x200.jpg 300w, https:\/\/www.apartmany-termal.sk\/wp-content\/uploads\/2021\/10\/2_2-1024x684.jpg 1024w, https:\/\/www.apartmany-termal.sk\/wp-content\/uploads\/2021\/10\/2_2-768x513.jpg 768w, https:\/\/www.apartmany-termal.sk\/wp-content\/uploads\/2021\/10\/2_2-1536x1026.jpg 1536w\" sizes=\"(max-width: 1617px) 100vw, 1617px\" \/>\n<img loading=\"lazy\" decoding=\"async\" width=\"1617\" height=\"1080\" src=\"https:\/\/www.apartmany-termal.sk\/wp-content\/uploads\/2021\/10\/3_2.jpg\" title=\"3_2\" alt=\"3_2\" srcset=\"https:\/\/www.apartmany-termal.sk\/wp-content\/uploads\/2021\/10\/3_2.jpg 1617w, https:\/\/www.apartmany-termal.sk\/wp-content\/uploads\/2021\/10\/3_2-300x200.jpg 300w, https:\/\/www.apartmany-termal.sk\/wp-content\/uploads\/2021\/10\/3_2-1024x684.jpg 1024w, https:\/\/www.apartmany-termal.sk\/wp-content\/uploads\/2021\/10\/3_2-768x513.jpg 768w, https:\/\/www.apartmany-termal.sk\/wp-content\/uploads\/2021\/10\/3_2-1536x1026.jpg 1536w\" sizes=\"(max-width: 1617px) 100vw, 1617px\" \/>\n<img loading=\"lazy\" decoding=\"async\" width=\"1617\" height=\"1080\" src=\"https:\/\/www.apartmany-termal.sk\/wp-content\/uploads\/2021\/10\/4_2.jpg\" title=\"4_2\" alt=\"4_2\" srcset=\"https:\/\/www.apartmany-termal.sk\/wp-content\/uploads\/2021\/10\/4_2.jpg 1617w, https:\/\/www.apartmany-termal.sk\/wp-content\/uploads\/2021\/10\/4_2-300x200.jpg 300w, https:\/\/www.apartmany-termal.sk\/wp-content\/uploads\/2021\/10\/4_2-1024x684.jpg 1024w, https:\/\/www.apartmany-termal.sk\/wp-content\/uploads\/2021\/10\/4_2-768x513.jpg 768w, https:\/\/www.apartmany-termal.sk\/wp-content\/uploads\/2021\/10\/4_2-1536x1026.jpg 1536w\" sizes=\"(max-width: 1617px) 100vw, 1617px\" \/>\n<img loading=\"lazy\" decoding=\"async\" width=\"1618\" height=\"1080\" src=\"https:\/\/www.apartmany-termal.sk\/wp-content\/uploads\/2021\/10\/5_2.jpg\" title=\"5_2\" alt=\"5_2\" srcset=\"https:\/\/www.apartmany-termal.sk\/wp-content\/uploads\/2021\/10\/5_2.jpg 1618w, https:\/\/www.apartmany-termal.sk\/wp-content\/uploads\/2021\/10\/5_2-300x200.jpg 300w, https:\/\/www.apartmany-termal.sk\/wp-content\/uploads\/2021\/10\/5_2-1024x684.jpg 1024w, https:\/\/www.apartmany-termal.sk\/wp-content\/uploads\/2021\/10\/5_2-768x513.jpg 768w, https:\/\/www.apartmany-termal.sk\/wp-content\/uploads\/2021\/10\/5_2-1536x1025.jpg 1536w\" sizes=\"(max-width: 1618px) 100vw, 1618px\" \/>\n<img loading=\"lazy\" decoding=\"async\" width=\"1618\" height=\"1080\" src=\"https:\/\/www.apartmany-termal.sk\/wp-content\/uploads\/2021\/10\/62_2.jpg\" title=\"62_2\" alt=\"62_2\" srcset=\"https:\/\/www.apartmany-termal.sk\/wp-content\/uploads\/2021\/10\/62_2.jpg 1618w, https:\/\/www.apartmany-termal.sk\/wp-content\/uploads\/2021\/10\/62_2-300x200.jpg 300w, https:\/\/www.apartmany-termal.sk\/wp-content\/uploads\/2021\/10\/62_2-1024x684.jpg 1024w, https:\/\/www.apartmany-termal.sk\/wp-content\/uploads\/2021\/10\/62_2-768x513.jpg 768w, https:\/\/www.apartmany-termal.sk\/wp-content\/uploads\/2021\/10\/62_2-1536x1025.jpg 1536w\" sizes=\"(max-width: 1618px) 100vw, 1618px\" \/>\n<p>Dvoul\u016f\u017ekov\u00fd apartm\u00e1n se skl\u00e1d\u00e1 z jedn\u00e9 obytn\u00e9 m\u00edstnosti s vlastn\u00edm soci\u00e1ln\u00edm za\u0159\u00edzen\u00edm \/je mo\u017en\u00e9 dolo\u017eit p\u0159ist\u00fdlku (roztahovac\u00ed postel)\/<\/p>\n<h2><strong>Obytn\u00e1 m\u00edstnost:<\/strong><\/h2> <ul> <li>man\u017eelsk\u00e1 postel\u00a0<\/li> <li>LCD TV,<\/li> <li>telefon,<\/li> <li>trezor,<\/li> <li>bezplatn\u00e9 Wi-Fi,<\/li> <li>st\u016fl + \u017eidle,<\/li> <li>balkon<br>\u00a0<\/li> <\/ul>\n<h2><strong>Kuchy\u0148sk\u00fd koutek se za\u0159\u00edzenou kuchy\u0148skou linkou:<\/strong><\/h2> <ul> <li>elektrick\u00e1 dvojplot\u00fdnka,<\/li> <li>ledni\u010dka,<\/li> <li>mikrovlnn\u00e1 trouba,<\/li> <li>rychlovarn\u00e1 konvice,<\/li> <li>n\u00e1dob\u00ed<\/li> <\/ul> <h2><strong>Soci\u00e1ln\u00ed za\u0159\u00edzen\u00ed:<\/strong><\/h2> <ul> <li>WC se sprchov\u00fdm koutem<\/li> <\/ul>\n<p>[themify_layout_part id=\"518\"]<\/p>","_links":{"self":[{"href":"https:\/\/www.apartmany-termal.sk\/cs\/wp-json\/wp\/v2\/pages\/434","targetHints":{"allow":["GET"]}}],"collection":[{"href":"https:\/\/www.apartmany-termal.sk\/cs\/wp-json\/wp\/v2\/pages"}],"about":[{"href":"https:\/\/www.apartmany-termal.sk\/cs\/wp-json\/wp\/v2\/types\/page"}],"author":[{"embeddable":true,"href":"https:\/\/www.apartmany-termal.sk\/cs\/wp-json\/wp\/v2\/users\/1"}],"replies":[{"embeddable":true,"href":"https:\/\/www.apartmany-termal.sk\/cs\/wp-json\/wp\/v2\/comments?post=434"}],"version-history":[{"count":0,"href":"https:\/\/www.apartmany-termal.sk\/cs\/wp-json\/wp\/v2\/pages\/434\/revisions"}],"wp:attachment":[{"href":"https:\/\/www.apartmany-termal.sk\/cs\/wp-json\/wp\/v2\/media?parent=434"}],"curies":[{"name":"wp","href":"https:\/\/api.w.org\/{rel}","templated":true}]}}