{"id":5342,"date":"2023-12-21T16:06:18","date_gmt":"2023-12-21T15:06:18","guid":{"rendered":"https:\/\/www.apartmany-termal.sk\/?page_id=5342"},"modified":"2026-04-20T16:05:05","modified_gmt":"2026-04-20T14:05:05","slug":"wellness-pobyty-dunajska-streda-apartmany-termal","status":"publish","type":"page","link":"https:\/\/www.apartmany-termal.sk\/cs\/wellness-pobyty-dunajska-streda-apartmany-termal\/","title":{"rendered":"Wellness pobyty Dunajsk\u00e1 Streda \u2013 Apartmany Termal ***"},"content":{"rendered":"\t\t<div data-elementor-type=\"wp-page\" data-elementor-id=\"5342\" class=\"elementor elementor-5342\">\n\t\t\t\t<div class=\"elementor-element elementor-element-35b0f7ab e-con-full e-flex e-con e-parent\" data-id=\"35b0f7ab\" data-element_type=\"container\" data-e-type=\"container\" data-settings=\"{&quot;background_background&quot;:&quot;classic&quot;}\">\n\t\t<div class=\"elementor-element elementor-element-86b1c8e e-flex e-con-boxed e-con e-child\" data-id=\"86b1c8e\" data-element_type=\"container\" data-e-type=\"container\">\n\t\t\t\t\t<div class=\"e-con-inner\">\n\t\t\t\t<div class=\"elementor-element elementor-element-5d64d4c elementor-widget elementor-widget-text-editor\" data-id=\"5d64d4c\" data-element_type=\"widget\" data-e-type=\"widget\" data-widget_type=\"text-editor.default\">\n\t\t\t\t<div class=\"elementor-widget-container\">\n\t\t\t\t\t\t\t\t\tREZERVUJTE NYN\u00cd A GARANTUJEME V\u00c1M TY NEJLEP\u0160\u00cd CENY!\t\t\t\t\t\t\t\t<\/div>\n\t\t\t\t<\/div>\n\t\t\t\t<div class=\"elementor-element elementor-element-d883f37 elementor-align-center elementor-widget elementor-widget-button\" data-id=\"d883f37\" data-element_type=\"widget\" data-e-type=\"widget\" data-widget_type=\"button.default\">\n\t\t\t\t<div class=\"elementor-widget-container\">\n\t\t\t\t\t\t\t\t\t<div class=\"elementor-button-wrapper\">\n\t\t\t\t\t<a class=\"elementor-button elementor-button-link elementor-size-md elementor-animation-grow\" href=\"https:\/\/www.apartmany-termal.sk\/cs\/predbezna-rezervace\/\">\n\t\t\t\t\t\t<span class=\"elementor-button-content-wrapper\">\n\t\t\t\t\t\t\t\t\t<span class=\"elementor-button-text\">Rezervovat<\/span>\n\t\t\t\t\t<\/span>\n\t\t\t\t\t<\/a>\n\t\t\t\t<\/div>\n\t\t\t\t\t\t\t\t<\/div>\n\t\t\t\t<\/div>\n\t\t\t\t\t<\/div>\n\t\t\t\t<\/div>\n\t\t\t\t<\/div>\n\t\t<div class=\"elementor-element elementor-element-a6cf6e5 e-flex e-con-boxed e-con e-parent\" data-id=\"a6cf6e5\" data-element_type=\"container\" data-e-type=\"container\">\n\t\t\t\t\t<div class=\"e-con-inner\">\n\t\t\t\t<div class=\"elementor-element elementor-element-11be5ca elementor-invisible elementor-widget elementor-widget-heading\" data-id=\"11be5ca\" data-element_type=\"widget\" data-e-type=\"widget\" data-settings=\"{&quot;_animation&quot;:&quot;fadeInUp&quot;}\" data-widget_type=\"heading.default\">\n\t\t\t\t<div class=\"elementor-widget-container\">\n\t\t\t\t\t<h1 class=\"elementor-heading-title elementor-size-default\">Wellness pobyty Dunajsk\u00e1 Streda \u2013 Apartmany Termal ***<\/h1>\t\t\t\t<\/div>\n\t\t\t\t<\/div>\n\t\t<div class=\"elementor-element elementor-element-0c5e869 e-flex e-con-boxed elementor-invisible e-con e-child\" data-id=\"0c5e869\" data-element_type=\"container\" data-e-type=\"container\" data-settings=\"{&quot;animation&quot;:&quot;fadeInUp&quot;}\">\n\t\t\t\t\t<div class=\"e-con-inner\">\n\t\t<div class=\"elementor-element elementor-element-1bff2a4 e-con-full e-flex e-con e-child\" data-id=\"1bff2a4\" data-element_type=\"container\" data-e-type=\"container\">\n\t\t\t\t<div class=\"elementor-element elementor-element-fc0331d elementor-widget elementor-widget-heading\" data-id=\"fc0331d\" data-element_type=\"widget\" data-e-type=\"widget\" data-widget_type=\"heading.default\">\n\t\t\t\t<div class=\"elementor-widget-container\">\n\t\t\t\t\t<h2 class=\"elementor-heading-title elementor-size-default\">NAB\u00cdDKA UBYTOV\u00c1N\u00cd APARTM\u00c1NOV\u00c9 DOMY TERM\u00c1L \u2013 DUNAJSK\u00c1 ST\u0158EDA<\/h2>\t\t\t\t<\/div>\n\t\t\t\t<\/div>\n\t\t\t\t<div class=\"elementor-element elementor-element-838ac66 elementor-widget elementor-widget-text-editor\" data-id=\"838ac66\" data-element_type=\"widget\" data-e-type=\"widget\" data-widget_type=\"text-editor.default\">\n\t\t\t\t<div class=\"elementor-widget-container\">\n\t\t\t\t\t\t\t\t\t<p>Specializujeme se na wellness pobyty. Nach\u00e1z\u00edme se v srdci m\u011bsta Dunajsk\u00e1 Streda, kde poskytujeme unik\u00e1tn\u00ed wellness slu\u017eby a pobyty pro p\u00e1ry, rodiny a seniory. N\u00e1\u0161 wellness pobyt v Dunajsk\u00e9 Stred\u011b nab\u00edz\u00ed skv\u011bl\u00fd zp\u016fsob, jak se zbavit stresu a zregenerovat t\u011blo i mysl.<\/p>\n<p>Nab\u00edz\u00edme \u0161irokou \u0161k\u00e1lu procedur a terapi\u00ed, kter\u00e9 jsou navr\u017eeny tak, aby vyhovovaly individu\u00e1ln\u00edm pot\u0159eb\u00e1m ka\u017ed\u00e9ho hosta.<\/p>\n<p>Apartm\u00e1nov\u00e9 domy Term\u00e1l jsou ide\u00e1ln\u00edm m\u00edstem pro wellness pobyty v Dunajsk\u00e9 Stred\u011b. U\u017eijte si relax v na\u0161em modern\u011b vybaven\u00e9m wellness centru. Nab\u00edz\u00edme tak\u00e9 wellness pobyty pro rodiny s d\u011btmi i pro seniory, kte\u0159\u00ed si cht\u011bj\u00ed dop\u0159\u00e1t relax a pohodl\u00ed.<\/p>\t\t\t\t\t\t\t\t<\/div>\n\t\t\t\t<\/div>\n\t\t\t\t<\/div>\n\t\t\t\t\t<\/div>\n\t\t\t\t<\/div>\n\t\t<div class=\"elementor-element elementor-element-350d075 e-con-full e-flex elementor-invisible e-con e-child\" data-id=\"350d075\" data-element_type=\"container\" data-e-type=\"container\" data-settings=\"{&quot;animation&quot;:&quot;fadeInUp&quot;}\">\n\t\t<div class=\"elementor-element elementor-element-6085df9 e-con-full e-grid e-con e-child\" data-id=\"6085df9\" data-element_type=\"container\" data-e-type=\"container\">\n\t\t\t\t<div class=\"elementor-element elementor-element-a4fc7de content-align--mobilecta-center content-align-cta-default eael-cta-overlay-yes elementor-invisible elementor-widget elementor-widget-eael-cta-box\" data-id=\"a4fc7de\" data-element_type=\"widget\" data-e-type=\"widget\" data-settings=\"{&quot;_animation&quot;:&quot;zoomIn&quot;}\" data-widget_type=\"eael-cta-box.default\">\n\t\t\t\t<div class=\"elementor-widget-container\">\n\t\t\t\t\t\t\t<div class=\"eael-call-to-action cta-basic bg-img cta-preset-1\">\n        <h4 class=\"sub-title\"> ROK 2025\/2026<\/h4><h2 class=\"title eael-cta-heading\">KOMFORT POBYT S POLOPENZ\u00cd<\/h2><a href=\"https:\/\/www.apartmany-termal.sk\/cs\/komfort-pobyt-s-polopenzi\/\" class=\"cta-button cta-preset-1  effect-2\">V\u00edce info<\/a>\t<\/div>\n\t\t\t\t\t\t\t\t<\/div>\n\t\t\t\t<\/div>\n\t\t\t\t<div class=\"elementor-element elementor-element-32e1318 content-align--mobilecta-center content-align-cta-default eael-cta-overlay-yes elementor-invisible elementor-widget elementor-widget-eael-cta-box\" data-id=\"32e1318\" data-element_type=\"widget\" data-e-type=\"widget\" data-settings=\"{&quot;_animation&quot;:&quot;zoomIn&quot;}\" data-widget_type=\"eael-cta-box.default\">\n\t\t\t\t<div class=\"elementor-widget-container\">\n\t\t\t\t\t\t\t<div class=\"eael-call-to-action cta-basic bg-img cta-preset-1\">\n        <h4 class=\"sub-title\">Jaro 2026<\/h4><h2 class=\"title eael-cta-heading\">JARN\u00cd WELLNESS POBYT<\/h2><a href=\"https:\/\/www.apartmany-termal.sk\/cs\/jarni-wellness-pobyt\/\" class=\"cta-button cta-preset-1  effect-2\">V\u00edce info<\/a>\t<\/div>\n\t\t\t\t\t\t\t\t<\/div>\n\t\t\t\t<\/div>\n\t\t\t\t<div class=\"elementor-element elementor-element-38121ac content-align--mobilecta-center content-align-cta-default eael-cta-overlay-yes elementor-invisible elementor-widget elementor-widget-eael-cta-box\" data-id=\"38121ac\" data-element_type=\"widget\" data-e-type=\"widget\" data-settings=\"{&quot;_animation&quot;:&quot;zoomIn&quot;}\" data-widget_type=\"eael-cta-box.default\">\n\t\t\t\t<div class=\"elementor-widget-container\">\n\t\t\t\t\t\t\t<div class=\"eael-call-to-action cta-basic bg-img cta-preset-1\">\n        <h4 class=\"sub-title\">L\u00e9to 2026<\/h4><h2 class=\"title eael-cta-heading\">WELLNESS POBYT - HORK\u00c9 L\u00c9TO<\/h2><a href=\"https:\/\/www.apartmany-termal.sk\/cs\/wellness-pobyt-horke-leto\/\" class=\"cta-button cta-preset-1  effect-2\">V\u00edce info<\/a>\t<\/div>\n\t\t\t\t\t\t\t\t<\/div>\n\t\t\t\t<\/div>\n\t\t\t\t<div class=\"elementor-element elementor-element-94ad9c6 content-align--mobilecta-center content-align-cta-default eael-cta-overlay-yes elementor-invisible elementor-widget elementor-widget-eael-cta-box\" data-id=\"94ad9c6\" data-element_type=\"widget\" data-e-type=\"widget\" data-settings=\"{&quot;_animation&quot;:&quot;zoomIn&quot;}\" data-widget_type=\"eael-cta-box.default\">\n\t\t\t\t<div class=\"elementor-widget-container\">\n\t\t\t\t\t\t\t<div class=\"eael-call-to-action cta-basic bg-img cta-preset-1\">\n        <h4 class=\"sub-title\">L\u00e9to 2026<\/h4><h2 class=\"title eael-cta-heading\">RODINN\u00dd LETN\u00cd POBYT<\/h2><a href=\"https:\/\/www.apartmany-termal.sk\/cs\/rodinny-letni-pobyt-2024\/\" class=\"cta-button cta-preset-1  effect-2\">V\u00edce info<\/a>\t<\/div>\n\t\t\t\t\t\t\t\t<\/div>\n\t\t\t\t<\/div>\n\t\t\t\t<div class=\"elementor-element elementor-element-f5f2d2b content-align--mobilecta-center content-align-cta-default eael-cta-overlay-yes elementor-invisible elementor-widget elementor-widget-eael-cta-box\" data-id=\"f5f2d2b\" data-element_type=\"widget\" data-e-type=\"widget\" data-settings=\"{&quot;_animation&quot;:&quot;zoomIn&quot;}\" data-widget_type=\"eael-cta-box.default\">\n\t\t\t\t<div class=\"elementor-widget-container\">\n\t\t\t\t\t\t\t<div class=\"eael-call-to-action cta-basic bg-img cta-preset-1\">\n        <h4 class=\"sub-title\">ZIMA 2026 \/ 2027<\/h4><h2 class=\"title eael-cta-heading\">PODZIMN\u00cd A ZIMN\u00cd WELLNESS POBYT<\/h2><a href=\"https:\/\/www.apartmany-termal.sk\/cs\/podzimni-a-zimni-wellness-pobyt\/\" class=\"cta-button cta-preset-1  effect-2\">V\u00edce info<\/a>\t<\/div>\n\t\t\t\t\t\t\t\t<\/div>\n\t\t\t\t<\/div>\n\t\t\t\t<div class=\"elementor-element elementor-element-6887f7c content-align--mobilecta-center elementor-widget__width-auto content-align-cta-default eael-cta-overlay-yes elementor-invisible elementor-widget elementor-widget-eael-cta-box\" data-id=\"6887f7c\" data-element_type=\"widget\" data-e-type=\"widget\" data-settings=\"{&quot;_animation&quot;:&quot;zoomIn&quot;}\" data-widget_type=\"eael-cta-box.default\">\n\t\t\t\t<div class=\"elementor-widget-container\">\n\t\t\t\t\t\t\t<div class=\"eael-call-to-action cta-basic bg-img cta-preset-1\">\n        <h4 class=\"sub-title\">ZIMA 2026<\/h4><h2 class=\"title eael-cta-heading\">MIKUL\u00c1\u0160SK\u00dd WELLNESS POBYT<\/h2><a href=\"https:\/\/www.apartmany-termal.sk\/cs\/mikulassky-wellness-pobyt\/\" class=\"cta-button cta-preset-1  effect-2\">V\u00edce info<\/a>\t<\/div>\n\t\t\t\t\t\t\t\t<\/div>\n\t\t\t\t<\/div>\n\t\t\t\t<div class=\"elementor-element elementor-element-ce274e1 content-align--mobilecta-center content-align-cta-default eael-cta-overlay-yes elementor-invisible elementor-widget elementor-widget-eael-cta-box\" data-id=\"ce274e1\" data-element_type=\"widget\" data-e-type=\"widget\" data-settings=\"{&quot;_animation&quot;:&quot;zoomIn&quot;}\" data-widget_type=\"eael-cta-box.default\">\n\t\t\t\t<div class=\"elementor-widget-container\">\n\t\t\t\t\t\t\t<div class=\"eael-call-to-action cta-basic bg-img cta-preset-1\">\n        <h4 class=\"sub-title\">V\u00e1noce 2026<\/h4><h2 class=\"title eael-cta-heading\">V\u00c1NO\u010cN\u00cd WELLNESS POBYT<\/h2><a href=\"https:\/\/www.apartmany-termal.sk\/cs\/vanocni-wellness-pobyt\/\" class=\"cta-button cta-preset-1  effect-2\">V\u00edce info<\/a>\t<\/div>\n\t\t\t\t\t\t\t\t<\/div>\n\t\t\t\t<\/div>\n\t\t\t\t<div class=\"elementor-element elementor-element-108304f content-align--mobilecta-center content-align-cta-default eael-cta-overlay-yes elementor-invisible elementor-widget elementor-widget-eael-cta-box\" data-id=\"108304f\" data-element_type=\"widget\" data-e-type=\"widget\" data-settings=\"{&quot;_animation&quot;:&quot;zoomIn&quot;}\" data-widget_type=\"eael-cta-box.default\">\n\t\t\t\t<div class=\"elementor-widget-container\">\n\t\t\t\t\t\t\t<div class=\"eael-call-to-action cta-basic bg-img cta-preset-1\">\n        <h4 class=\"sub-title\">Jaro 2027<\/h4><h2 class=\"title eael-cta-heading\">VELIKONO\u010cN\u00cd WELLNESS POBYT<\/h2><a href=\"https:\/\/www.apartmany-termal.sk\/cs\/velikonocni-wellness-pobyt\/\" class=\"cta-button cta-preset-1  effect-2\">V\u00edce info<\/a>\t<\/div>\n\t\t\t\t\t\t\t\t<\/div>\n\t\t\t\t<\/div>\n\t\t\t\t<\/div>\n\t\t\t\t<\/div>\n\t\t<div class=\"elementor-element elementor-element-7c904b3 e-flex e-con-boxed elementor-invisible e-con e-child\" data-id=\"7c904b3\" data-element_type=\"container\" data-e-type=\"container\" data-settings=\"{&quot;animation&quot;:&quot;fadeInUp&quot;}\">\n\t\t\t\t\t<div class=\"e-con-inner\">\n\t\t\t\t<div class=\"elementor-element elementor-element-3ce46ea elementor-widget elementor-widget-heading\" data-id=\"3ce46ea\" data-element_type=\"widget\" data-e-type=\"widget\" data-widget_type=\"heading.default\">\n\t\t\t\t<div class=\"elementor-widget-container\">\n\t\t\t\t\t<h2 class=\"elementor-heading-title elementor-size-default\">CESTA DO APARTM\u00c1N\u016e TERMAL***<\/h2>\t\t\t\t<\/div>\n\t\t\t\t<\/div>\n\t\t\t\t<div class=\"elementor-element elementor-element-2f95fea elementor-widget elementor-widget-google_maps\" data-id=\"2f95fea\" data-element_type=\"widget\" data-e-type=\"widget\" data-widget_type=\"google_maps.default\">\n\t\t\t\t<div class=\"elementor-widget-container\">\n\t\t\t\t\t\t\t<div class=\"elementor-custom-embed\">\n\t\t\t<iframe loading=\"lazy\"\n\t\t\t\t\tsrc=\"https:\/\/maps.google.com\/maps?q=Apartm%C3%A1ny%20Term%C3%A1l&#038;t=m&#038;z=17&#038;output=embed&#038;iwloc=near\"\n\t\t\t\t\ttitle=\"Apartm\u00e1ny Term\u00e1l\"\n\t\t\t\t\taria-label=\"Apartm\u00e1ny Term\u00e1l\"\n\t\t\t><\/iframe>\n\t\t<\/div>\n\t\t\t\t\t\t<\/div>\n\t\t\t\t<\/div>\n\t\t<div class=\"elementor-element elementor-element-bf43807 e-flex e-con-boxed e-con e-child\" data-id=\"bf43807\" data-element_type=\"container\" data-e-type=\"container\">\n\t\t\t\t\t<div class=\"e-con-inner\">\n\t\t\t\t<div class=\"elementor-element elementor-element-4cc02e1 elementor-widget__width-initial elementor-widget-mobile__width-initial elementor-icon-list--layout-traditional elementor-list-item-link-full_width elementor-widget elementor-widget-icon-list\" data-id=\"4cc02e1\" data-element_type=\"widget\" data-e-type=\"widget\" data-widget_type=\"icon-list.default\">\n\t\t\t\t<div class=\"elementor-widget-container\">\n\t\t\t\t\t\t\t<ul class=\"elementor-icon-list-items\">\n\t\t\t\t\t\t\t<li class=\"elementor-icon-list-item\">\n\t\t\t\t\t\t\t\t\t\t\t<span class=\"elementor-icon-list-icon\">\n\t\t\t\t\t\t\t<svg aria-hidden=\"true\" class=\"e-font-icon-svg e-fas-long-arrow-alt-right\" viewBox=\"0 0 448 512\" xmlns=\"http:\/\/www.w3.org\/2000\/svg\"><path d=\"M313.941 216H12c-6.627 0-12 5.373-12 12v56c0 6.627 5.373 12 12 12h301.941v46.059c0 21.382 25.851 32.09 40.971 16.971l86.059-86.059c9.373-9.373 9.373-24.569 0-33.941l-86.059-86.059c-15.119-15.119-40.971-4.411-40.971 16.971V216z\"><\/path><\/svg>\t\t\t\t\t\t<\/span>\n\t\t\t\t\t\t\t\t\t\t<span class=\"elementor-icon-list-text\">1. Odbo\u010dte doprava p\u0159es rampu vpravo<\/span>\n\t\t\t\t\t\t\t\t\t<\/li>\n\t\t\t\t\t\t\t\t<li class=\"elementor-icon-list-item\">\n\t\t\t\t\t\t\t\t\t\t\t<span class=\"elementor-icon-list-icon\">\n\t\t\t\t\t\t\t<svg aria-hidden=\"true\" class=\"e-font-icon-svg e-fas-long-arrow-alt-right\" viewBox=\"0 0 448 512\" xmlns=\"http:\/\/www.w3.org\/2000\/svg\"><path d=\"M313.941 216H12c-6.627 0-12 5.373-12 12v56c0 6.627 5.373 12 12 12h301.941v46.059c0 21.382 25.851 32.09 40.971 16.971l86.059-86.059c9.373-9.373 9.373-24.569 0-33.941l-86.059-86.059c-15.119-15.119-40.971-4.411-40.971 16.971V216z\"><\/path><\/svg>\t\t\t\t\t\t<\/span>\n\t\t\t\t\t\t\t\t\t\t<span class=\"elementor-icon-list-text\">2. Jd\u011bte 150 metr\u016f rovn\u011b<\/span>\n\t\t\t\t\t\t\t\t\t<\/li>\n\t\t\t\t\t\t\t\t<li class=\"elementor-icon-list-item\">\n\t\t\t\t\t\t\t\t\t\t\t<span class=\"elementor-icon-list-icon\">\n\t\t\t\t\t\t\t<svg aria-hidden=\"true\" class=\"e-font-icon-svg e-fas-long-arrow-alt-right\" viewBox=\"0 0 448 512\" xmlns=\"http:\/\/www.w3.org\/2000\/svg\"><path d=\"M313.941 216H12c-6.627 0-12 5.373-12 12v56c0 6.627 5.373 12 12 12h301.941v46.059c0 21.382 25.851 32.09 40.971 16.971l86.059-86.059c9.373-9.373 9.373-24.569 0-33.941l-86.059-86.059c-15.119-15.119-40.971-4.411-40.971 16.971V216z\"><\/path><\/svg>\t\t\t\t\t\t<\/span>\n\t\t\t\t\t\t\t\t\t\t<span class=\"elementor-icon-list-text\">3. Odbo\u010dte doleva<\/span>\n\t\t\t\t\t\t\t\t\t<\/li>\n\t\t\t\t\t\t\t\t<li class=\"elementor-icon-list-item\">\n\t\t\t\t\t\t\t\t\t\t\t<span class=\"elementor-icon-list-icon\">\n\t\t\t\t\t\t\t<svg aria-hidden=\"true\" class=\"e-font-icon-svg e-fas-long-arrow-alt-right\" viewBox=\"0 0 448 512\" xmlns=\"http:\/\/www.w3.org\/2000\/svg\"><path d=\"M313.941 216H12c-6.627 0-12 5.373-12 12v56c0 6.627 5.373 12 12 12h301.941v46.059c0 21.382 25.851 32.09 40.971 16.971l86.059-86.059c9.373-9.373 9.373-24.569 0-33.941l-86.059-86.059c-15.119-15.119-40.971-4.411-40.971 16.971V216z\"><\/path><\/svg>\t\t\t\t\t\t<\/span>\n\t\t\t\t\t\t\t\t\t\t<span class=\"elementor-icon-list-text\">4. Po 40 metrech odbo\u010dte doprava a p\u0159ijedete do Apartm\u00e1n\u016f Termal***<\/span>\n\t\t\t\t\t\t\t\t\t<\/li>\n\t\t\t\t\t\t\t\t<li class=\"elementor-icon-list-item\">\n\t\t\t\t\t\t\t\t\t\t\t<span class=\"elementor-icon-list-icon\">\n\t\t\t\t\t\t\t<svg aria-hidden=\"true\" class=\"e-font-icon-svg e-fas-long-arrow-alt-right\" viewBox=\"0 0 448 512\" xmlns=\"http:\/\/www.w3.org\/2000\/svg\"><path d=\"M313.941 216H12c-6.627 0-12 5.373-12 12v56c0 6.627 5.373 12 12 12h301.941v46.059c0 21.382 25.851 32.09 40.971 16.971l86.059-86.059c9.373-9.373 9.373-24.569 0-33.941l-86.059-86.059c-15.119-15.119-40.971-4.411-40.971 16.971V216z\"><\/path><\/svg>\t\t\t\t\t\t<\/span>\n\t\t\t\t\t\t\t\t\t\t<span class=\"elementor-icon-list-text\">5. Po p\u0159\u00edjezdu se hlaste na recepci<\/span>\n\t\t\t\t\t\t\t\t\t<\/li>\n\t\t\t\t\t\t<\/ul>\n\t\t\t\t\t\t<\/div>\n\t\t\t\t<\/div>\n\t\t\t\t<div class=\"elementor-element elementor-element-88fb49e elementor-widget elementor-widget-text-editor\" data-id=\"88fb49e\" data-element_type=\"widget\" data-e-type=\"widget\" data-widget_type=\"text-editor.default\">\n\t\t\t\t<div class=\"elementor-widget-container\">\n\t\t\t\t\t\t\t\t\t<p><strong>GPS sou\u0159adnice c\u00edle<\/strong>\u00a0(Apartm\u00e1ny Term\u00e1l):<br \/>\u0161\u00ed\u0159ka: 47\u00b059\u201907.20\u2033 d\u00e9lka: 17\u00b036\u201929.62\u2033<\/p>\t\t\t\t\t\t\t\t<\/div>\n\t\t\t\t<\/div>\n\t\t\t\t\t<\/div>\n\t\t\t\t<\/div>\n\t\t\t\t\t<\/div>\n\t\t\t\t<\/div>\n\t\t\t\t\t<\/div>\n\t\t\t\t<\/div>\n\t\t\t\t<\/div>\n\t\t<!--themify_builder_content-->\n<div id=\"themify_builder_content-5342\" data-postid=\"5342\" class=\"themify_builder_content themify_builder_content-5342 themify_builder tf_clear\">\n    <\/div>\n<!--\/themify_builder_content-->\n","protected":false},"excerpt":{"rendered":"<p>REZERVUJTE NYN\u00cd A GARANTUJEME V\u00c1M TY NEJLEP\u0160\u00cd CENY! Rezervovat Wellness pobyty Dunajsk\u00e1 Streda \u2013 Apartmany Termal *** NAB\u00cdDKA UBYTOV\u00c1N\u00cd APARTM\u00c1NOV\u00c9 DOMY TERM\u00c1L \u2013 DUNAJSK\u00c1 ST\u0158EDA Specializujeme se na wellness pobyty. Nach\u00e1z\u00edme se v srdci m\u011bsta Dunajsk\u00e1 Streda, kde poskytujeme unik\u00e1tn\u00ed wellness slu\u017eby a pobyty pro p\u00e1ry, rodiny a seniory. N\u00e1\u0161 wellness pobyt v Dunajsk\u00e9 Stred\u011b [&hellip;]<\/p>\n","protected":false},"author":4,"featured_media":0,"parent":0,"menu_order":0,"comment_status":"closed","ping_status":"closed","template":"","meta":{"footnotes":""},"class_list":["post-5342","page","type-page","status-publish","hentry","has-post-title","has-post-date","has-post-category","has-post-tag","has-post-comment","has-post-author",""],"builder_content":"","_links":{"self":[{"href":"https:\/\/www.apartmany-termal.sk\/cs\/wp-json\/wp\/v2\/pages\/5342","targetHints":{"allow":["GET"]}}],"collection":[{"href":"https:\/\/www.apartmany-termal.sk\/cs\/wp-json\/wp\/v2\/pages"}],"about":[{"href":"https:\/\/www.apartmany-termal.sk\/cs\/wp-json\/wp\/v2\/types\/page"}],"author":[{"embeddable":true,"href":"https:\/\/www.apartmany-termal.sk\/cs\/wp-json\/wp\/v2\/users\/4"}],"replies":[{"embeddable":true,"href":"https:\/\/www.apartmany-termal.sk\/cs\/wp-json\/wp\/v2\/comments?post=5342"}],"version-history":[{"count":91,"href":"https:\/\/www.apartmany-termal.sk\/cs\/wp-json\/wp\/v2\/pages\/5342\/revisions"}],"predecessor-version":[{"id":6930,"href":"https:\/\/www.apartmany-termal.sk\/cs\/wp-json\/wp\/v2\/pages\/5342\/revisions\/6930"}],"wp:attachment":[{"href":"https:\/\/www.apartmany-termal.sk\/cs\/wp-json\/wp\/v2\/media?parent=5342"}],"curies":[{"name":"wp","href":"https:\/\/api.w.org\/{rel}","templated":true}]}}