{"id":447,"date":"2021-08-07T22:08:52","date_gmt":"2021-08-07T20:08:52","guid":{"rendered":"https:\/\/www.apartmany-termal.sk\/2-studia-typu-dvojicky-typ-c\/"},"modified":"2021-10-02T20:38:09","modified_gmt":"2021-10-02T18:38:09","slug":"2-doppel-bett-studios-typ-zwillinge-typ-c","status":"publish","type":"page","link":"https:\/\/www.apartmany-termal.sk\/de\/2-doppel-bett-studios-typ-zwillinge-typ-c\/","title":{"rendered":"2 DOPPEL-BETT-STUDIOS TYP ZWILLINGE (TYP C)"},"content":{"rendered":"<!--themify_builder_content-->\n<div id=\"themify_builder_content-447\" data-postid=\"447\" class=\"themify_builder_content themify_builder_content-447 themify_builder tf_clear\">\n    \t<!-- module_row -->\n\t<div  data-lazy=\"1\" class=\"module_row themify_builder_row repeat tb_g9da980 tb_first tf_clearfix\" >\n\t    \t\t<div class=\"row_inner col_align_middle tf_box tf_w tf_rel\">\n\t\t\t<div  data-lazy=\"1\" class=\"module_column tb-column col4-1 first tb_ysxw982 tf_box\">\n\t\t\t    \t<\/div>\n\t\t<div  data-lazy=\"1\" class=\"module_column tb-column col4-2 middle tb_t79t983 tf_box\">\n\t\t\t    \t        <div class=\"tb-column-inner tf_box tf_w\">\n\t\t    <!-- module text -->\n<div  class=\"module module-text tb_fl4t983   \" data-lazy=\"1\">\n        <div  class=\"tb_text_wrap\">\n    <div class=\"reserve_banner_text\">BUCHEN SIE JETZT UND WIR GARANTIEREN IHNEN DIE BESTEN PREISE!<\/div>    <\/div>\n<\/div>\n<!-- \/module text -->\t        <\/div>\n\t    \t<\/div>\n\t\t<div  data-lazy=\"1\" class=\"module_column tb-column col4-1 last tb_5rsf983 tf_box\">\n\t\t\t    \t        <div class=\"tb-column-inner tf_box tf_w\">\n\t\t    <!-- module buttons -->\n<div  class=\"module module-buttons tb_bidr983 buttons-horizontal solid  rounded\" data-lazy=\"1\">\n    \t<div class=\"module-buttons-item tf_inline_b\">\n\t\t\t\t\t\t\t<a href=\"https:\/\/www.secure-hotel-booking.com\/smart\/Apartmany-Termal\/2C8X\/de\/\" class=\"ui builder_button transparent\" target=\"_blank\" rel=\"noopener\">\n\t\t\t\t\t\t\t\t\t\t\t<span class=\"tf_inline_b tf_vmiddle\">Buchen<\/span>\n\t\t\t\t\t\t\t\t\t\t\t<\/a>\n\t\t\t    \t<\/div>\n\t<\/div>\n<!-- \/module buttons -->\n\t        <\/div>\n\t    \t<\/div>\n\t\t    <\/div>\n\t    <!-- \/row_inner -->\n\t<\/div>\n\t<!-- \/module_row -->\n\t\t<!-- module_row -->\n\t<div  data-lazy=\"1\" class=\"module_row themify_builder_row tb_6qm233 tf_clearfix\" >\n\t    \t\t<div class=\"row_inner col_align_top tf_box tf_w tf_rel\">\n\t\t\t<div  data-lazy=\"1\" class=\"module_column tb-column col-full first tb_ziyd33 tf_box\">\n\t\t\t    \t        <div class=\"tb-column-inner tf_box tf_w\">\n\t\t    <!-- module text -->\n<div  class=\"module module-text tb_fwnh494   \" data-lazy=\"1\">\n        <div  class=\"tb_text_wrap\">\n    <h1 id=\"page-title\" class=\"page__title title\" style=\"text-align: center;\">2 DOPPEL-BETT-STUDIOS TYP ZWILLINGE (TYP C)<\/h1>\n<article class=\"node-113 node node-izba view-mode-full clearfix\"><header><\/header>\n<div class=\"field field-name-field-obrazky field-type-image field-label-hidden\">\n<div class=\"field-items\">\u00a0<\/div>\n<\/div>\n<\/article>    <\/div>\n<\/div>\n<!-- \/module text --><!-- module image -->\n<div  class=\"module module-image tb_wde7921   image-center tf_mw\" data-lazy=\"1\">\n        <div class=\"image-wrap tf_rel tf_mw\">\n\t\t    <img fetchpriority=\"high\" fetchpriority=\"high\" decoding=\"async\" width=\"851\" height=\"920\" src=\"https:\/\/www.apartmany-termal.sk\/wp-content\/uploads\/2021\/10\/dvojicka_d-3.png\" class=\"wp-post-image wp-image-1097\" title=\"dvojicka_d (3)\" alt=\"dvojicka_d (3)\" srcset=\"https:\/\/www.apartmany-termal.sk\/wp-content\/uploads\/2021\/10\/dvojicka_d-3.png 851w, https:\/\/www.apartmany-termal.sk\/wp-content\/uploads\/2021\/10\/dvojicka_d-3-278x300.png 278w, https:\/\/www.apartmany-termal.sk\/wp-content\/uploads\/2021\/10\/dvojicka_d-3-768x830.png 768w\" sizes=\"(max-width: 851px) 100vw, 851px\" \/>\t\n\t\t<\/div>\n\t<!-- \/image-wrap -->\n    \n    \t<\/div>\n<!-- \/module image --><!-- module image -->\n<div  class=\"module module-image tb_c2q3648   image-center tf_mw\" data-lazy=\"1\">\n        <div class=\"image-wrap tf_rel tf_mw\">\n\t\t    <img decoding=\"async\" width=\"861\" height=\"861\" src=\"https:\/\/www.apartmany-termal.sk\/wp-content\/uploads\/2021\/10\/dvojicka-3.png\" class=\"wp-post-image wp-image-1102\" title=\"dvojicka (3)\" alt=\"dvojicka (3)\" srcset=\"https:\/\/www.apartmany-termal.sk\/wp-content\/uploads\/2021\/10\/dvojicka-3.png 861w, https:\/\/www.apartmany-termal.sk\/wp-content\/uploads\/2021\/10\/dvojicka-3-300x300.png 300w, https:\/\/www.apartmany-termal.sk\/wp-content\/uploads\/2021\/10\/dvojicka-3-150x150.png 150w, https:\/\/www.apartmany-termal.sk\/wp-content\/uploads\/2021\/10\/dvojicka-3-768x768.png 768w\" sizes=\"(max-width: 861px) 100vw, 861px\" \/>\t\n\t\t<\/div>\n\t<!-- \/image-wrap -->\n    \n    \t<\/div>\n<!-- \/module image --><!-- module text -->\n<div  class=\"module module-text tb_hbz9375   \" data-lazy=\"1\">\n        <div  class=\"tb_text_wrap\">\n    <div class=\"field field-name-body field-type-text-with-summary field-label-hidden\">\n<div class=\"field-items\">\n<div class=\"field-item even\">\n<div class=\"field field-name-body field-type-text-with-summary field-label-hidden\">\n<div class=\"field-items\">\n<div class=\"field-item even\">\n<div class=\"field field-name-body field-type-text-with-summary field-label-hidden\">\n<div class=\"field-items\">\n<div class=\"field-item even\">\n<p><span id=\"result_box\" lang=\"de\" xml:lang=\"de\">2 getrennt\u00a0 Doppel-Bett-Studios mit gemeinsamem Flur und Balkon, mit separatem Bad und K\u00fcche \/Ein Zustellbett (Spannbett<span lang=\"de\" xml:lang=\"de\">)<\/span> kann zur Verf\u00fcgung gestellt werden<\/span><\/p>\n<\/div>\n<\/div>\n<\/div>\n<div class=\"field field-name-field-vybava field-type-text-with-summary field-label-hidden\">\n<div class=\"field-items\">\n<div class=\"field-item even\">\n<h2>\u00a0<\/h2>\n<h2><strong>Das Wohnraum:<\/strong><\/h2>\n<ul>\n<li>ein Ehebett\u00a0<\/li>\n<li>ein LCD-Fernseher,<\/li>\n<li>ein Tresor,<\/li>\n<li>kostenlose Wi-Fi,<\/li>\n<li>ein Tisch + St\u00fchle,<\/li>\n<li>ein Balkon<\/li>\n<\/ul>\n<\/div>\n<\/div>\n<\/div>\n<div class=\"field field-name-field-vybava-vpravo field-type-text-with-summary field-label-hidden\">\n<div class=\"field-items\">\n<div class=\"field-item even\">\n<p>\u00a0<\/p>\n<h2><strong>Die K\u00fcchenecke mit einer eingerichteten Anbauk\u00fcche:<\/strong><\/h2>\n<ul>\n<li>elektrischer Herd,<\/li>\n<li>K\u00fchlschrank,<\/li>\n<li>Mikrowelle,<\/li>\n<li>Schnellkochkanne,<\/li>\n<li>Geschirr<\/li>\n<\/ul>\n<p>\u00a0<\/p>\n<h2><strong>Die soziale Einrichtung:<\/strong><\/h2>\n<ul>\n<li>Toilette mit Duschecke<\/li>\n<\/ul>\n<\/div>\n<\/div>\n<\/div>\n<\/div>\n<\/div>\n<\/div>\n<\/div>\n<\/div>\n<\/div>    <\/div>\n<\/div>\n<!-- \/module text -->\t        <\/div>\n\t    \t<\/div>\n\t\t    <\/div>\n\t    <!-- \/row_inner -->\n\t<\/div>\n\t<!-- \/module_row -->\n\t\t<!-- module_row -->\n\t<div  data-lazy=\"1\" class=\"module_row themify_builder_row tb_sthm222 tf_clearfix\" >\n\t    \t\t<div class=\"row_inner col_align_middle tf_box tf_w tf_rel\">\n\t\t\t<div  data-lazy=\"1\" class=\"module_column tb-column col-full first tb_is4t222 tf_box\">\n\t\t\t    \t        <div class=\"tb-column-inner tf_box tf_w\">\n\t\t    <!-- module text -->\n<div  class=\"module module-text tb_p2gx223   \" data-lazy=\"1\">\n        <div  class=\"tb_text_wrap\">\n    <div class=\"tb_layout_part_wrap tf_w\"><!--themify_builder_content-->\n    <div  class=\"themify_builder_content themify_builder_content-516 themify_builder not_editable_builder in_the_loop\" data-postid=\"516\">\n        \t<!-- module_row -->\n\t<div  data-lazy=\"1\" class=\"module_row themify_builder_row tb_qmoj352 tf_clearfix\">\n\t    \t\t<div class=\"row_inner col_align_top tf_box tf_w tf_rel\">\n\t\t\t<div  data-lazy=\"1\" class=\"module_column tb-column col-full first tb_nq1m352 tf_box\">\n\t\t\t    \t        <div class=\"tb-column-inner tf_box tf_w\">\n\t\t    <!-- module text -->\n<div  class=\"module module-text tb_ilov346   \" data-lazy=\"1\">\n        <div  class=\"tb_text_wrap\">\n    <h2 style=\"text-align: center;\">CESTA DO APARTM\u00c1NOV TERMAL***<\/h2>    <\/div>\n<\/div>\n<!-- \/module text --><!-- module image -->\n<div  class=\"module module-image tb_hwfa280   image-center tf_mw\" data-lazy=\"1\">\n        <div class=\"image-wrap tf_rel tf_mw\">\n\t\t    <img loading=\"lazy\" decoding=\"async\" width=\"1844\" height=\"994\" src=\"https:\/\/www.apartmany-termal.sk\/wp-content\/uploads\/2021\/08\/apartmany-termal-dunajska-streda-trasa.jpg\" class=\"wp-post-image wp-image-128\" title=\"apartmany-termal-dunajska-streda-trasa\" alt=\"apartmany-termal-dunajska-streda-trasa\" srcset=\"https:\/\/www.apartmany-termal.sk\/wp-content\/uploads\/2021\/08\/apartmany-termal-dunajska-streda-trasa.jpg 1844w, https:\/\/www.apartmany-termal.sk\/wp-content\/uploads\/2021\/08\/apartmany-termal-dunajska-streda-trasa-300x162.jpg 300w, https:\/\/www.apartmany-termal.sk\/wp-content\/uploads\/2021\/08\/apartmany-termal-dunajska-streda-trasa-1024x552.jpg 1024w, https:\/\/www.apartmany-termal.sk\/wp-content\/uploads\/2021\/08\/apartmany-termal-dunajska-streda-trasa-768x414.jpg 768w, https:\/\/www.apartmany-termal.sk\/wp-content\/uploads\/2021\/08\/apartmany-termal-dunajska-streda-trasa-1536x828.jpg 1536w\" sizes=\"(max-width: 1844px) 100vw, 1844px\" \/>\t\n\t\t<\/div>\n\t<!-- \/image-wrap -->\n    \n    \t<\/div>\n<!-- \/module image --><!-- module text -->\n<div  class=\"module module-text tb_r2h0146   \" data-lazy=\"1\">\n        <div  class=\"tb_text_wrap\">\n    <p>1. Biegen Sie rechts durch die Rampe nach rechts ab<br>2. Gehe 150 Meter geradeaus<br>3. Biegen Sie links ab<br>4. Nach 40 Metern biegen Sie rechts ab und Sie erreichen die Termal Apartments***<br>5. Beim Check-in checken Sie an der Rezeption ein<br><br>GPS s\u00faradnice cie\u013ea (Apartm\u00e1ny Term\u00e1l):<br>\u0161\u00edrka: 47\u00b059&#8217;07.20&#8243; dl\u017eka: 17\u00b036&#8217;29.62&#8243;<\/p>    <\/div>\n<\/div>\n<!-- \/module text -->\t        <\/div>\n\t    \t<\/div>\n\t\t    <\/div>\n\t    <!-- \/row_inner -->\n\t<\/div>\n\t<!-- \/module_row -->\n\t    <\/div>\n<!--\/themify_builder_content--><\/div>\n    <\/div>\n<\/div>\n<!-- \/module text -->\t        <\/div>\n\t    \t<\/div>\n\t\t    <\/div>\n\t    <!-- \/row_inner -->\n\t<\/div>\n\t<!-- \/module_row -->\n\t<\/div>\n<!--\/themify_builder_content-->","protected":false},"excerpt":{"rendered":"<p>BUCHEN SIE JETZT UND WIR GARANTIEREN IHNEN DIE BESTEN PREISE! Buchen 2 DOPPEL-BETT-STUDIOS TYP ZWILLINGE (TYP C) \u00a0 2 getrennt\u00a0 Doppel-Bett-Studios mit gemeinsamem Flur und Balkon, mit separatem Bad und K\u00fcche \/Ein Zustellbett (Spannbett) kann zur Verf\u00fcgung gestellt werden \u00a0 Das Wohnraum: ein Ehebett\u00a0 ein LCD-Fernseher, ein Tresor, kostenlose Wi-Fi, ein Tisch + St\u00fchle, ein [&hellip;]<\/p>\n","protected":false},"author":1,"featured_media":0,"parent":0,"menu_order":0,"comment_status":"closed","ping_status":"closed","template":"","meta":{"footnotes":""},"class_list":["post-447","page","type-page","status-publish","hentry","has-post-title","has-post-date","has-post-category","has-post-tag","has-post-comment","has-post-author",""],"builder_content":"BUCHEN SIE JETZT UND WIR GARANTIEREN IHNEN DIE BESTEN PREISE!\n<a href=\"https:\/\/www.secure-hotel-booking.com\/smart\/Apartmany-Termal\/2C8X\/de\/\" > Buchen <\/a>\n<h1 id=\"page-title\" style=\"text-align: center;\">2 DOPPEL-BETT-STUDIOS TYP ZWILLINGE (TYP C)<\/h1> <article><header><\/header>\n\u00a0\n<\/article>\n<img fetchpriority=\"high\" decoding=\"async\" width=\"851\" height=\"920\" src=\"https:\/\/www.apartmany-termal.sk\/wp-content\/uploads\/2021\/10\/dvojicka_d-3.png\" title=\"dvojicka_d (3)\" alt=\"dvojicka_d (3)\" srcset=\"https:\/\/www.apartmany-termal.sk\/wp-content\/uploads\/2021\/10\/dvojicka_d-3.png 851w, https:\/\/www.apartmany-termal.sk\/wp-content\/uploads\/2021\/10\/dvojicka_d-3-278x300.png 278w, https:\/\/www.apartmany-termal.sk\/wp-content\/uploads\/2021\/10\/dvojicka_d-3-768x830.png 768w\" sizes=\"(max-width: 851px) 100vw, 851px\" \/>\n<img decoding=\"async\" width=\"861\" height=\"861\" src=\"https:\/\/www.apartmany-termal.sk\/wp-content\/uploads\/2021\/10\/dvojicka-3.png\" title=\"dvojicka (3)\" alt=\"dvojicka (3)\" srcset=\"https:\/\/www.apartmany-termal.sk\/wp-content\/uploads\/2021\/10\/dvojicka-3.png 861w, https:\/\/www.apartmany-termal.sk\/wp-content\/uploads\/2021\/10\/dvojicka-3-300x300.png 300w, https:\/\/www.apartmany-termal.sk\/wp-content\/uploads\/2021\/10\/dvojicka-3-150x150.png 150w, https:\/\/www.apartmany-termal.sk\/wp-content\/uploads\/2021\/10\/dvojicka-3-768x768.png 768w\" sizes=\"(max-width: 861px) 100vw, 861px\" \/>\n<p>2 getrennt\u00a0 Doppel-Bett-Studios mit gemeinsamem Flur und Balkon, mit separatem Bad und K\u00fcche \/Ein Zustellbett (Spannbett) kann zur Verf\u00fcgung gestellt werden<\/p>\n<h2>\u00a0<\/h2> <h2><strong>Das Wohnraum:<\/strong><\/h2> <ul> <li>ein Ehebett\u00a0<\/li> <li>ein LCD-Fernseher,<\/li> <li>ein Tresor,<\/li> <li>kostenlose Wi-Fi,<\/li> <li>ein Tisch + St\u00fchle,<\/li> <li>ein Balkon<\/li> <\/ul>\n<p>\u00a0<\/p> <h2><strong>Die K\u00fcchenecke mit einer eingerichteten Anbauk\u00fcche:<\/strong><\/h2> <ul> <li>elektrischer Herd,<\/li> <li>K\u00fchlschrank,<\/li> <li>Mikrowelle,<\/li> <li>Schnellkochkanne,<\/li> <li>Geschirr<\/li> <\/ul> <p>\u00a0<\/p> <h2><strong>Die soziale Einrichtung:<\/strong><\/h2> <ul> <li>Toilette mit Duschecke<\/li> <\/ul>\n<p>[themify_layout_part id=\"516\"]<\/p>","_links":{"self":[{"href":"https:\/\/www.apartmany-termal.sk\/de\/wp-json\/wp\/v2\/pages\/447","targetHints":{"allow":["GET"]}}],"collection":[{"href":"https:\/\/www.apartmany-termal.sk\/de\/wp-json\/wp\/v2\/pages"}],"about":[{"href":"https:\/\/www.apartmany-termal.sk\/de\/wp-json\/wp\/v2\/types\/page"}],"author":[{"embeddable":true,"href":"https:\/\/www.apartmany-termal.sk\/de\/wp-json\/wp\/v2\/users\/1"}],"replies":[{"embeddable":true,"href":"https:\/\/www.apartmany-termal.sk\/de\/wp-json\/wp\/v2\/comments?post=447"}],"version-history":[{"count":0,"href":"https:\/\/www.apartmany-termal.sk\/de\/wp-json\/wp\/v2\/pages\/447\/revisions"}],"wp:attachment":[{"href":"https:\/\/www.apartmany-termal.sk\/de\/wp-json\/wp\/v2\/media?parent=447"}],"curies":[{"name":"wp","href":"https:\/\/api.w.org\/{rel}","templated":true}]}}