{"id":304,"date":"2021-08-07T22:25:02","date_gmt":"2021-08-07T20:25:02","guid":{"rendered":"https:\/\/www.apartmany-termal.sk\/mesto-dunajska-streda-okolie\/"},"modified":"2021-10-02T20:55:05","modified_gmt":"2021-10-02T18:55:05","slug":"accommodation-dunajska-streda-apartmany-termal","status":"publish","type":"page","link":"https:\/\/www.apartmany-termal.sk\/en\/accommodation-dunajska-streda-apartmany-termal\/","title":{"rendered":"Accommodation Dunajsk\u00e1 Streda &#8211; Apartm\u00e1ny Term\u00e1l ***"},"content":{"rendered":"<!--themify_builder_content-->\n<div id=\"themify_builder_content-304\" data-postid=\"304\" class=\"themify_builder_content themify_builder_content-304 themify_builder tf_clear\">\n    \t<!-- module_row -->\n\t<div  data-lazy=\"1\" class=\"module_row themify_builder_row repeat tb_rxe9396 tb_first tf_clearfix\" >\n\t    \t\t<div class=\"row_inner col_align_middle tf_box tf_w tf_rel\">\n\t\t\t<div  data-lazy=\"1\" class=\"module_column tb-column col4-1 first tb_inwx397 tf_box\">\n\t\t\t    \t<\/div>\n\t\t<div  data-lazy=\"1\" class=\"module_column tb-column col4-2 middle tb_rj8i292 tf_box\">\n\t\t\t    \t        <div class=\"tb-column-inner tf_box tf_w\">\n\t\t    <!-- module text -->\n<div  class=\"module module-text tb_0kdl808   \" data-lazy=\"1\">\n        <div  class=\"tb_text_wrap\">\n    <div class=\"reserve_banner_text\">REZERVUJTE TERAZ A GARANTUJEME V\u00c1M TIE NAJLEP\u0160IE CENY !<\/div>    <\/div>\n<\/div>\n<!-- \/module text -->\t        <\/div>\n\t    \t<\/div>\n\t\t<div  data-lazy=\"1\" class=\"module_column tb-column col4-1 last tb_ukxd406 tf_box\">\n\t\t\t    \t        <div class=\"tb-column-inner tf_box tf_w\">\n\t\t    <!-- module buttons -->\n<div  class=\"module module-buttons tb_w239326 buttons-horizontal solid  rounded\" data-lazy=\"1\">\n    \t<div class=\"module-buttons-item tf_inline_b\">\n\t\t\t\t\t\t\t<a href=\"https:\/\/themify.me\/\" class=\"ui builder_button transparent\" target=\"_blank\" rel=\"noopener\">\n\t\t\t\t\t\t\t\t\t\t\t<span class=\"tf_inline_b tf_vmiddle\">Rezervova\u0165<\/span>\n\t\t\t\t\t\t\t\t\t\t\t<\/a>\n\t\t\t    \t<\/div>\n\t<\/div>\n<!-- \/module buttons -->\n\t        <\/div>\n\t    \t<\/div>\n\t\t    <\/div>\n\t    <!-- \/row_inner -->\n\t<\/div>\n\t<!-- \/module_row -->\n\t\t<!-- module_row -->\n\t<div  data-lazy=\"1\" class=\"module_row themify_builder_row tb_y961384 tf_clearfix\" >\n\t    \t\t<div class=\"row_inner col_align_middle tf_box tf_w tf_rel\">\n\t\t\t<div  data-lazy=\"1\" class=\"module_column tb-column col-full first tb_nj3o385 tf_box\">\n\t\t\t    \t        <div class=\"tb-column-inner tf_box tf_w\">\n\t\t    <!-- module text -->\n<div  class=\"module module-text tb_2chj385   \" data-lazy=\"1\">\n        <div  class=\"tb_text_wrap\">\n    <h1 style=\"text-align: center;\">TOWN OF DUNAJSK\u00c1 STREDA AND SURROUNDINGS<\/h1>    <\/div>\n<\/div>\n<!-- \/module text -->\t        <\/div>\n\t    \t<\/div>\n\t\t    <\/div>\n\t    <!-- \/row_inner -->\n\t<\/div>\n\t<!-- \/module_row -->\n\t\t<!-- module_row -->\n\t<div  data-lazy=\"1\" class=\"module_row themify_builder_row tb_2ob6529 tf_clearfix\" >\n\t    \t\t<div class=\"row_inner col_align_middle tf_box tf_w tf_rel\">\n\t\t\t<div  data-lazy=\"1\" class=\"module_column tb-column col-full first tb_a8k8529 tf_box\">\n\t\t\t    \t        <div class=\"tb-column-inner tf_box tf_w\">\n\t\t    <!-- module text -->\n<div  class=\"module module-text tb_vhka530   \" data-lazy=\"1\">\n        <div  class=\"tb_text_wrap\">\n    <p style=\"text-align: center;\">The town of Dunajsk\u00e1 Streda offers a wide range of tourist attractions. You will be certainly charmed by the cultural heritage of this town such as the Roman Catholic St. George Church, evangelic church built in a simple neo-Romanesque style or the town city hall in the Main Street. You can also visit the \u017ditn\u00fd ostrov (Rye Island) museum situated in the building of the Yellow Manor House or visit the exhibitions in the Gallery of Contemporary Hungarian Artists in the Verme\u0161 villa.<br>There are other interesting places in close vicinity such as the watermill in Tom\u00e1\u0161ikovo or watermill in Dunajsk\u00fd Kl\u00e1tov with a permanent exposition of watermills. Boating or walking along the Danube River banks guarantees pleasant leisure time as well.<\/p>    <\/div>\n<\/div>\n<!-- \/module text --><!-- module buttons -->\n<div  class=\"module module-buttons tb_pllv727 buttons-horizontal solid  tf_textc\" data-lazy=\"1\">\n    \t<div class=\"module-buttons-item tf_inline_b\">\n\t\t\t\t\t\t\t<a href=\"https:\/\/www.secure-hotel-booking.com\/smart\/Apartmany-Termal\/2C8X\/en\/\" class=\"ui builder_button tb_default_color\" target=\"_blank\" rel=\"noopener\">\n\t\t\t\t\t\t\t\t\t\t\t<span class=\"tf_inline_b tf_vmiddle\">RESERVE<\/span>\n\t\t\t\t\t\t\t\t\t\t\t<\/a>\n\t\t\t    \t<\/div>\n\t<\/div>\n<!-- \/module buttons -->\n\t        <\/div>\n\t    \t<\/div>\n\t\t    <\/div>\n\t    <!-- \/row_inner -->\n\t<\/div>\n\t<!-- \/module_row -->\n\t<\/div>\n<!--\/themify_builder_content-->","protected":false},"excerpt":{"rendered":"<p>REZERVUJTE TERAZ A GARANTUJEME V\u00c1M TIE NAJLEP\u0160IE CENY ! Rezervova\u0165 TOWN OF DUNAJSK\u00c1 STREDA AND SURROUNDINGS The town of Dunajsk\u00e1 Streda offers a wide range of tourist attractions. You will be certainly charmed by the cultural heritage of this town such as the Roman Catholic St. George Church, evangelic church built in a simple neo-Romanesque [&hellip;]<\/p>\n","protected":false},"author":1,"featured_media":0,"parent":0,"menu_order":0,"comment_status":"closed","ping_status":"closed","template":"","meta":{"footnotes":""},"class_list":["post-304","page","type-page","status-publish","hentry","has-post-title","has-post-date","has-post-category","has-post-tag","has-post-comment","has-post-author",""],"builder_content":"REZERVUJTE TERAZ A GARANTUJEME V\u00c1M TIE NAJLEP\u0160IE CENY !\n<a href=\"https:\/\/themify.me\/\" > Rezervova\u0165 <\/a>\n<h1 style=\"text-align: center;\">TOWN OF DUNAJSK\u00c1 STREDA AND SURROUNDINGS<\/h1>\n<p style=\"text-align: center;\">The town of Dunajsk\u00e1 Streda offers a wide range of tourist attractions. You will be certainly charmed by the cultural heritage of this town such as the Roman Catholic St. George Church, evangelic church built in a simple neo-Romanesque style or the town city hall in the Main Street. You can also visit the \u017ditn\u00fd ostrov (Rye Island) museum situated in the building of the Yellow Manor House or visit the exhibitions in the Gallery of Contemporary Hungarian Artists in the Verme\u0161 villa.<br>There are other interesting places in close vicinity such as the watermill in Tom\u00e1\u0161ikovo or watermill in Dunajsk\u00fd Kl\u00e1tov with a permanent exposition of watermills. Boating or walking along the Danube River banks guarantees pleasant leisure time as well.<\/p>\n<a href=\"https:\/\/www.secure-hotel-booking.com\/smart\/Apartmany-Termal\/2C8X\/en\/\" > RESERVE <\/a>","_links":{"self":[{"href":"https:\/\/www.apartmany-termal.sk\/en\/wp-json\/wp\/v2\/pages\/304","targetHints":{"allow":["GET"]}}],"collection":[{"href":"https:\/\/www.apartmany-termal.sk\/en\/wp-json\/wp\/v2\/pages"}],"about":[{"href":"https:\/\/www.apartmany-termal.sk\/en\/wp-json\/wp\/v2\/types\/page"}],"author":[{"embeddable":true,"href":"https:\/\/www.apartmany-termal.sk\/en\/wp-json\/wp\/v2\/users\/1"}],"replies":[{"embeddable":true,"href":"https:\/\/www.apartmany-termal.sk\/en\/wp-json\/wp\/v2\/comments?post=304"}],"version-history":[{"count":0,"href":"https:\/\/www.apartmany-termal.sk\/en\/wp-json\/wp\/v2\/pages\/304\/revisions"}],"wp:attachment":[{"href":"https:\/\/www.apartmany-termal.sk\/en\/wp-json\/wp\/v2\/media?parent=304"}],"curies":[{"name":"wp","href":"https:\/\/api.w.org\/{rel}","templated":true}]}}