{"id":432,"date":"2021-08-07T22:08:53","date_gmt":"2021-08-07T20:08:53","guid":{"rendered":"https:\/\/www.apartmany-termal.sk\/cookies\/"},"modified":"2021-08-07T22:08:53","modified_gmt":"2021-08-07T20:08:53","slug":"cookies","status":"publish","type":"page","link":"https:\/\/www.apartmany-termal.sk\/en\/cookies\/","title":{"rendered":"Cookies"},"content":{"rendered":"<!--themify_builder_content-->\n<div id=\"themify_builder_content-432\" data-postid=\"432\" class=\"themify_builder_content themify_builder_content-432 themify_builder tf_clear\">\n    \t<!-- module_row -->\n\t<div  data-lazy=\"1\" class=\"module_row themify_builder_row repeat tb_rxe9396 tb_first tf_clearfix\" >\n\t    \t\t<div class=\"row_inner col_align_middle tf_box tf_w tf_rel\">\n\t\t\t<div  data-lazy=\"1\" class=\"module_column tb-column col4-1 first tb_inwx397 tf_box\">\n\t\t\t    \t<\/div>\n\t\t<div  data-lazy=\"1\" class=\"module_column tb-column col4-2 middle tb_rj8i292 tf_box\">\n\t\t\t    \t        <div class=\"tb-column-inner tf_box tf_w\">\n\t\t    <!-- module text -->\n<div  class=\"module module-text tb_0kdl808   \" data-lazy=\"1\">\n        <div  class=\"tb_text_wrap\">\n    <div class=\"reserve_banner_text\">REZERVUJTE TERAZ A GARANTUJEME V\u00c1M TIE NAJLEP\u0160IE CENY !<\/div>    <\/div>\n<\/div>\n<!-- \/module text -->\t        <\/div>\n\t    \t<\/div>\n\t\t<div  data-lazy=\"1\" class=\"module_column tb-column col4-1 last tb_ukxd406 tf_box\">\n\t\t\t    \t        <div class=\"tb-column-inner tf_box tf_w\">\n\t\t    <!-- module buttons -->\n<div  class=\"module module-buttons tb_w239326 buttons-horizontal solid  rounded\" data-lazy=\"1\">\n    \t<div class=\"module-buttons-item tf_inline_b\">\n\t\t\t\t\t\t\t<a href=\"https:\/\/themify.me\/\" class=\"ui builder_button transparent\" target=\"_blank\" rel=\"noopener\">\n\t\t\t\t\t\t\t\t\t\t\t<span class=\"tf_inline_b tf_vmiddle\">Rezervova\u0165<\/span>\n\t\t\t\t\t\t\t\t\t\t\t<\/a>\n\t\t\t    \t<\/div>\n\t<\/div>\n<!-- \/module buttons -->\n\t        <\/div>\n\t    \t<\/div>\n\t\t    <\/div>\n\t    <!-- \/row_inner -->\n\t<\/div>\n\t<!-- \/module_row -->\n\t\t<!-- module_row -->\n\t<div  data-lazy=\"1\" class=\"module_row themify_builder_row tb_y961384 tf_clearfix\" >\n\t    \t\t<div class=\"row_inner col_align_middle tf_box tf_w tf_rel\">\n\t\t\t<div  data-lazy=\"1\" class=\"module_column tb-column col2-1 first tb_nj3o385 tf_box\">\n\t\t\t    \t        <div class=\"tb-column-inner tf_box tf_w\">\n\t\t    <!-- module image -->\n<div  class=\"module module-image tb_f2mc385   image-top tf_mw\" data-lazy=\"1\">\n        <div class=\"image-wrap tf_rel tf_mw\">\n\t\t    <img fetchpriority=\"high\" fetchpriority=\"high\" decoding=\"async\" src=\"https:\/\/www.apartmany-termal.sk\/wp-content\/uploads\/2021\/07\/31-1500x400.jpg\" width=\"1500\" height=\"400\" class=\"wp-post-image wp-image-12\" title=\"31\" alt=\"31\">\t\n\t\t<\/div>\n\t<!-- \/image-wrap -->\n    \n    \t<\/div>\n<!-- \/module image -->\t        <\/div>\n\t    \t<\/div>\n\t\t<div  data-lazy=\"1\" class=\"module_column tb-column col2-1 last tb_asoo385 tf_box\">\n\t\t\t    \t        <div class=\"tb-column-inner tf_box tf_w\">\n\t\t    <!-- module text -->\n<div  class=\"module module-text tb_2chj385   \" data-lazy=\"1\">\n        <div  class=\"tb_text_wrap\">\n    <h2>O N\u00c1S<\/h2>\n<p>Apartm\u00e1nov\u00e9 domy Term\u00e1l ponukaju ubytovanie v priamom susedstve THERMALPARKU Dunajsk\u00e1 Streda. S THERMALPARKOM n\u00e1s sp\u00e1ja prepojovacia chodba, ktor\u00e1 zaru\u010d\u00ed na\u0161im klientom pohodln\u00fd pr\u00edstup do jeho priestorov v lete aj v zime.<\/p>    <\/div>\n<\/div>\n<!-- \/module text -->\t        <\/div>\n\t    \t<\/div>\n\t\t    <\/div>\n\t    <!-- \/row_inner -->\n\t<\/div>\n\t<!-- \/module_row -->\n\t\t<!-- module_row -->\n\t<div  data-lazy=\"1\" class=\"module_row themify_builder_row tb_2ob6529 tf_clearfix\" >\n\t    \t\t<div class=\"row_inner col_align_middle tf_box tf_w tf_rel\">\n\t\t\t<div  data-lazy=\"1\" class=\"module_column tb-column col2-1 first tb_a8k8529 tf_box\">\n\t\t\t    \t        <div class=\"tb-column-inner tf_box tf_w\">\n\t\t    <!-- module text -->\n<div  class=\"module module-text tb_vhka530   \" data-lazy=\"1\">\n        <div  class=\"tb_text_wrap\">\n    <h2>IZBY A V\u00ddBAVA APARTM\u00c1NY TERM\u00c1L<\/h2>\n<p>Hos\u0165om pon\u00fakame ubytovanie v moderne zariaden\u00fdch dvojl\u00f4\u017ekov\u00fdch a \u0161tvorl\u00f4\u017ekov\u00fdch apartm\u00e1noch so soci\u00e1lnym zariaden\u00edm, vlastnou kuchynkou a balk\u00f3nom. Apartm\u00e1nov\u00fd dom je rozdelen\u00fd na 3 poschodia. K dispoz\u00edcii je 31 dvojl\u00f4\u017ekov\u00fdch izieb s mo\u017enos\u0165ou pr\u00edstelky a 5 \u0161tvorl\u00f4\u017ekov\u00fdch apartm\u00e1nov.<\/p>    <\/div>\n<\/div>\n<!-- \/module text -->\t        <\/div>\n\t    \t<\/div>\n\t\t<div  data-lazy=\"1\" class=\"module_column tb-column col2-1 last tb_whu5530 tf_box\">\n\t\t\t    \t        <div class=\"tb-column-inner tf_box tf_w\">\n\t\t    <!-- module image -->\n<div  class=\"module module-image tb_5by8529   image-top tf_mw\" data-lazy=\"1\">\n        <div class=\"image-wrap tf_rel tf_mw\">\n\t\t    <img fetchpriority=\"high\" fetchpriority=\"high\" decoding=\"async\" src=\"https:\/\/www.apartmany-termal.sk\/wp-content\/uploads\/2021\/07\/31-1500x400.jpg\" width=\"1500\" height=\"400\" class=\"wp-post-image wp-image-12\" title=\"31\" alt=\"31\">\t\n\t\t<\/div>\n\t<!-- \/image-wrap -->\n    \n    \t<\/div>\n<!-- \/module image -->\t        <\/div>\n\t    \t<\/div>\n\t\t    <\/div>\n\t    <!-- \/row_inner -->\n\t<\/div>\n\t<!-- \/module_row -->\n\t\t<!-- module_row -->\n\t<div  data-lazy=\"1\" class=\"module_row themify_builder_row tb_bt2e639 tf_clearfix\" >\n\t    \t\t<div class=\"row_inner col_align_middle tf_box tf_w tf_rel\">\n\t\t\t<div  data-lazy=\"1\" class=\"module_column tb-column col-full first tb_08xj639 tf_box\">\n\t\t\t    \t        <div class=\"tb-column-inner tf_box tf_w\">\n\t\t    <!-- module text -->\n<div  class=\"module module-text tb_v5cd639   \" data-lazy=\"1\">\n        <div  class=\"tb_text_wrap\">\n    <h2 style=\"text-align: center;\">IZBY<\/h2>    <\/div>\n<\/div>\n<!-- \/module text -->\t        <\/div>\n\t    \t<\/div>\n\t\t    <\/div>\n\t    <!-- \/row_inner -->\n\t<\/div>\n\t<!-- \/module_row -->\n\t\t<!-- module_row -->\n\t<div  data-lazy=\"1\" class=\"module_row themify_builder_row tb_8yrt137 tf_clearfix\" >\n\t    \t\t<div class=\"row_inner col_align_middle tf_box tf_w tf_rel\">\n\t\t\t<div  data-lazy=\"1\" class=\"module_column tb-column col-full first tb_jauq137 tf_box\">\n\t\t\t    \t        <div class=\"tb-column-inner tf_box tf_w\">\n\t\t    <!-- module text -->\n<div  class=\"module module-text tb_cpyp138   \" data-lazy=\"1\">\n        <div  class=\"tb_text_wrap\">\n    <h2 style=\"text-align: center;\">IZBY<\/h2>    <\/div>\n<\/div>\n<!-- \/module text -->\t        <\/div>\n\t    \t<\/div>\n\t\t    <\/div>\n\t    <!-- \/row_inner -->\n\t<\/div>\n\t<!-- \/module_row -->\n\t<\/div>\n<!--\/themify_builder_content-->","protected":false},"excerpt":{"rendered":"<p>REZERVUJTE TERAZ A GARANTUJEME V\u00c1M TIE NAJLEP\u0160IE CENY ! Rezervova\u0165 O N\u00c1S Apartm\u00e1nov\u00e9 domy Term\u00e1l ponukaju ubytovanie v priamom susedstve THERMALPARKU Dunajsk\u00e1 Streda. S THERMALPARKOM n\u00e1s sp\u00e1ja prepojovacia chodba, ktor\u00e1 zaru\u010d\u00ed na\u0161im klientom pohodln\u00fd pr\u00edstup do jeho priestorov v lete aj v zime. IZBY A V\u00ddBAVA APARTM\u00c1NY TERM\u00c1L Hos\u0165om pon\u00fakame ubytovanie v moderne zariaden\u00fdch dvojl\u00f4\u017ekov\u00fdch [&hellip;]<\/p>\n","protected":false},"author":1,"featured_media":0,"parent":0,"menu_order":0,"comment_status":"closed","ping_status":"closed","template":"","meta":{"footnotes":""},"class_list":["post-432","page","type-page","status-publish","hentry","has-post-title","has-post-date","has-post-category","has-post-tag","has-post-comment","has-post-author",""],"builder_content":"REZERVUJTE TERAZ A GARANTUJEME V\u00c1M TIE NAJLEP\u0160IE CENY !\n<a href=\"https:\/\/themify.me\/\" > Rezervova\u0165 <\/a>\n<img fetchpriority=\"high\" decoding=\"async\" src=\"https:\/\/www.apartmany-termal.sk\/wp-content\/uploads\/2021\/07\/31-1500x400.jpg\" width=\"1500\" height=\"400\" title=\"31\" alt=\"31\">\n<h2>O N\u00c1S<\/h2> <p>Apartm\u00e1nov\u00e9 domy Term\u00e1l ponukaju ubytovanie v priamom susedstve THERMALPARKU Dunajsk\u00e1 Streda. S THERMALPARKOM n\u00e1s sp\u00e1ja prepojovacia chodba, ktor\u00e1 zaru\u010d\u00ed na\u0161im klientom pohodln\u00fd pr\u00edstup do jeho priestorov v lete aj v zime.<\/p>\n<h2>IZBY A V\u00ddBAVA APARTM\u00c1NY TERM\u00c1L<\/h2> <p>Hos\u0165om pon\u00fakame ubytovanie v moderne zariaden\u00fdch dvojl\u00f4\u017ekov\u00fdch a \u0161tvorl\u00f4\u017ekov\u00fdch apartm\u00e1noch so soci\u00e1lnym zariaden\u00edm, vlastnou kuchynkou a balk\u00f3nom. Apartm\u00e1nov\u00fd dom je rozdelen\u00fd na 3 poschodia. K dispoz\u00edcii je 31 dvojl\u00f4\u017ekov\u00fdch izieb s mo\u017enos\u0165ou pr\u00edstelky a 5 \u0161tvorl\u00f4\u017ekov\u00fdch apartm\u00e1nov.<\/p>\n<img fetchpriority=\"high\" decoding=\"async\" src=\"https:\/\/www.apartmany-termal.sk\/wp-content\/uploads\/2021\/07\/31-1500x400.jpg\" width=\"1500\" height=\"400\" title=\"31\" alt=\"31\">\n<h2 style=\"text-align: center;\">IZBY<\/h2>\n<h2 style=\"text-align: center;\">IZBY<\/h2>","_links":{"self":[{"href":"https:\/\/www.apartmany-termal.sk\/en\/wp-json\/wp\/v2\/pages\/432","targetHints":{"allow":["GET"]}}],"collection":[{"href":"https:\/\/www.apartmany-termal.sk\/en\/wp-json\/wp\/v2\/pages"}],"about":[{"href":"https:\/\/www.apartmany-termal.sk\/en\/wp-json\/wp\/v2\/types\/page"}],"author":[{"embeddable":true,"href":"https:\/\/www.apartmany-termal.sk\/en\/wp-json\/wp\/v2\/users\/1"}],"replies":[{"embeddable":true,"href":"https:\/\/www.apartmany-termal.sk\/en\/wp-json\/wp\/v2\/comments?post=432"}],"version-history":[{"count":0,"href":"https:\/\/www.apartmany-termal.sk\/en\/wp-json\/wp\/v2\/pages\/432\/revisions"}],"wp:attachment":[{"href":"https:\/\/www.apartmany-termal.sk\/en\/wp-json\/wp\/v2\/media?parent=432"}],"curies":[{"name":"wp","href":"https:\/\/api.w.org\/{rel}","templated":true}]}}