{"id":366,"date":"2021-08-07T22:14:11","date_gmt":"2021-08-07T20:14:11","guid":{"rendered":"https:\/\/www.apartmany-termal.sk\/pozicovna-bicyklov\/"},"modified":"2021-10-02T21:58:24","modified_gmt":"2021-10-02T19:58:24","slug":"wypozyczalnia-rowerow","status":"publish","type":"page","link":"https:\/\/www.apartmany-termal.sk\/pl\/wypozyczalnia-rowerow\/","title":{"rendered":"WYPO\u017bYCZALNIA ROWER\u00d3W"},"content":{"rendered":"<!--themify_builder_content-->\n<div id=\"themify_builder_content-366\" data-postid=\"366\" class=\"themify_builder_content themify_builder_content-366 themify_builder tf_clear\">\n    \t<!-- module_row -->\n\t<div  data-lazy=\"1\" class=\"module_row themify_builder_row repeat tb_0b81639 tb_first tf_clearfix\" >\n\t    \t\t<div class=\"row_inner col_align_middle tf_box tf_w tf_rel\">\n\t\t\t<div  data-lazy=\"1\" class=\"module_column tb-column col4-1 first tb_34kb640 tf_box\">\n\t\t\t    \t<\/div>\n\t\t<div  data-lazy=\"1\" class=\"module_column tb-column col4-2 middle tb_htbt640 tf_box\">\n\t\t\t    \t        <div class=\"tb-column-inner tf_box tf_w\">\n\t\t    <!-- module text -->\n<div  class=\"module module-text tb_xfdh640   \" data-lazy=\"1\">\n        <div  class=\"tb_text_wrap\">\n    <div class=\"reserve_banner_text\">ZAREZERWUJ TERAZ, A GWARANTUJEMY CI NAJLEPSZE CENY!<\/div>    <\/div>\n<\/div>\n<!-- \/module text -->\t        <\/div>\n\t    \t<\/div>\n\t\t<div  data-lazy=\"1\" class=\"module_column tb-column col4-1 last tb_7yzo641 tf_box\">\n\t\t\t    \t        <div class=\"tb-column-inner tf_box tf_w\">\n\t\t    <!-- module buttons -->\n<div  class=\"module module-buttons tb_mqkl642 buttons-horizontal solid  rounded\" data-lazy=\"1\">\n    \t<div class=\"module-buttons-item tf_inline_b\">\n\t\t\t\t\t\t\t<a href=\"https:\/\/www.secure-hotel-booking.com\/smart\/Apartmany-Termal\/2C8X\/pl\/\" class=\"ui builder_button transparent\" target=\"_blank\" rel=\"noopener\">\n\t\t\t\t\t\t\t\t\t\t\t<span class=\"tf_inline_b tf_vmiddle\">Zarezerwuj<\/span>\n\t\t\t\t\t\t\t\t\t\t\t<\/a>\n\t\t\t    \t<\/div>\n\t<\/div>\n<!-- \/module buttons -->\n\t        <\/div>\n\t    \t<\/div>\n\t\t    <\/div>\n\t    <!-- \/row_inner -->\n\t<\/div>\n\t<!-- \/module_row -->\n\t\t<!-- module_row -->\n\t<div  data-lazy=\"1\" class=\"module_row themify_builder_row tb_y961384 tf_clearfix\" >\n\t    \t\t<div class=\"row_inner col_align_middle tf_box tf_w tf_rel\">\n\t\t\t<div  data-lazy=\"1\" class=\"module_column tb-column col-full first tb_nj3o385 tf_box\">\n\t\t\t    \t        <div class=\"tb-column-inner tf_box tf_w\">\n\t\t    <!-- module text -->\n<div  class=\"module module-text tb_2chj385   \" data-lazy=\"1\">\n        <div  class=\"tb_text_wrap\">\n    <h1 id=\"page-title\" class=\"page__title title\" style=\"text-align: center;\">WYPO\u017bYCZALNIA ROWER\u00d3W<\/h1>\n<article class=\"node-70 node node-page view-mode-full clearfix\"><header><\/header>\n<div class=\"field field-name-body field-type-text-with-summary field-label-hidden\">\n<div class=\"field-items\">\n<div class=\"field-item even\" style=\"text-align: center;\">\u00a0<\/div>\n<\/div>\n<\/div>\n<\/article>    <\/div>\n<\/div>\n<!-- \/module text -->\t        <\/div>\n\t    \t<\/div>\n\t\t    <\/div>\n\t    <!-- \/row_inner -->\n\t<\/div>\n\t<!-- \/module_row -->\n\t\t<!-- module_row -->\n\t<div  data-lazy=\"1\" class=\"module_row themify_builder_row tb_k4jw242 tf_clearfix\" >\n\t    \t\t<div class=\"row_inner col_align_middle tf_box tf_w tf_rel\">\n\t\t\t<div  data-lazy=\"1\" class=\"module_column tb-column col-full first tb_prz2242 tf_box\">\n\t\t\t    \t        <div class=\"tb-column-inner tf_box tf_w\">\n\t\t    <!-- module text -->\n<div  class=\"module module-text tb_6rth242   \" data-lazy=\"1\">\n        <div  class=\"tb_text_wrap\">\n    <h2><strong>Cenn\u00edk po\u017ei\u010dovne bicyklov<\/strong><\/h2>\n<p>\u00a0<\/p>\n<table style=\"height: 307px;\" border=\"1\" width=\"750\" cellspacing=\"0\" cellpadding=\"8\" align=\"left\">\n<tbody>\n<tr>\n<td><strong>D\u013a\u017eka pren\u00e1jmu<\/strong><\/td>\n<td class=\"rtecenter\"><strong>Dospel\u00fd<\/strong><\/td>\n<td class=\"rtecenter\"><strong>Die\u0165a<\/strong><\/td>\n<\/tr>\n<tr>\n<td>Pren\u00e1jom na\u00a0<strong>2 hodiny<\/strong><\/td>\n<td class=\"rtecenter\" style=\"text-align: center;\">4\u20ac<\/td>\n<td class=\"rtecenter\" style=\"text-align: center;\">3\u20ac<\/td>\n<\/tr>\n<tr>\n<td>Pren\u00e1jom na\u00a0<strong>4 hodiny<\/strong><\/td>\n<td class=\"rtecenter\" style=\"text-align: center;\">8\u20ac<\/td>\n<td class=\"rtecenter\" style=\"text-align: center;\">6\u20ac<\/td>\n<\/tr>\n<tr>\n<td>Pren\u00e1jom na\u00a0<strong>cel\u00fd de\u0148\u00a0<\/strong>(8,00hod &#8211; 22,00hod)<\/td>\n<td class=\"rtecenter\" style=\"text-align: center;\">12\u20ac<\/td>\n<td class=\"rtecenter\" style=\"text-align: center;\">10\u20ac<\/td>\n<\/tr>\n<tr>\n<td>Prilba<\/td>\n<td class=\"rtecenter\" style=\"text-align: center;\">1\u20ac<\/td>\n<td class=\"rtecenter\" style=\"text-align: center;\">0,50\u20ac<\/td>\n<\/tr>\n<tr>\n<td>Ceny s\u00fa vr\u00e1tane 20% DPH<\/td>\n<td class=\"rtecenter\">\u00a0<\/td>\n<td class=\"rtecenter\">\u00a0<\/td>\n<\/tr>\n<\/tbody>\n<\/table>    <\/div>\n<\/div>\n<!-- \/module text -->\t        <\/div>\n\t    \t<\/div>\n\t\t    <\/div>\n\t    <!-- \/row_inner -->\n\t<\/div>\n\t<!-- \/module_row -->\n\t\t<!-- module_row -->\n\t<div  data-lazy=\"1\" class=\"module_row themify_builder_row tb_40gl940 tf_clearfix\" >\n\t    \t\t<div class=\"row_inner col_align_middle tf_box tf_w tf_rel\">\n\t\t\t<div  data-lazy=\"1\" class=\"module_column tb-column col-full first tb_pjwg940 tf_box\">\n\t\t\t    \t        <div class=\"tb-column-inner tf_box tf_w\">\n\t\t    <!-- module text -->\n<div  class=\"module module-text tb_9bjg941   \" data-lazy=\"1\">\n        <div  class=\"tb_text_wrap\">\n    <div class=\"tb_layout_part_wrap tf_w\"><!--themify_builder_content-->\n    <div  class=\"themify_builder_content themify_builder_content-517 themify_builder not_editable_builder in_the_loop\" data-postid=\"517\">\n        \t<!-- module_row -->\n\t<div  data-lazy=\"1\" class=\"module_row themify_builder_row tb_qmoj352 tf_clearfix\">\n\t    \t\t<div class=\"row_inner col_align_top tf_box tf_w tf_rel\">\n\t\t\t<div  data-lazy=\"1\" class=\"module_column tb-column col-full first tb_nq1m352 tf_box\">\n\t\t\t    \t        <div class=\"tb-column-inner tf_box tf_w\">\n\t\t    <!-- module text -->\n<div  class=\"module module-text tb_ilov346   \" data-lazy=\"1\">\n        <div  class=\"tb_text_wrap\">\n    <h2 style=\"text-align: center;\">CESTA DO APARTM\u00c1NOV TERMAL***<\/h2>    <\/div>\n<\/div>\n<!-- \/module text --><!-- module image -->\n<div  class=\"module module-image tb_hwfa280   image-center tf_mw\" data-lazy=\"1\">\n        <div class=\"image-wrap tf_rel tf_mw\">\n\t\t    <img fetchpriority=\"high\" decoding=\"async\" fetchpriority=\"high\" fetchpriority=\"high\" width=\"1844\" height=\"994\" src=\"https:\/\/www.apartmany-termal.sk\/wp-content\/uploads\/2021\/08\/apartmany-termal-dunajska-streda-trasa.jpg\" class=\"wp-post-image wp-image-128\" title=\"apartmany-termal-dunajska-streda-trasa\" alt=\"apartmany-termal-dunajska-streda-trasa\" srcset=\"https:\/\/www.apartmany-termal.sk\/wp-content\/uploads\/2021\/08\/apartmany-termal-dunajska-streda-trasa.jpg 1844w, https:\/\/www.apartmany-termal.sk\/wp-content\/uploads\/2021\/08\/apartmany-termal-dunajska-streda-trasa-300x162.jpg 300w, https:\/\/www.apartmany-termal.sk\/wp-content\/uploads\/2021\/08\/apartmany-termal-dunajska-streda-trasa-1024x552.jpg 1024w, https:\/\/www.apartmany-termal.sk\/wp-content\/uploads\/2021\/08\/apartmany-termal-dunajska-streda-trasa-768x414.jpg 768w, https:\/\/www.apartmany-termal.sk\/wp-content\/uploads\/2021\/08\/apartmany-termal-dunajska-streda-trasa-1536x828.jpg 1536w\" sizes=\"(max-width: 1844px) 100vw, 1844px\" \/>\t\n\t\t<\/div>\n\t<!-- \/image-wrap -->\n    \n    \t<\/div>\n<!-- \/module image --><!-- module text -->\n<div  class=\"module module-text tb_r2h0146   \" data-lazy=\"1\">\n        <div  class=\"tb_text_wrap\">\n    <p>\u00a01. Skr\u0119\u0107 w prawo przez ramp\u0119 w prawo<br>2. Przejd\u017a 150 metr\u00f3w prosto<br>3. Skr\u0119\u0107 w lewo<br>4. Po 40 metrach skr\u0119\u0107 w prawo, a dotrzesz do Termal Apartments ***<br>5. Po zameldowaniu odbywa si\u0119 w recepcji<br><br>Wsp\u00f3\u0142rz\u0119dne celu GPS (Apartm\u00e1ny Term\u00e1l):<br>\u0161\u00edrka: 47\u00b059&#8217;07.20&#8243; dl\u017eka: 17\u00b036&#8217;29.62&#8243;<\/p>    <\/div>\n<\/div>\n<!-- \/module text -->\t        <\/div>\n\t    \t<\/div>\n\t\t    <\/div>\n\t    <!-- \/row_inner -->\n\t<\/div>\n\t<!-- \/module_row -->\n\t    <\/div>\n<!--\/themify_builder_content--><\/div>\n    <\/div>\n<\/div>\n<!-- \/module text -->\t        <\/div>\n\t    \t<\/div>\n\t\t    <\/div>\n\t    <!-- \/row_inner -->\n\t<\/div>\n\t<!-- \/module_row -->\n\t<\/div>\n<!--\/themify_builder_content-->","protected":false},"excerpt":{"rendered":"<p>ZAREZERWUJ TERAZ, A GWARANTUJEMY CI NAJLEPSZE CENY! Zarezerwuj WYPO\u017bYCZALNIA ROWER\u00d3W \u00a0 Cenn\u00edk po\u017ei\u010dovne bicyklov \u00a0 D\u013a\u017eka pren\u00e1jmu Dospel\u00fd Die\u0165a Pren\u00e1jom na\u00a02 hodiny 4\u20ac 3\u20ac Pren\u00e1jom na\u00a04 hodiny 8\u20ac 6\u20ac Pren\u00e1jom na\u00a0cel\u00fd de\u0148\u00a0(8,00hod &#8211; 22,00hod) 12\u20ac 10\u20ac Prilba 1\u20ac 0,50\u20ac Ceny s\u00fa vr\u00e1tane 20% DPH \u00a0 \u00a0<\/p>\n","protected":false},"author":1,"featured_media":0,"parent":0,"menu_order":0,"comment_status":"closed","ping_status":"closed","template":"","meta":{"footnotes":""},"class_list":["post-366","page","type-page","status-publish","hentry","has-post-title","has-post-date","has-post-category","has-post-tag","has-post-comment","has-post-author",""],"builder_content":"ZAREZERWUJ TERAZ, A GWARANTUJEMY CI NAJLEPSZE CENY!\n<a href=\"https:\/\/www.secure-hotel-booking.com\/smart\/Apartmany-Termal\/2C8X\/pl\/\" > Zarezerwuj <\/a>\n<h1 id=\"page-title\" style=\"text-align: center;\">WYPO\u017bYCZALNIA ROWER\u00d3W<\/h1> <article><header><\/header>\n\u00a0\n<\/article>\n<h2><strong>Cenn\u00edk po\u017ei\u010dovne bicyklov<\/strong><\/h2> <p>\u00a0<\/p> <table style=\"height: 307px;\" border=\"1\" width=\"750\" cellspacing=\"0\" cellpadding=\"8\" align=\"left\"> <tbody> <tr> <td><strong>D\u013a\u017eka pren\u00e1jmu<\/strong><\/td> <td><strong>Dospel\u00fd<\/strong><\/td> <td><strong>Die\u0165a<\/strong><\/td> <\/tr> <tr> <td>Pren\u00e1jom na\u00a0<strong>2 hodiny<\/strong><\/td> <td style=\"text-align: center;\">4\u20ac<\/td> <td style=\"text-align: center;\">3\u20ac<\/td> <\/tr> <tr> <td>Pren\u00e1jom na\u00a0<strong>4 hodiny<\/strong><\/td> <td style=\"text-align: center;\">8\u20ac<\/td> <td style=\"text-align: center;\">6\u20ac<\/td> <\/tr> <tr> <td>Pren\u00e1jom na\u00a0<strong>cel\u00fd de\u0148\u00a0<\/strong>(8,00hod - 22,00hod)<\/td> <td style=\"text-align: center;\">12\u20ac<\/td> <td style=\"text-align: center;\">10\u20ac<\/td> <\/tr> <tr> <td>Prilba<\/td> <td style=\"text-align: center;\">1\u20ac<\/td> <td style=\"text-align: center;\">0,50\u20ac<\/td> <\/tr> <tr> <td>Ceny s\u00fa vr\u00e1tane 20% DPH<\/td> <td>\u00a0<\/td> <td>\u00a0<\/td> <\/tr> <\/tbody> <\/table>\n<p>[themify_layout_part id=\"517\"]<\/p>","_links":{"self":[{"href":"https:\/\/www.apartmany-termal.sk\/pl\/wp-json\/wp\/v2\/pages\/366","targetHints":{"allow":["GET"]}}],"collection":[{"href":"https:\/\/www.apartmany-termal.sk\/pl\/wp-json\/wp\/v2\/pages"}],"about":[{"href":"https:\/\/www.apartmany-termal.sk\/pl\/wp-json\/wp\/v2\/types\/page"}],"author":[{"embeddable":true,"href":"https:\/\/www.apartmany-termal.sk\/pl\/wp-json\/wp\/v2\/users\/1"}],"replies":[{"embeddable":true,"href":"https:\/\/www.apartmany-termal.sk\/pl\/wp-json\/wp\/v2\/comments?post=366"}],"version-history":[{"count":0,"href":"https:\/\/www.apartmany-termal.sk\/pl\/wp-json\/wp\/v2\/pages\/366\/revisions"}],"wp:attachment":[{"href":"https:\/\/www.apartmany-termal.sk\/pl\/wp-json\/wp\/v2\/media?parent=366"}],"curies":[{"name":"wp","href":"https:\/\/api.w.org\/{rel}","templated":true}]}}