{"id":423,"date":"2021-08-07T22:11:34","date_gmt":"2021-08-07T20:11:34","guid":{"rendered":"https:\/\/www.apartmany-termal.sk\/kontakt\/"},"modified":"2021-10-07T16:14:09","modified_gmt":"2021-10-07T14:14:09","slug":"kontakt","status":"publish","type":"page","link":"https:\/\/www.apartmany-termal.sk\/pl\/kontakt\/","title":{"rendered":"Kontakt"},"content":{"rendered":"<!--themify_builder_content-->\n<div id=\"themify_builder_content-423\" data-postid=\"423\" class=\"themify_builder_content themify_builder_content-423 themify_builder tf_clear\">\n    \t<!-- module_row -->\n\t<div  data-lazy=\"1\" class=\"module_row themify_builder_row repeat tb_8m3c434 tb_first tf_clearfix\" >\n\t    \t\t<div class=\"row_inner col_align_middle tf_box tf_w tf_rel\">\n\t\t\t<div  data-lazy=\"1\" class=\"module_column tb-column col4-1 first tb_5w1v434 tf_box\">\n\t\t\t    \t<\/div>\n\t\t<div  data-lazy=\"1\" class=\"module_column tb-column col4-2 middle tb_pcu7434 tf_box\">\n\t\t\t    \t        <div class=\"tb-column-inner tf_box tf_w\">\n\t\t    <!-- module text -->\n<div  class=\"module module-text tb_ugym434   \" data-lazy=\"1\">\n        <div  class=\"tb_text_wrap\">\n    <div class=\"reserve_banner_text\">ZAREZERWUJ TERAZ, A GWARANTUJEMY CI NAJLEPSZE CENY!<\/div>    <\/div>\n<\/div>\n<!-- \/module text -->\t        <\/div>\n\t    \t<\/div>\n\t\t<div  data-lazy=\"1\" class=\"module_column tb-column col4-1 last tb_s832434 tf_box\">\n\t\t\t    \t        <div class=\"tb-column-inner tf_box tf_w\">\n\t\t    <!-- module buttons -->\n<div  class=\"module module-buttons tb_yq7d434 buttons-horizontal solid  rounded\" data-lazy=\"1\">\n    \t<div class=\"module-buttons-item tf_inline_b\">\n\t\t\t\t\t\t\t<a href=\"https:\/\/www.secure-hotel-booking.com\/smart\/Apartmany-Termal\/2C8X\/pl\/\" class=\"ui builder_button transparent\" target=\"_blank\" rel=\"noopener\">\n\t\t\t\t\t\t\t\t\t\t\t<span class=\"tf_inline_b tf_vmiddle\">Zarezerwuj<\/span>\n\t\t\t\t\t\t\t\t\t\t\t<\/a>\n\t\t\t    \t<\/div>\n\t<\/div>\n<!-- \/module buttons -->\n\t        <\/div>\n\t    \t<\/div>\n\t\t    <\/div>\n\t    <!-- \/row_inner -->\n\t<\/div>\n\t<!-- \/module_row -->\n\t\t<!-- module_row -->\n\t<div  data-lazy=\"1\" class=\"module_row themify_builder_row tb_y961384 tf_clearfix\" >\n\t    \t\t<div class=\"row_inner col_align_middle tf_box tf_w tf_rel\">\n\t\t\t<div  data-lazy=\"1\" class=\"module_column tb-column col2-1 first tb_nj3o385 tf_box\">\n\t\t\t    \t        <div class=\"tb-column-inner tf_box tf_w\">\n\t\t    <!-- module text -->\n<div  class=\"module module-text tb_vhka530   \" data-lazy=\"1\">\n        <div  class=\"tb_text_wrap\">\n    <div class=\"field field-name-body field-type-text-with-summary field-label-hidden\">\n<div class=\"field-items\">\n<div class=\"field-item even\">\n<p>Gab\u010d\u00edkovsk\u00e1 cesta 7230\/38A<br>929 01 Dunajsk\u00e1 Streda<\/p>\n<\/div>\n<\/div>\n<\/div>\n<p><strong>Tel:<\/strong> <a href=\"tel:+421917986733\">+421 917 986 733<\/a><\/p>\n<p><strong>E-mail:<\/strong> <a href=\"mailto:info@ubytovaniedunajskastreda.sk\">info@ubytovaniedunajskastreda.sk<\/a><\/p>    <\/div>\n<\/div>\n<!-- \/module text -->\t        <\/div>\n\t    \t<\/div>\n\t\t<div  data-lazy=\"1\" class=\"module_column tb-column col2-1 last tb_asoo385 tf_box\">\n\t\t\t    \t        <div class=\"tb-column-inner tf_box tf_w\">\n\t\t    <!-- module text -->\n<div  class=\"module module-text tb_yc3o160   \" data-lazy=\"1\">\n        <div  class=\"tb_text_wrap\">\n    <p><iframe src=\"https:\/\/www.google.com\/maps\/embed?pb=!1m18!1m12!1m3!1d667.6207535092586!2d17.607042829248115!3d47.98505189633497!2m3!1f0!2f0!3f0!3m2!1i1024!2i768!4f13.1!3m3!1m2!1s0x0%3A0x0!2zNDfCsDU5JzA2LjIiTiAxN8KwMzYnMjcuMyJF!5e0!3m2!1sen!2shu!4v1633615936346!5m2!1sen!2shu\" width=\"600\" height=\"450\" style=\"border:0;\" allowfullscreen=\"\" loading=\"lazy\"><\/iframe><\/p>\n    <\/div>\n<\/div>\n<!-- \/module text -->\t        <\/div>\n\t    \t<\/div>\n\t\t    <\/div>\n\t    <!-- \/row_inner -->\n\t<\/div>\n\t<!-- \/module_row -->\n\t\t<!-- module_row -->\n\t<div  data-lazy=\"1\" class=\"module_row themify_builder_row tb_8yrt137 tf_clearfix\" >\n\t    \t\t<div class=\"row_inner col_align_middle tf_box tf_w tf_rel\">\n\t\t\t<div  data-lazy=\"1\" class=\"module_column tb-column col-full first tb_jauq137 tf_box\">\n\t\t\t    \t        <div class=\"tb-column-inner tf_box tf_w\">\n\t\t    <!-- module text -->\n<div  class=\"module module-text tb_cpyp138   \" data-lazy=\"1\">\n        <div  class=\"tb_text_wrap\">\n    <p style=\"text-align: center;\"><div class=\"tb_layout_part_wrap tf_w\"><!--themify_builder_content-->\n    <div  class=\"themify_builder_content themify_builder_content-517 themify_builder not_editable_builder in_the_loop\" data-postid=\"517\">\n        \t<!-- module_row -->\n\t<div  data-lazy=\"1\" class=\"module_row themify_builder_row tb_qmoj352 tf_clearfix\">\n\t    \t\t<div class=\"row_inner col_align_top tf_box tf_w tf_rel\">\n\t\t\t<div  data-lazy=\"1\" class=\"module_column tb-column col-full first tb_nq1m352 tf_box\">\n\t\t\t    \t        <div class=\"tb-column-inner tf_box tf_w\">\n\t\t    <!-- module text -->\n<div  class=\"module module-text tb_ilov346   \" data-lazy=\"1\">\n        <div  class=\"tb_text_wrap\">\n    <h2 style=\"text-align: center;\">CESTA DO APARTM\u00c1NOV TERMAL***<\/h2>    <\/div>\n<\/div>\n<!-- \/module text --><!-- module image -->\n<div  class=\"module module-image tb_hwfa280   image-center tf_mw\" data-lazy=\"1\">\n        <div class=\"image-wrap tf_rel tf_mw\">\n\t\t    <img fetchpriority=\"high\" decoding=\"async\" fetchpriority=\"high\" fetchpriority=\"high\" width=\"1844\" height=\"994\" src=\"https:\/\/www.apartmany-termal.sk\/wp-content\/uploads\/2021\/08\/apartmany-termal-dunajska-streda-trasa.jpg\" class=\"wp-post-image wp-image-128\" title=\"apartmany-termal-dunajska-streda-trasa\" alt=\"apartmany-termal-dunajska-streda-trasa\" srcset=\"https:\/\/www.apartmany-termal.sk\/wp-content\/uploads\/2021\/08\/apartmany-termal-dunajska-streda-trasa.jpg 1844w, https:\/\/www.apartmany-termal.sk\/wp-content\/uploads\/2021\/08\/apartmany-termal-dunajska-streda-trasa-300x162.jpg 300w, https:\/\/www.apartmany-termal.sk\/wp-content\/uploads\/2021\/08\/apartmany-termal-dunajska-streda-trasa-1024x552.jpg 1024w, https:\/\/www.apartmany-termal.sk\/wp-content\/uploads\/2021\/08\/apartmany-termal-dunajska-streda-trasa-768x414.jpg 768w, https:\/\/www.apartmany-termal.sk\/wp-content\/uploads\/2021\/08\/apartmany-termal-dunajska-streda-trasa-1536x828.jpg 1536w\" sizes=\"(max-width: 1844px) 100vw, 1844px\" \/>\t\n\t\t<\/div>\n\t<!-- \/image-wrap -->\n    \n    \t<\/div>\n<!-- \/module image --><!-- module text -->\n<div  class=\"module module-text tb_r2h0146   \" data-lazy=\"1\">\n        <div  class=\"tb_text_wrap\">\n    <p>\u00a01. Skr\u0119\u0107 w prawo przez ramp\u0119 w prawo<br>2. Przejd\u017a 150 metr\u00f3w prosto<br>3. Skr\u0119\u0107 w lewo<br>4. Po 40 metrach skr\u0119\u0107 w prawo, a dotrzesz do Termal Apartments ***<br>5. Po zameldowaniu odbywa si\u0119 w recepcji<br><br>Wsp\u00f3\u0142rz\u0119dne celu GPS (Apartm\u00e1ny Term\u00e1l):<br>\u0161\u00edrka: 47\u00b059&#8217;07.20&#8243; dl\u017eka: 17\u00b036&#8217;29.62&#8243;<\/p>    <\/div>\n<\/div>\n<!-- \/module text -->\t        <\/div>\n\t    \t<\/div>\n\t\t    <\/div>\n\t    <!-- \/row_inner -->\n\t<\/div>\n\t<!-- \/module_row -->\n\t    <\/div>\n<!--\/themify_builder_content--><\/div>\n<\/p>    <\/div>\n<\/div>\n<!-- \/module text -->\t        <\/div>\n\t    \t<\/div>\n\t\t    <\/div>\n\t    <!-- \/row_inner -->\n\t<\/div>\n\t<!-- \/module_row -->\n\t<\/div>\n<!--\/themify_builder_content-->","protected":false},"excerpt":{"rendered":"<p>ZAREZERWUJ TERAZ, A GWARANTUJEMY CI NAJLEPSZE CENY! Zarezerwuj Gab\u010d\u00edkovsk\u00e1 cesta 7230\/38A929 01 Dunajsk\u00e1 Streda Tel: +421 917 986 733 E-mail: info@ubytovaniedunajskastreda.sk<\/p>\n","protected":false},"author":1,"featured_media":0,"parent":0,"menu_order":0,"comment_status":"closed","ping_status":"closed","template":"","meta":{"footnotes":""},"class_list":["post-423","page","type-page","status-publish","hentry","has-post-title","has-post-date","has-post-category","has-post-tag","has-post-comment","has-post-author",""],"builder_content":"ZAREZERWUJ TERAZ, A GWARANTUJEMY CI NAJLEPSZE CENY!\n<a href=\"https:\/\/www.secure-hotel-booking.com\/smart\/Apartmany-Termal\/2C8X\/pl\/\" > Zarezerwuj <\/a>\n<p>Gab\u010d\u00edkovsk\u00e1 cesta 7230\/38A<br>929 01 Dunajsk\u00e1 Streda<\/p>\n<p><strong>Tel:<\/strong> <a href=\"tel:+421917986733\">+421 917 986 733<\/a><\/p> <p><strong>E-mail:<\/strong> <a href=\"mailto:info@ubytovaniedunajskastreda.sk\">info@ubytovaniedunajskastreda.sk<\/a><\/p>\n<p><iframe src=\"https:\/\/www.google.com\/maps\/embed?pb=!1m18!1m12!1m3!1d667.6207535092586!2d17.607042829248115!3d47.98505189633497!2m3!1f0!2f0!3f0!3m2!1i1024!2i768!4f13.1!3m3!1m2!1s0x0%3A0x0!2zNDfCsDU5JzA2LjIiTiAxN8KwMzYnMjcuMyJF!5e0!3m2!1sen!2shu!4v1633615936346!5m2!1sen!2shu\" width=\"600\" height=\"450\" style=\"border:0;\" allowfullscreen=\"\" loading=\"lazy\"><\/iframe><\/p>\n<p style=\"text-align: center;\">[themify_layout_part id=\"517\"]<\/p>","_links":{"self":[{"href":"https:\/\/www.apartmany-termal.sk\/pl\/wp-json\/wp\/v2\/pages\/423","targetHints":{"allow":["GET"]}}],"collection":[{"href":"https:\/\/www.apartmany-termal.sk\/pl\/wp-json\/wp\/v2\/pages"}],"about":[{"href":"https:\/\/www.apartmany-termal.sk\/pl\/wp-json\/wp\/v2\/types\/page"}],"author":[{"embeddable":true,"href":"https:\/\/www.apartmany-termal.sk\/pl\/wp-json\/wp\/v2\/users\/1"}],"replies":[{"embeddable":true,"href":"https:\/\/www.apartmany-termal.sk\/pl\/wp-json\/wp\/v2\/comments?post=423"}],"version-history":[{"count":0,"href":"https:\/\/www.apartmany-termal.sk\/pl\/wp-json\/wp\/v2\/pages\/423\/revisions"}],"wp:attachment":[{"href":"https:\/\/www.apartmany-termal.sk\/pl\/wp-json\/wp\/v2\/media?parent=423"}],"curies":[{"name":"wp","href":"https:\/\/api.w.org\/{rel}","templated":true}]}}