{"id":437,"date":"2021-08-07T22:08:53","date_gmt":"2021-08-07T20:08:53","guid":{"rendered":"https:\/\/www.apartmany-termal.sk\/apartman-studio\/"},"modified":"2021-10-02T21:58:39","modified_gmt":"2021-10-02T19:58:39","slug":"apartament","status":"publish","type":"page","link":"https:\/\/www.apartmany-termal.sk\/pl\/apartament\/","title":{"rendered":"APARTAMENT A"},"content":{"rendered":"<!--themify_builder_content-->\n<div id=\"themify_builder_content-437\" data-postid=\"437\" class=\"themify_builder_content themify_builder_content-437 themify_builder tf_clear\">\n    \t<!-- module_row -->\n\t<div  data-lazy=\"1\" class=\"module_row themify_builder_row repeat tb_mfq6311 tb_first tf_clearfix\" >\n\t    \t\t<div class=\"row_inner col_align_middle tf_box tf_w tf_rel\">\n\t\t\t<div  data-lazy=\"1\" class=\"module_column tb-column col4-1 first tb_1do5312 tf_box\">\n\t\t\t    \t<\/div>\n\t\t<div  data-lazy=\"1\" class=\"module_column tb-column col4-2 middle tb_1x1u312 tf_box\">\n\t\t\t    \t        <div class=\"tb-column-inner tf_box tf_w\">\n\t\t    <!-- module text -->\n<div  class=\"module module-text tb_hfcw312   \" data-lazy=\"1\">\n        <div  class=\"tb_text_wrap\">\n    <div class=\"reserve_banner_text\">ZAREZERWUJ TERAZ, A GWARANTUJEMY CI NAJLEPSZE CENY!<\/div>    <\/div>\n<\/div>\n<!-- \/module text -->\t        <\/div>\n\t    \t<\/div>\n\t\t<div  data-lazy=\"1\" class=\"module_column tb-column col4-1 last tb_4ht5312 tf_box\">\n\t\t\t    \t        <div class=\"tb-column-inner tf_box tf_w\">\n\t\t    <!-- module buttons -->\n<div  class=\"module module-buttons tb_xg2h312 buttons-horizontal solid  rounded\" data-lazy=\"1\">\n    \t<div class=\"module-buttons-item tf_inline_b\">\n\t\t\t\t\t\t\t<a href=\"https:\/\/www.secure-hotel-booking.com\/smart\/Apartmany-Termal\/2C8X\/pl\/\" class=\"ui builder_button transparent\" target=\"_blank\" rel=\"noopener\">\n\t\t\t\t\t\t\t\t\t\t\t<span class=\"tf_inline_b tf_vmiddle\">Zarezerwuj<\/span>\n\t\t\t\t\t\t\t\t\t\t\t<\/a>\n\t\t\t    \t<\/div>\n\t<\/div>\n<!-- \/module buttons -->\n\t        <\/div>\n\t    \t<\/div>\n\t\t    <\/div>\n\t    <!-- \/row_inner -->\n\t<\/div>\n\t<!-- \/module_row -->\n\t\t<!-- module_row -->\n\t<div  data-lazy=\"1\" class=\"module_row themify_builder_row tb_6qm233 tf_clearfix\" >\n\t    \t\t<div class=\"row_inner col_align_top tf_box tf_w tf_rel\">\n\t\t\t<div  data-lazy=\"1\" class=\"module_column tb-column col-full first tb_ziyd33 tf_box\">\n\t\t\t    \t        <div class=\"tb-column-inner tf_box tf_w\">\n\t\t    <!-- module text -->\n<div  class=\"module module-text tb_fwnh494   \" data-lazy=\"1\">\n        <div  class=\"tb_text_wrap\">\n    <h1 id=\"page-title\" class=\"page__title title\" style=\"text-align: center;\">APARTAMENT A<\/h1>    <\/div>\n<\/div>\n<!-- \/module text --><!-- module image -->\n<div  class=\"module module-image tb_wde7921   image-center tf_mw\" data-lazy=\"1\">\n        <div class=\"image-wrap tf_rel tf_mw\">\n\t\t    <img fetchpriority=\"high\" fetchpriority=\"high\" decoding=\"async\" width=\"637\" height=\"1080\" src=\"https:\/\/www.apartmany-termal.sk\/wp-content\/uploads\/2021\/10\/izba.png\" class=\"wp-post-image wp-image-1148\" title=\"izba\" alt=\"izba\" srcset=\"https:\/\/www.apartmany-termal.sk\/wp-content\/uploads\/2021\/10\/izba.png 637w, https:\/\/www.apartmany-termal.sk\/wp-content\/uploads\/2021\/10\/izba-177x300.png 177w, https:\/\/www.apartmany-termal.sk\/wp-content\/uploads\/2021\/10\/izba-604x1024.png 604w\" sizes=\"(max-width: 637px) 100vw, 637px\" \/>\t\n\t\t<\/div>\n\t<!-- \/image-wrap -->\n    \n    \t<\/div>\n<!-- \/module image --><!-- module image -->\n<div  class=\"module module-image tb_c2q3648   image-center tf_mw\" data-lazy=\"1\">\n        <div class=\"image-wrap tf_rel tf_mw\">\n\t\t    <img decoding=\"async\" width=\"637\" height=\"1080\" src=\"https:\/\/www.apartmany-termal.sk\/wp-content\/uploads\/2021\/10\/izba_fake.png\" class=\"wp-post-image wp-image-1143\" title=\"izba_fake\" alt=\"izba_fake\" srcset=\"https:\/\/www.apartmany-termal.sk\/wp-content\/uploads\/2021\/10\/izba_fake.png 637w, https:\/\/www.apartmany-termal.sk\/wp-content\/uploads\/2021\/10\/izba_fake-177x300.png 177w, https:\/\/www.apartmany-termal.sk\/wp-content\/uploads\/2021\/10\/izba_fake-604x1024.png 604w\" sizes=\"(max-width: 637px) 100vw, 637px\" \/>\t\n\t\t<\/div>\n\t<!-- \/image-wrap -->\n    \n    \t<\/div>\n<!-- \/module image --><!-- module image -->\n<div  class=\"module module-image tb_d2zf981   image-center tf_mw\" data-lazy=\"1\">\n        <div class=\"image-wrap tf_rel tf_mw\">\n\t\t    <img decoding=\"async\" width=\"1615\" height=\"1080\" src=\"https:\/\/www.apartmany-termal.sk\/wp-content\/uploads\/2021\/10\/1_2.jpg\" class=\"wp-post-image wp-image-1138\" title=\"1_2\" alt=\"1_2\" srcset=\"https:\/\/www.apartmany-termal.sk\/wp-content\/uploads\/2021\/10\/1_2.jpg 1615w, https:\/\/www.apartmany-termal.sk\/wp-content\/uploads\/2021\/10\/1_2-300x201.jpg 300w, https:\/\/www.apartmany-termal.sk\/wp-content\/uploads\/2021\/10\/1_2-1024x685.jpg 1024w, https:\/\/www.apartmany-termal.sk\/wp-content\/uploads\/2021\/10\/1_2-768x514.jpg 768w, https:\/\/www.apartmany-termal.sk\/wp-content\/uploads\/2021\/10\/1_2-1536x1027.jpg 1536w\" sizes=\"(max-width: 1615px) 100vw, 1615px\" \/>\t\n\t\t<\/div>\n\t<!-- \/image-wrap -->\n    \n    \t<\/div>\n<!-- \/module image --><!-- module image -->\n<div  class=\"module module-image tb_mn0n539   image-center tf_mw\" data-lazy=\"1\">\n        <div class=\"image-wrap tf_rel tf_mw\">\n\t\t    <img loading=\"lazy\" loading=\"lazy\" decoding=\"async\" width=\"1617\" height=\"1080\" src=\"https:\/\/www.apartmany-termal.sk\/wp-content\/uploads\/2021\/10\/2_2.jpg\" class=\"wp-post-image wp-image-1133\" title=\"2_2\" alt=\"2_2\" srcset=\"https:\/\/www.apartmany-termal.sk\/wp-content\/uploads\/2021\/10\/2_2.jpg 1617w, https:\/\/www.apartmany-termal.sk\/wp-content\/uploads\/2021\/10\/2_2-300x200.jpg 300w, https:\/\/www.apartmany-termal.sk\/wp-content\/uploads\/2021\/10\/2_2-1024x684.jpg 1024w, https:\/\/www.apartmany-termal.sk\/wp-content\/uploads\/2021\/10\/2_2-768x513.jpg 768w, https:\/\/www.apartmany-termal.sk\/wp-content\/uploads\/2021\/10\/2_2-1536x1026.jpg 1536w\" sizes=\"auto, (max-width: 1617px) 100vw, 1617px\" \/>\t\n\t\t<\/div>\n\t<!-- \/image-wrap -->\n    \n    \t<\/div>\n<!-- \/module image --><!-- module image -->\n<div  class=\"module module-image tb_1896473   image-center tf_mw\" data-lazy=\"1\">\n        <div class=\"image-wrap tf_rel tf_mw\">\n\t\t    <img loading=\"lazy\" loading=\"lazy\" decoding=\"async\" width=\"1617\" height=\"1080\" src=\"https:\/\/www.apartmany-termal.sk\/wp-content\/uploads\/2021\/10\/3_2.jpg\" class=\"wp-post-image wp-image-1128\" title=\"3_2\" alt=\"3_2\" srcset=\"https:\/\/www.apartmany-termal.sk\/wp-content\/uploads\/2021\/10\/3_2.jpg 1617w, https:\/\/www.apartmany-termal.sk\/wp-content\/uploads\/2021\/10\/3_2-300x200.jpg 300w, https:\/\/www.apartmany-termal.sk\/wp-content\/uploads\/2021\/10\/3_2-1024x684.jpg 1024w, https:\/\/www.apartmany-termal.sk\/wp-content\/uploads\/2021\/10\/3_2-768x513.jpg 768w, https:\/\/www.apartmany-termal.sk\/wp-content\/uploads\/2021\/10\/3_2-1536x1026.jpg 1536w\" sizes=\"auto, (max-width: 1617px) 100vw, 1617px\" \/>\t\n\t\t<\/div>\n\t<!-- \/image-wrap -->\n    \n    \t<\/div>\n<!-- \/module image --><!-- module image -->\n<div  class=\"module module-image tb_m0ey308   image-center tf_mw\" data-lazy=\"1\">\n        <div class=\"image-wrap tf_rel tf_mw\">\n\t\t    <img loading=\"lazy\" loading=\"lazy\" decoding=\"async\" width=\"1617\" height=\"1080\" src=\"https:\/\/www.apartmany-termal.sk\/wp-content\/uploads\/2021\/10\/4_2.jpg\" class=\"wp-post-image wp-image-1123\" title=\"4_2\" alt=\"4_2\" srcset=\"https:\/\/www.apartmany-termal.sk\/wp-content\/uploads\/2021\/10\/4_2.jpg 1617w, https:\/\/www.apartmany-termal.sk\/wp-content\/uploads\/2021\/10\/4_2-300x200.jpg 300w, https:\/\/www.apartmany-termal.sk\/wp-content\/uploads\/2021\/10\/4_2-1024x684.jpg 1024w, https:\/\/www.apartmany-termal.sk\/wp-content\/uploads\/2021\/10\/4_2-768x513.jpg 768w, https:\/\/www.apartmany-termal.sk\/wp-content\/uploads\/2021\/10\/4_2-1536x1026.jpg 1536w\" sizes=\"auto, (max-width: 1617px) 100vw, 1617px\" \/>\t\n\t\t<\/div>\n\t<!-- \/image-wrap -->\n    \n    \t<\/div>\n<!-- \/module image --><!-- module image -->\n<div  class=\"module module-image tb_eaef457   image-center tf_mw\" data-lazy=\"1\">\n        <div class=\"image-wrap tf_rel tf_mw\">\n\t\t    <img loading=\"lazy\" loading=\"lazy\" decoding=\"async\" width=\"1618\" height=\"1080\" src=\"https:\/\/www.apartmany-termal.sk\/wp-content\/uploads\/2021\/10\/5_2.jpg\" class=\"wp-post-image wp-image-1118\" title=\"5_2\" alt=\"5_2\" srcset=\"https:\/\/www.apartmany-termal.sk\/wp-content\/uploads\/2021\/10\/5_2.jpg 1618w, https:\/\/www.apartmany-termal.sk\/wp-content\/uploads\/2021\/10\/5_2-300x200.jpg 300w, https:\/\/www.apartmany-termal.sk\/wp-content\/uploads\/2021\/10\/5_2-1024x684.jpg 1024w, https:\/\/www.apartmany-termal.sk\/wp-content\/uploads\/2021\/10\/5_2-768x513.jpg 768w, https:\/\/www.apartmany-termal.sk\/wp-content\/uploads\/2021\/10\/5_2-1536x1025.jpg 1536w\" sizes=\"auto, (max-width: 1618px) 100vw, 1618px\" \/>\t\n\t\t<\/div>\n\t<!-- \/image-wrap -->\n    \n    \t<\/div>\n<!-- \/module image --><!-- module image -->\n<div  class=\"module module-image tb_x9oc971   image-center tf_mw\" data-lazy=\"1\">\n        <div class=\"image-wrap tf_rel tf_mw\">\n\t\t    <img loading=\"lazy\" loading=\"lazy\" decoding=\"async\" width=\"1618\" height=\"1080\" src=\"https:\/\/www.apartmany-termal.sk\/wp-content\/uploads\/2021\/10\/62_2.jpg\" class=\"wp-post-image wp-image-1113\" title=\"62_2\" alt=\"62_2\" srcset=\"https:\/\/www.apartmany-termal.sk\/wp-content\/uploads\/2021\/10\/62_2.jpg 1618w, https:\/\/www.apartmany-termal.sk\/wp-content\/uploads\/2021\/10\/62_2-300x200.jpg 300w, https:\/\/www.apartmany-termal.sk\/wp-content\/uploads\/2021\/10\/62_2-1024x684.jpg 1024w, https:\/\/www.apartmany-termal.sk\/wp-content\/uploads\/2021\/10\/62_2-768x513.jpg 768w, https:\/\/www.apartmany-termal.sk\/wp-content\/uploads\/2021\/10\/62_2-1536x1025.jpg 1536w\" sizes=\"auto, (max-width: 1618px) 100vw, 1618px\" \/>\t\n\t\t<\/div>\n\t<!-- \/image-wrap -->\n    \n    \t<\/div>\n<!-- \/module image --><!-- module text -->\n<div  class=\"module module-text tb_hbz9375   \" data-lazy=\"1\">\n        <div  class=\"tb_text_wrap\">\n    <div class=\"field field-name-body field-type-text-with-summary field-label-hidden\">\n<div class=\"field-items\">\n<div class=\"field-item even\">\n<div class=\"field field-name-body field-type-text-with-summary field-label-hidden\">\n<div class=\"field-items\">\n<div class=\"field-item even\">\n<p>Apartament dwuosobowy sk\u0142ada si\u0119 z jednego pomieszczenia mieszkalnego z w\u0142asn\u0105 \u0142azienk\u0105 \/dodatkowe \u0142\u00f3\u017cko mo\u017ce by\u0107 zapewnione ( rozci\u0105ganie \u0142\u00f3\u017cka)\/<\/p>\n<p>\u00a0<\/p>\n<p><strong>rozci\u0105ganie \u0142\u00f3\u017cka<\/strong><\/p>\n<p>\u00a0<\/p>\n<\/div>\n<\/div>\n<\/div>\n<div class=\"field field-name-field-vybava field-type-text-with-summary field-label-hidden\">\n<div class=\"field-items\">\n<div class=\"field-item even\">\n<p><strong>Pomieszczenie mieszkalne:<\/strong><\/p>\n<ul>\n<li>\u0142\u00f3\u017cko ma\u0142\u017ce\u0144skie\u00a0<\/li>\n<li>LCD TV,<\/li>\n<li>telefon,<\/li>\n<li>sejf,<\/li>\n<li>bezp\u0142atne po\u0142\u0105czenie Wi-Fi,<\/li>\n<li>st\u00f3\u0142 + sto\u0142ki,<\/li>\n<li>balkon<\/li>\n<\/ul>\n<\/div>\n<\/div>\n<\/div>\n<div class=\"field field-name-field-vybava-vpravo field-type-text-with-summary field-label-hidden\">\n<div class=\"field-items\">\n<div class=\"field-item even\">\n<p>\u00a0<\/p>\n<p><strong>K\u0105t kuchenny z wyposa\u017conym kompletem kuchennym:<\/strong><\/p>\n<ul>\n<li>elektryczna kuchenka dwupalnikowa,<\/li>\n<li>lod\u00f3wka,<\/li>\n<li>kuchenka mikrofalowa,<\/li>\n<li>czajnik elektryczny,<\/li>\n<li>naczynia<\/li>\n<\/ul>\n<p>\u00a0<\/p>\n<p><strong>\u0141azienka:<\/strong><\/p>\n<ul>\n<li>WC z kabin\u0105 prysznicow\u0105<\/li>\n<\/ul>\n<\/div>\n<\/div>\n<\/div>\n<\/div>\n<\/div>\n<\/div>    <\/div>\n<\/div>\n<!-- \/module text -->\t        <\/div>\n\t    \t<\/div>\n\t\t    <\/div>\n\t    <!-- \/row_inner -->\n\t<\/div>\n\t<!-- \/module_row -->\n\t\t<!-- module_row -->\n\t<div  data-lazy=\"1\" class=\"module_row themify_builder_row tb_5lv8671 tf_clearfix\" >\n\t    \t\t<div class=\"row_inner col_align_middle tf_box tf_w tf_rel\">\n\t\t\t<div  data-lazy=\"1\" class=\"module_column tb-column col-full first tb_6j3l671 tf_box\">\n\t\t\t    \t        <div class=\"tb-column-inner tf_box tf_w\">\n\t\t    <!-- module text -->\n<div  class=\"module module-text tb_k2ot672   \" data-lazy=\"1\">\n        <div  class=\"tb_text_wrap\">\n    <div class=\"tb_layout_part_wrap tf_w\"><!--themify_builder_content-->\n    <div  class=\"themify_builder_content themify_builder_content-517 themify_builder not_editable_builder in_the_loop\" data-postid=\"517\">\n        \t<!-- module_row -->\n\t<div  data-lazy=\"1\" class=\"module_row themify_builder_row tb_qmoj352 tf_clearfix\">\n\t    \t\t<div class=\"row_inner col_align_top tf_box tf_w tf_rel\">\n\t\t\t<div  data-lazy=\"1\" class=\"module_column tb-column col-full first tb_nq1m352 tf_box\">\n\t\t\t    \t        <div class=\"tb-column-inner tf_box tf_w\">\n\t\t    <!-- module text -->\n<div  class=\"module module-text tb_ilov346   \" data-lazy=\"1\">\n        <div  class=\"tb_text_wrap\">\n    <h2 style=\"text-align: center;\">CESTA DO APARTM\u00c1NOV TERMAL***<\/h2>    <\/div>\n<\/div>\n<!-- \/module text --><!-- module image -->\n<div  class=\"module module-image tb_hwfa280   image-center tf_mw\" data-lazy=\"1\">\n        <div class=\"image-wrap tf_rel tf_mw\">\n\t\t    <img loading=\"lazy\" decoding=\"async\" loading=\"lazy\" loading=\"lazy\" width=\"1844\" height=\"994\" src=\"https:\/\/www.apartmany-termal.sk\/wp-content\/uploads\/2021\/08\/apartmany-termal-dunajska-streda-trasa.jpg\" class=\"wp-post-image wp-image-128\" title=\"apartmany-termal-dunajska-streda-trasa\" alt=\"apartmany-termal-dunajska-streda-trasa\" srcset=\"https:\/\/www.apartmany-termal.sk\/wp-content\/uploads\/2021\/08\/apartmany-termal-dunajska-streda-trasa.jpg 1844w, https:\/\/www.apartmany-termal.sk\/wp-content\/uploads\/2021\/08\/apartmany-termal-dunajska-streda-trasa-300x162.jpg 300w, https:\/\/www.apartmany-termal.sk\/wp-content\/uploads\/2021\/08\/apartmany-termal-dunajska-streda-trasa-1024x552.jpg 1024w, https:\/\/www.apartmany-termal.sk\/wp-content\/uploads\/2021\/08\/apartmany-termal-dunajska-streda-trasa-768x414.jpg 768w, https:\/\/www.apartmany-termal.sk\/wp-content\/uploads\/2021\/08\/apartmany-termal-dunajska-streda-trasa-1536x828.jpg 1536w\" sizes=\"auto, (max-width: 1844px) 100vw, 1844px\" \/>\t\n\t\t<\/div>\n\t<!-- \/image-wrap -->\n    \n    \t<\/div>\n<!-- \/module image --><!-- module text -->\n<div  class=\"module module-text tb_r2h0146   \" data-lazy=\"1\">\n        <div  class=\"tb_text_wrap\">\n    <p>\u00a01. Skr\u0119\u0107 w prawo przez ramp\u0119 w prawo<br>2. Przejd\u017a 150 metr\u00f3w prosto<br>3. Skr\u0119\u0107 w lewo<br>4. Po 40 metrach skr\u0119\u0107 w prawo, a dotrzesz do Termal Apartments ***<br>5. Po zameldowaniu odbywa si\u0119 w recepcji<br><br>Wsp\u00f3\u0142rz\u0119dne celu GPS (Apartm\u00e1ny Term\u00e1l):<br>\u0161\u00edrka: 47\u00b059&#8217;07.20&#8243; dl\u017eka: 17\u00b036&#8217;29.62&#8243;<\/p>    <\/div>\n<\/div>\n<!-- \/module text -->\t        <\/div>\n\t    \t<\/div>\n\t\t    <\/div>\n\t    <!-- \/row_inner -->\n\t<\/div>\n\t<!-- \/module_row -->\n\t    <\/div>\n<!--\/themify_builder_content--><\/div>\n    <\/div>\n<\/div>\n<!-- \/module text -->\t        <\/div>\n\t    \t<\/div>\n\t\t    <\/div>\n\t    <!-- \/row_inner -->\n\t<\/div>\n\t<!-- \/module_row -->\n\t<\/div>\n<!--\/themify_builder_content-->","protected":false},"excerpt":{"rendered":"<p>ZAREZERWUJ TERAZ, A GWARANTUJEMY CI NAJLEPSZE CENY! Zarezerwuj APARTAMENT A Apartament dwuosobowy sk\u0142ada si\u0119 z jednego pomieszczenia mieszkalnego z w\u0142asn\u0105 \u0142azienk\u0105 \/dodatkowe \u0142\u00f3\u017cko mo\u017ce by\u0107 zapewnione ( rozci\u0105ganie \u0142\u00f3\u017cka)\/ \u00a0 rozci\u0105ganie \u0142\u00f3\u017cka \u00a0 Pomieszczenie mieszkalne: \u0142\u00f3\u017cko ma\u0142\u017ce\u0144skie\u00a0 LCD TV, telefon, sejf, bezp\u0142atne po\u0142\u0105czenie Wi-Fi, st\u00f3\u0142 + sto\u0142ki, balkon \u00a0 K\u0105t kuchenny z wyposa\u017conym kompletem kuchennym: [&hellip;]<\/p>\n","protected":false},"author":1,"featured_media":0,"parent":0,"menu_order":0,"comment_status":"closed","ping_status":"closed","template":"","meta":{"footnotes":""},"class_list":["post-437","page","type-page","status-publish","hentry","has-post-title","has-post-date","has-post-category","has-post-tag","has-post-comment","has-post-author",""],"builder_content":"ZAREZERWUJ TERAZ, A GWARANTUJEMY CI NAJLEPSZE CENY!\n<a href=\"https:\/\/www.secure-hotel-booking.com\/smart\/Apartmany-Termal\/2C8X\/pl\/\" > Zarezerwuj <\/a>\n<h1 id=\"page-title\" style=\"text-align: center;\">APARTAMENT A<\/h1>\n<img fetchpriority=\"high\" decoding=\"async\" width=\"637\" height=\"1080\" src=\"https:\/\/www.apartmany-termal.sk\/wp-content\/uploads\/2021\/10\/izba.png\" title=\"izba\" alt=\"izba\" srcset=\"https:\/\/www.apartmany-termal.sk\/wp-content\/uploads\/2021\/10\/izba.png 637w, https:\/\/www.apartmany-termal.sk\/wp-content\/uploads\/2021\/10\/izba-177x300.png 177w, https:\/\/www.apartmany-termal.sk\/wp-content\/uploads\/2021\/10\/izba-604x1024.png 604w\" sizes=\"(max-width: 637px) 100vw, 637px\" \/>\n<img decoding=\"async\" width=\"637\" height=\"1080\" src=\"https:\/\/www.apartmany-termal.sk\/wp-content\/uploads\/2021\/10\/izba_fake.png\" title=\"izba_fake\" alt=\"izba_fake\" srcset=\"https:\/\/www.apartmany-termal.sk\/wp-content\/uploads\/2021\/10\/izba_fake.png 637w, https:\/\/www.apartmany-termal.sk\/wp-content\/uploads\/2021\/10\/izba_fake-177x300.png 177w, https:\/\/www.apartmany-termal.sk\/wp-content\/uploads\/2021\/10\/izba_fake-604x1024.png 604w\" sizes=\"(max-width: 637px) 100vw, 637px\" \/>\n<img decoding=\"async\" width=\"1615\" height=\"1080\" src=\"https:\/\/www.apartmany-termal.sk\/wp-content\/uploads\/2021\/10\/1_2.jpg\" title=\"1_2\" alt=\"1_2\" srcset=\"https:\/\/www.apartmany-termal.sk\/wp-content\/uploads\/2021\/10\/1_2.jpg 1615w, https:\/\/www.apartmany-termal.sk\/wp-content\/uploads\/2021\/10\/1_2-300x201.jpg 300w, https:\/\/www.apartmany-termal.sk\/wp-content\/uploads\/2021\/10\/1_2-1024x685.jpg 1024w, https:\/\/www.apartmany-termal.sk\/wp-content\/uploads\/2021\/10\/1_2-768x514.jpg 768w, https:\/\/www.apartmany-termal.sk\/wp-content\/uploads\/2021\/10\/1_2-1536x1027.jpg 1536w\" sizes=\"(max-width: 1615px) 100vw, 1615px\" \/>\n<img loading=\"lazy\" decoding=\"async\" width=\"1617\" height=\"1080\" src=\"https:\/\/www.apartmany-termal.sk\/wp-content\/uploads\/2021\/10\/2_2.jpg\" title=\"2_2\" alt=\"2_2\" srcset=\"https:\/\/www.apartmany-termal.sk\/wp-content\/uploads\/2021\/10\/2_2.jpg 1617w, https:\/\/www.apartmany-termal.sk\/wp-content\/uploads\/2021\/10\/2_2-300x200.jpg 300w, https:\/\/www.apartmany-termal.sk\/wp-content\/uploads\/2021\/10\/2_2-1024x684.jpg 1024w, https:\/\/www.apartmany-termal.sk\/wp-content\/uploads\/2021\/10\/2_2-768x513.jpg 768w, https:\/\/www.apartmany-termal.sk\/wp-content\/uploads\/2021\/10\/2_2-1536x1026.jpg 1536w\" sizes=\"(max-width: 1617px) 100vw, 1617px\" \/>\n<img loading=\"lazy\" decoding=\"async\" width=\"1617\" height=\"1080\" src=\"https:\/\/www.apartmany-termal.sk\/wp-content\/uploads\/2021\/10\/3_2.jpg\" title=\"3_2\" alt=\"3_2\" srcset=\"https:\/\/www.apartmany-termal.sk\/wp-content\/uploads\/2021\/10\/3_2.jpg 1617w, https:\/\/www.apartmany-termal.sk\/wp-content\/uploads\/2021\/10\/3_2-300x200.jpg 300w, https:\/\/www.apartmany-termal.sk\/wp-content\/uploads\/2021\/10\/3_2-1024x684.jpg 1024w, https:\/\/www.apartmany-termal.sk\/wp-content\/uploads\/2021\/10\/3_2-768x513.jpg 768w, https:\/\/www.apartmany-termal.sk\/wp-content\/uploads\/2021\/10\/3_2-1536x1026.jpg 1536w\" sizes=\"(max-width: 1617px) 100vw, 1617px\" \/>\n<img loading=\"lazy\" decoding=\"async\" width=\"1617\" height=\"1080\" src=\"https:\/\/www.apartmany-termal.sk\/wp-content\/uploads\/2021\/10\/4_2.jpg\" title=\"4_2\" alt=\"4_2\" srcset=\"https:\/\/www.apartmany-termal.sk\/wp-content\/uploads\/2021\/10\/4_2.jpg 1617w, https:\/\/www.apartmany-termal.sk\/wp-content\/uploads\/2021\/10\/4_2-300x200.jpg 300w, https:\/\/www.apartmany-termal.sk\/wp-content\/uploads\/2021\/10\/4_2-1024x684.jpg 1024w, https:\/\/www.apartmany-termal.sk\/wp-content\/uploads\/2021\/10\/4_2-768x513.jpg 768w, https:\/\/www.apartmany-termal.sk\/wp-content\/uploads\/2021\/10\/4_2-1536x1026.jpg 1536w\" sizes=\"(max-width: 1617px) 100vw, 1617px\" \/>\n<img loading=\"lazy\" decoding=\"async\" width=\"1618\" height=\"1080\" src=\"https:\/\/www.apartmany-termal.sk\/wp-content\/uploads\/2021\/10\/5_2.jpg\" title=\"5_2\" alt=\"5_2\" srcset=\"https:\/\/www.apartmany-termal.sk\/wp-content\/uploads\/2021\/10\/5_2.jpg 1618w, https:\/\/www.apartmany-termal.sk\/wp-content\/uploads\/2021\/10\/5_2-300x200.jpg 300w, https:\/\/www.apartmany-termal.sk\/wp-content\/uploads\/2021\/10\/5_2-1024x684.jpg 1024w, https:\/\/www.apartmany-termal.sk\/wp-content\/uploads\/2021\/10\/5_2-768x513.jpg 768w, https:\/\/www.apartmany-termal.sk\/wp-content\/uploads\/2021\/10\/5_2-1536x1025.jpg 1536w\" sizes=\"(max-width: 1618px) 100vw, 1618px\" \/>\n<img loading=\"lazy\" decoding=\"async\" width=\"1618\" height=\"1080\" src=\"https:\/\/www.apartmany-termal.sk\/wp-content\/uploads\/2021\/10\/62_2.jpg\" title=\"62_2\" alt=\"62_2\" srcset=\"https:\/\/www.apartmany-termal.sk\/wp-content\/uploads\/2021\/10\/62_2.jpg 1618w, https:\/\/www.apartmany-termal.sk\/wp-content\/uploads\/2021\/10\/62_2-300x200.jpg 300w, https:\/\/www.apartmany-termal.sk\/wp-content\/uploads\/2021\/10\/62_2-1024x684.jpg 1024w, https:\/\/www.apartmany-termal.sk\/wp-content\/uploads\/2021\/10\/62_2-768x513.jpg 768w, https:\/\/www.apartmany-termal.sk\/wp-content\/uploads\/2021\/10\/62_2-1536x1025.jpg 1536w\" sizes=\"(max-width: 1618px) 100vw, 1618px\" \/>\n<p>Apartament dwuosobowy sk\u0142ada si\u0119 z jednego pomieszczenia mieszkalnego z w\u0142asn\u0105 \u0142azienk\u0105 \/dodatkowe \u0142\u00f3\u017cko mo\u017ce by\u0107 zapewnione ( rozci\u0105ganie \u0142\u00f3\u017cka)\/<\/p> <p>\u00a0<\/p> <p><strong>rozci\u0105ganie \u0142\u00f3\u017cka<\/strong><\/p> <p>\u00a0<\/p>\n<p><strong>Pomieszczenie mieszkalne:<\/strong><\/p> <ul> <li>\u0142\u00f3\u017cko ma\u0142\u017ce\u0144skie\u00a0<\/li> <li>LCD TV,<\/li> <li>telefon,<\/li> <li>sejf,<\/li> <li>bezp\u0142atne po\u0142\u0105czenie Wi-Fi,<\/li> <li>st\u00f3\u0142 + sto\u0142ki,<\/li> <li>balkon<\/li> <\/ul>\n<p>\u00a0<\/p> <p><strong>K\u0105t kuchenny z wyposa\u017conym kompletem kuchennym:<\/strong><\/p> <ul> <li>elektryczna kuchenka dwupalnikowa,<\/li> <li>lod\u00f3wka,<\/li> <li>kuchenka mikrofalowa,<\/li> <li>czajnik elektryczny,<\/li> <li>naczynia<\/li> <\/ul> <p>\u00a0<\/p> <p><strong>\u0141azienka:<\/strong><\/p> <ul> <li>WC z kabin\u0105 prysznicow\u0105<\/li> <\/ul>\n<p>[themify_layout_part id=517]<\/p>","_links":{"self":[{"href":"https:\/\/www.apartmany-termal.sk\/pl\/wp-json\/wp\/v2\/pages\/437","targetHints":{"allow":["GET"]}}],"collection":[{"href":"https:\/\/www.apartmany-termal.sk\/pl\/wp-json\/wp\/v2\/pages"}],"about":[{"href":"https:\/\/www.apartmany-termal.sk\/pl\/wp-json\/wp\/v2\/types\/page"}],"author":[{"embeddable":true,"href":"https:\/\/www.apartmany-termal.sk\/pl\/wp-json\/wp\/v2\/users\/1"}],"replies":[{"embeddable":true,"href":"https:\/\/www.apartmany-termal.sk\/pl\/wp-json\/wp\/v2\/comments?post=437"}],"version-history":[{"count":0,"href":"https:\/\/www.apartmany-termal.sk\/pl\/wp-json\/wp\/v2\/pages\/437\/revisions"}],"wp:attachment":[{"href":"https:\/\/www.apartmany-termal.sk\/pl\/wp-json\/wp\/v2\/media?parent=437"}],"curies":[{"name":"wp","href":"https:\/\/api.w.org\/{rel}","templated":true}]}}